{"id":355,"date":"2026-04-06T16:53:40","date_gmt":"2026-04-06T16:53:40","guid":{"rendered":"https:\/\/shinee.azdigi.shop\/?post_type=product&#038;p=355"},"modified":"2026-04-06T18:12:26","modified_gmt":"2026-04-06T18:12:26","slug":"nhan-cau-hon-twinkle-strap-nch1701","status":"publish","type":"product","link":"https:\/\/shinee.azdigi.shop\/?product=nhan-cau-hon-twinkle-strap-nch1701","title":{"rendered":"Nh\u1eabn c\u1ea7u h\u00f4n Twinkle Strap NCH1701"},"content":{"rendered":"<h1 data-path-to-node=\"6\">Nh\u1eabn C\u1ea7u H\u00f4n Kim C\u01b0\u01a1ng Twist: S\u1ef1 K\u1ebft H\u1ee3p Ho\u00e0n H\u1ea3o Gi\u1eefa Ngh\u1ec7 Thu\u1eadt V\u00e0 T\u00ecnh Y\u00eau<\/h1>\n<p><img loading=\"lazy\" decoding=\"async\" class=\"alignnone  wp-image-322\" src=\"https:\/\/shinee.azdigi.shop\/wp-content\/uploads\/2026\/03\/Nhan-bac-nu-dinh-kim-cuong-Moissanite-hinh-chiec-no-Aneurin-LILI_053411_5-150x150.jpg\" alt=\"\" width=\"198\" height=\"198\" srcset=\"https:\/\/shinee.azdigi.shop\/wp-content\/uploads\/2026\/03\/Nhan-bac-nu-dinh-kim-cuong-Moissanite-hinh-chiec-no-Aneurin-LILI_053411_5-150x150.jpg 150w, https:\/\/shinee.azdigi.shop\/wp-content\/uploads\/2026\/03\/Nhan-bac-nu-dinh-kim-cuong-Moissanite-hinh-chiec-no-Aneurin-LILI_053411_5-300x300.jpg 300w, https:\/\/shinee.azdigi.shop\/wp-content\/uploads\/2026\/03\/Nhan-bac-nu-dinh-kim-cuong-Moissanite-hinh-chiec-no-Aneurin-LILI_053411_5-768x768.jpg 768w, https:\/\/shinee.azdigi.shop\/wp-content\/uploads\/2026\/03\/Nhan-bac-nu-dinh-kim-cuong-Moissanite-hinh-chiec-no-Aneurin-LILI_053411_5-600x600.jpg 600w, https:\/\/shinee.azdigi.shop\/wp-content\/uploads\/2026\/03\/Nhan-bac-nu-dinh-kim-cuong-Moissanite-hinh-chiec-no-Aneurin-LILI_053411_5-100x100.jpg 100w, https:\/\/shinee.azdigi.shop\/wp-content\/uploads\/2026\/03\/Nhan-bac-nu-dinh-kim-cuong-Moissanite-hinh-chiec-no-Aneurin-LILI_053411_5.jpg 800w\" sizes=\"auto, (max-width: 198px) 100vw, 198px\" \/><\/p>\n<p data-path-to-node=\"7\">M\u1eabu <b data-path-to-node=\"7\" data-index-in-node=\"4\">nh\u1eabn c\u1ea7u h\u00f4n kim c\u01b0\u01a1ng Twist<\/b> s\u1edf h\u1eefu thi\u1ebft k\u1ebf d\u00e2y \u0111an ch\u00e9o m\u1ec1m m\u1ea1i. \u0110\u00e2y lu\u00f4n l\u00e0 l\u1ef1a ch\u1ecdn h\u00e0ng \u0111\u1ea7u \u0111\u1ec3 c\u00e1c ch\u00e0ng trai chi\u1ebfm tr\u1ecdn tr\u00e1i tim ng\u01b0\u1eddi th\u01b0\u01a1ng. Ch\u00fang t\u00f4i gi\u1edbi thi\u1ec7u hai d\u00f2ng phi\u00ean b\u1ea3n: <b data-path-to-node=\"7\" data-index-in-node=\"194\">Normal<\/b> v\u00e0 <b data-path-to-node=\"7\" data-index-in-node=\"204\">Premium<\/b>. \u0110i\u1ec1u n\u00e0y mang \u0111\u1ebfn s\u1ef1 linh ho\u1ea1t t\u1ed1i \u0111a cho m\u1ecdi kh\u00e1ch h\u00e0ng.<\/p>\n<h3 data-path-to-node=\"8\">1. Thi\u1ebft k\u1ebf Twist \u2013 N\u00e9t \u0111\u1eb9p c\u1ee7a s\u1ef1 g\u1eafn k\u1ebft<\/h3>\n<p data-path-to-node=\"9\">Thi\u1ebft k\u1ebf \u0111ai xo\u1eafn (Twist) mang \u00fd ngh\u0129a bi\u1ec3u t\u01b0\u1ee3ng s\u00e2u s\u1eafc. \u0110\u00f3 l\u00e0 hai t\u00e2m h\u1ed3n h\u00f2a quy\u1ec7n v\u00e0 c\u00f9ng nhau v\u01b0\u1ee3t qua m\u1ecdi th\u0103ng tr\u1ea7m. Nh\u1eefng \u0111\u01b0\u1eddng cong tinh t\u1ebf \u00f4m l\u1ea5y vi\u00ean \u0111\u00e1 ch\u1ee7 r\u1ea5t kh\u00e9o l\u00e9o. Ch\u00fang gi\u00fap \u0111\u00f4i b\u00e0n tay ph\u00e1i \u0111\u1eb9p th\u00eam ph\u1ea7n thanh tho\u00e1t v\u00e0 sang tr\u1ecdng.<\/p>\n<h3 data-path-to-node=\"10\">2. Ph\u00e2n lo\u1ea1i phi\u00ean b\u1ea3n: Normal v\u00e0 Premium<\/h3>\n<p data-path-to-node=\"11\">H\u00e3y c\u00f9ng \u0111i\u1ec3m qua s\u1ef1 kh\u00e1c bi\u1ec7t gi\u1eefa hai d\u00f2ng s\u1ea3n ph\u1ea9m n\u00e0y. Hy v\u1ecdng b\u1ea1n s\u1ebd c\u00f3 l\u1ef1a ch\u1ecdn ph\u00f9 h\u1ee3p nh\u1ea5t:<\/p>\n<p data-path-to-node=\"12\"><b data-path-to-node=\"12\" data-index-in-node=\"0\">D\u00f2ng Normal (Phi\u00ean b\u1ea3n Ti\u00eau chu\u1ea9n)<\/b> D\u00f2ng Normal t\u1eadp trung v\u00e0o t\u00ednh \u1ee9ng d\u1ee5ng cao v\u00e0 v\u1ebb \u0111\u1eb9p tr\u1ebb trung. S\u1ea3n ph\u1ea9m ph\u00f9 h\u1ee3p cho nh\u1eefng c\u1eb7p \u0111\u00f4i y\u00eau th\u00edch s\u1ef1 tinh gi\u1ea3n.<\/p>\n<ul data-path-to-node=\"13\">\n<li>\n<p data-path-to-node=\"13,0,0\"><b data-path-to-node=\"13,0,0\" data-index-in-node=\"0\">Ch\u1ea5t li\u1ec7u:<\/b> Ch\u1ebf t\u00e1c t\u1eeb B\u1ea1c S925 m\u1ea1 \u0111i\u1ec7n ho\u1eb7c V\u00e0ng 10K\/14K.<\/p>\n<\/li>\n<li>\n<p data-path-to-node=\"13,1,0\"><b data-path-to-node=\"13,1,0\" data-index-in-node=\"0\">\u0110\u00e1 ch\u1ee7:<\/b> S\u1eed d\u1ee5ng \u0111\u00e1 Cubic Zirconia (CZ) ho\u1eb7c Moissanite lo\u1ea1i 1. Lo\u1ea1i \u0111\u00e1 n\u00e0y c\u00f3 \u0111\u1ed9 b\u1eaft s\u00e1ng tuy\u1ec7t v\u1eddi.<\/p>\n<\/li>\n<li>\n<p data-path-to-node=\"13,2,0\"><b data-path-to-node=\"13,2,0\" data-index-in-node=\"0\">\u01afu \u0111i\u1ec3m:<\/b> Gi\u00e1 th\u00e0nh h\u1ee3p l\u00fd v\u00e0 d\u1ec5 d\u00e0ng thay \u0111\u1ed5i theo xu h\u01b0\u1edbng. B\u1ea1n c\u00f3 th\u1ec3 \u0111eo h\u00e0ng ng\u00e0y m\u00e0 kh\u00f4ng lo ng\u1ea1i v\u1ec1 b\u1ea3o qu\u1ea3n.<\/p>\n<\/li>\n<\/ul>\n<p data-path-to-node=\"14\"><b data-path-to-node=\"14\" data-index-in-node=\"0\">D\u00f2ng Premium (Phi\u00ean b\u1ea3n Cao c\u1ea5p)<\/b> D\u00f2ng Premium l\u00e0 bi\u1ec3u t\u01b0\u1ee3ng c\u1ee7a s\u1ef1 xa hoa v\u00e0 gi\u00e1 tr\u1ecb v\u0129nh c\u1eedu. S\u1ea3n ph\u1ea9m d\u00e0nh cho nh\u1eefng kho\u1ea3nh kh\u1eafc tr\u1ecdng \u0111\u1ea1i nh\u1ea5t cu\u1ed9c \u0111\u1eddi.<\/p>\n<ul data-path-to-node=\"15\">\n<li>\n<p data-path-to-node=\"15,0,0\"><b data-path-to-node=\"15,0,0\" data-index-in-node=\"0\">Ch\u1ea5t li\u1ec7u:<\/b> Ch\u1ebf t\u00e1c t\u1eeb V\u00e0ng 18K ho\u1eb7c B\u1ea1ch kim (Platinum) nguy\u00ean kh\u1ed1i.<\/p>\n<\/li>\n<li>\n<p data-path-to-node=\"15,1,0\"><b data-path-to-node=\"15,1,0\" data-index-in-node=\"0\">\u0110\u00e1 ch\u1ee7:<\/b> Kim c\u01b0\u01a1ng thi\u00ean nhi\u00ean \u0111\u1ea1t ch\u1ee9ng nh\u1eadn qu\u1ed1c t\u1ebf (GIA). Vi\u00ean \u0111\u00e1 s\u1edf h\u1eefu \u0111\u1ed9 l\u1eeda r\u1ef1c r\u1ee1 v\u00e0 gi\u00e1 tr\u1ecb t\u00edch tr\u1eef cao.<\/p>\n<\/li>\n<li>\n<p data-path-to-node=\"15,2,0\"><b data-path-to-node=\"15,2,0\" data-index-in-node=\"0\">Ch\u1ebf t\u00e1c:<\/b> \u0110\u00e1 t\u1ea5m \u0111\u01b0\u1ee3c n\u1ea1m th\u1ee7 c\u00f4ng d\u01b0\u1edbi k\u00ednh hi\u1ec3n vi. \u0110\u1ed9 ho\u00e0n thi\u1ec7n s\u1eafc s\u1ea3o \u0111\u1ebfn t\u1eebng milimet.<\/p>\n<\/li>\n<\/ul>\n<h3 data-path-to-node=\"16\">3. Ba s\u1eafc m\u00e0u th\u1eddi th\u01b0\u1ee3ng tr\u00ean c\u1ea3 hai d\u00f2ng s\u1ea3n ph\u1ea9m<\/h3>\n<p data-path-to-node=\"17\">C\u1ea3 hai d\u00f2ng Normal v\u00e0 Premium \u0111\u1ec1u c\u00f3 s\u1eb5n 3 t\u00f4ng m\u00e0u ch\u1ee7 \u0111\u1ea1o:<\/p>\n<ul data-path-to-node=\"18\">\n<li>\n<p data-path-to-node=\"18,0,0\"><b data-path-to-node=\"18,0,0\" data-index-in-node=\"0\">V\u00e0ng H\u1ed3ng (Rose Gold):<\/b> Mang l\u1ea1i n\u00e9t l\u00e3ng m\u1ea1n, \u1ea5m \u00e1p v\u00e0 c\u1ef1c k\u1ef3 t\u00f4n da.<\/p>\n<\/li>\n<li>\n<p data-path-to-node=\"18,1,0\"><b data-path-to-node=\"18,1,0\" data-index-in-node=\"0\">V\u00e0ng Tr\u1eafng \/ B\u1ea1c (White Gold\/Silver):<\/b> \u0110\u1ea1i di\u1ec7n cho s\u1ef1 tinh kh\u00f4i v\u00e0 hi\u1ec7n \u0111\u1ea1i.<\/p>\n<\/li>\n<li>\n<p data-path-to-node=\"18,2,0\"><b data-path-to-node=\"18,2,0\" data-index-in-node=\"0\">V\u00e0ng V\u00e0ng (Yellow Gold):<\/b> V\u1ebb \u0111\u1eb9p c\u1ed5 \u0111i\u1ec3n, qu\u00fd ph\u00e1i v\u00e0 kh\u00f4ng bao gi\u1edd l\u1ed7i m\u1ed1t.<\/p>\n<\/li>\n<\/ul>\n<h3 data-path-to-node=\"19\">4. T\u1ea1i sao n\u00ean ch\u1ecdn nh\u1eabn c\u1ea7u h\u00f4n t\u1ea1i c\u1eeda h\u00e0ng ch\u00fang t\u00f4i?<\/h3>\n<p data-path-to-node=\"20\">Ch\u00fang t\u00f4i cam k\u1ebft mang \u0111\u1ebfn nh\u1eefng m\u1eabu <b data-path-to-node=\"20\" data-index-in-node=\"37\">nh\u1eabn c\u1ea7u h\u00f4n kim c\u01b0\u01a1ng Twist<\/b> ch\u1ea5t l\u01b0\u1ee3ng nh\u1ea5t. C\u1eeda h\u00e0ng c\u00f3 ch\u00ednh s\u00e1ch b\u1ea3o h\u00e0nh tr\u1ecdn \u0111\u1eddi v\u00e0 l\u00e0m s\u00e1ng mi\u1ec5n ph\u00ed. Ch\u00fang t\u00f4i c\u0169ng t\u01b0 v\u1ea5n size tay ch\u00ednh x\u00e1c cho kh\u00e1ch h\u00e0ng. B\u1ea1n ho\u00e0n to\u00e0n c\u00f3 th\u1ec3 y\u00ean t\u00e2m trao g\u1eedi ni\u1ec1m tin cho ng\u00e0y tr\u1ecdng \u0111\u1ea1i.<\/p>\n","protected":false},"excerpt":{"rendered":"<p><b data-path-to-node=\"7,0\" data-index-in-node=\"1\">Nh\u1eabn c\u1ea7u h\u00f4n kim c\u01b0\u01a1ng Twist<\/b> s\u1edf h\u1eefu thi\u1ebft k\u1ebf \u0111ai xo\u1eafn \u0111\u1ed9c \u0111\u00e1o, t\u00f4n vinh n\u00e9t d\u1ecbu d\u00e0ng c\u1ee7a ph\u00e1i \u0111\u1eb9p. Phi\u00ean b\u1ea3n <b data-path-to-node=\"7,0\" data-index-in-node=\"110\">Normal<\/b> s\u1eed d\u1ee5ng \u0111\u00e1 CZ\/Moissanite s\u00e1ng b\u00f3ng, trong khi d\u00f2ng <b data-path-to-node=\"7,0\" data-index-in-node=\"168\">Premium<\/b> ki\u00eau sa v\u1edbi kim c\u01b0\u01a1ng thi\u00ean nhi\u00ean v\u00e0 v\u00e0ng 18K\/B\u1ea1ch kim. C\u00f3 \u0111\u1ee7 3 m\u00e0u: V\u00e0ng h\u1ed3ng, B\u1ea1c v\u00e0 V\u00e0ng truy\u1ec1n th\u1ed1ng, ph\u00f9 h\u1ee3p cho m\u1ecdi kho\u1ea3nh kh\u1eafc c\u1ea7u h\u00f4n tr\u1ecdng \u0111\u1ea1i.<\/p>\n","protected":false},"featured_media":322,"comment_status":"open","ping_status":"closed","template":"","meta":[],"product_brand":[],"product_cat":[19],"product_tag":[],"class_list":{"0":"post-355","1":"product","2":"type-product","3":"status-publish","4":"has-post-thumbnail","6":"product_cat-chua-phan-loai","8":"first","9":"instock","10":"shipping-taxable","11":"purchasable","12":"product-type-variable"},"yoast_head":"<!-- This site is optimized with the Yoast SEO plugin v26.9 - https:\/\/yoast.com\/product\/yoast-seo-wordpress\/ -->\n<title>Nh\u1eabn C\u1ea7u H\u00f4n Kim C\u01b0\u01a1ng Twist: D\u00f2ng Normal &amp; Premium<\/title>\n<meta name=\"description\" content=\"Kh\u00e1m ph\u00e1 m\u1eabu nh\u1eabn c\u1ea7u h\u00f4n kim c\u01b0\u01a1ng Twist v\u1edbi hai l\u1ef1a ch\u1ecdn Normal v\u00e0 Premium. \u0110a d\u1ea1ng ch\u1ea5t li\u1ec7u V\u00e0ng h\u1ed3ng, B\u1ea1c, V\u00e0ng tr\u1eafng ph\u1ee5c v\u1ee5 m\u1ecdi nhu c\u1ea7u c\u1ee7a b\u1ea1n.\" \/>\n<meta name=\"robots\" content=\"index, follow, max-snippet:-1, max-image-preview:large, max-video-preview:-1\" \/>\n<link rel=\"canonical\" href=\"https:\/\/shinee.azdigi.shop\/?product=nhan-cau-hon-twinkle-strap-nch1701\" \/>\n<meta property=\"og:locale\" content=\"vi_VN\" \/>\n<meta property=\"og:type\" content=\"article\" \/>\n<meta property=\"og:title\" content=\"Nh\u1eabn C\u1ea7u H\u00f4n Kim C\u01b0\u01a1ng Twist: D\u00f2ng Normal &amp; Premium\" \/>\n<meta property=\"og:description\" content=\"Kh\u00e1m ph\u00e1 m\u1eabu nh\u1eabn c\u1ea7u h\u00f4n kim c\u01b0\u01a1ng Twist v\u1edbi hai l\u1ef1a ch\u1ecdn Normal v\u00e0 Premium. \u0110a d\u1ea1ng ch\u1ea5t li\u1ec7u V\u00e0ng h\u1ed3ng, B\u1ea1c, V\u00e0ng tr\u1eafng ph\u1ee5c v\u1ee5 m\u1ecdi nhu c\u1ea7u c\u1ee7a b\u1ea1n.\" \/>\n<meta property=\"og:url\" content=\"https:\/\/shinee.azdigi.shop\/?product=nhan-cau-hon-twinkle-strap-nch1701\" \/>\n<meta property=\"og:site_name\" content=\"Blink Jewelry\" \/>\n<meta property=\"article:modified_time\" content=\"2026-04-06T18:12:26+00:00\" \/>\n<meta property=\"og:image\" content=\"https:\/\/shinee.azdigi.shop\/wp-content\/uploads\/2026\/03\/Nhan-bac-nu-dinh-kim-cuong-Moissanite-hinh-chiec-no-Aneurin-LILI_053411_5.jpg\" \/>\n\t<meta property=\"og:image:width\" content=\"800\" \/>\n\t<meta property=\"og:image:height\" content=\"800\" \/>\n\t<meta property=\"og:image:type\" content=\"image\/jpeg\" \/>\n<meta name=\"twitter:card\" content=\"summary_large_image\" \/>\n<meta name=\"twitter:label1\" content=\"\u01af\u1edbc t\u00ednh th\u1eddi gian \u0111\u1ecdc\" \/>\n\t<meta name=\"twitter:data1\" content=\"4 ph\u00fat\" \/>\n<script type=\"application\/ld+json\" class=\"yoast-schema-graph\">{\"@context\":\"https:\/\/schema.org\",\"@graph\":[{\"@type\":\"WebPage\",\"@id\":\"https:\/\/shinee.azdigi.shop\/?product=nhan-cau-hon-twinkle-strap-nch1701\",\"url\":\"https:\/\/shinee.azdigi.shop\/?product=nhan-cau-hon-twinkle-strap-nch1701\",\"name\":\"Nh\u1eabn C\u1ea7u H\u00f4n Kim C\u01b0\u01a1ng Twist: D\u00f2ng Normal & Premium\",\"isPartOf\":{\"@id\":\"https:\/\/shinee.azdigi.shop\/#website\"},\"primaryImageOfPage\":{\"@id\":\"https:\/\/shinee.azdigi.shop\/?product=nhan-cau-hon-twinkle-strap-nch1701#primaryimage\"},\"image\":{\"@id\":\"https:\/\/shinee.azdigi.shop\/?product=nhan-cau-hon-twinkle-strap-nch1701#primaryimage\"},\"thumbnailUrl\":\"https:\/\/shinee.azdigi.shop\/wp-content\/uploads\/2026\/03\/Nhan-bac-nu-dinh-kim-cuong-Moissanite-hinh-chiec-no-Aneurin-LILI_053411_5.jpg\",\"datePublished\":\"2026-04-06T16:53:40+00:00\",\"dateModified\":\"2026-04-06T18:12:26+00:00\",\"description\":\"Kh\u00e1m ph\u00e1 m\u1eabu nh\u1eabn c\u1ea7u h\u00f4n kim c\u01b0\u01a1ng Twist v\u1edbi hai l\u1ef1a ch\u1ecdn Normal v\u00e0 Premium. \u0110a d\u1ea1ng ch\u1ea5t li\u1ec7u V\u00e0ng h\u1ed3ng, B\u1ea1c, V\u00e0ng tr\u1eafng ph\u1ee5c v\u1ee5 m\u1ecdi nhu c\u1ea7u c\u1ee7a b\u1ea1n.\",\"breadcrumb\":{\"@id\":\"https:\/\/shinee.azdigi.shop\/?product=nhan-cau-hon-twinkle-strap-nch1701#breadcrumb\"},\"inLanguage\":\"vi\",\"potentialAction\":[{\"@type\":\"ReadAction\",\"target\":[\"https:\/\/shinee.azdigi.shop\/?product=nhan-cau-hon-twinkle-strap-nch1701\"]}]},{\"@type\":\"ImageObject\",\"inLanguage\":\"vi\",\"@id\":\"https:\/\/shinee.azdigi.shop\/?product=nhan-cau-hon-twinkle-strap-nch1701#primaryimage\",\"url\":\"https:\/\/shinee.azdigi.shop\/wp-content\/uploads\/2026\/03\/Nhan-bac-nu-dinh-kim-cuong-Moissanite-hinh-chiec-no-Aneurin-LILI_053411_5.jpg\",\"contentUrl\":\"https:\/\/shinee.azdigi.shop\/wp-content\/uploads\/2026\/03\/Nhan-bac-nu-dinh-kim-cuong-Moissanite-hinh-chiec-no-Aneurin-LILI_053411_5.jpg\",\"width\":800,\"height\":800},{\"@type\":\"BreadcrumbList\",\"@id\":\"https:\/\/shinee.azdigi.shop\/?product=nhan-cau-hon-twinkle-strap-nch1701#breadcrumb\",\"itemListElement\":[{\"@type\":\"ListItem\",\"position\":1,\"name\":\"Trang ch\u1ee7\",\"item\":\"https:\/\/shinee.azdigi.shop\/\"},{\"@type\":\"ListItem\",\"position\":2,\"name\":\"C\u1eeda h\u00e0ng\",\"item\":\"https:\/\/shinee.azdigi.shop\/?page_id=295\"},{\"@type\":\"ListItem\",\"position\":3,\"name\":\"Nh\u1eabn c\u1ea7u h\u00f4n Twinkle Strap NCH1701\"}]},{\"@type\":\"WebSite\",\"@id\":\"https:\/\/shinee.azdigi.shop\/#website\",\"url\":\"https:\/\/shinee.azdigi.shop\/\",\"name\":\"Blink Jewelry\",\"description\":\"\",\"publisher\":{\"@id\":\"https:\/\/shinee.azdigi.shop\/#\/schema\/person\/7b844dc57e2f534561c4e46d6d4d17a5\"},\"potentialAction\":[{\"@type\":\"SearchAction\",\"target\":{\"@type\":\"EntryPoint\",\"urlTemplate\":\"https:\/\/shinee.azdigi.shop\/?s={search_term_string}\"},\"query-input\":{\"@type\":\"PropertyValueSpecification\",\"valueRequired\":true,\"valueName\":\"search_term_string\"}}],\"inLanguage\":\"vi\"},{\"@type\":[\"Person\",\"Organization\"],\"@id\":\"https:\/\/shinee.azdigi.shop\/#\/schema\/person\/7b844dc57e2f534561c4e46d6d4d17a5\",\"name\":\"Hong Tuy\",\"image\":{\"@type\":\"ImageObject\",\"inLanguage\":\"vi\",\"@id\":\"https:\/\/shinee.azdigi.shop\/#\/schema\/person\/image\/\",\"url\":\"https:\/\/shinee.azdigi.shop\/wp-content\/uploads\/2026\/02\/z7517737342045_cb6c96e3731c5955a4f972a435896434.jpg\",\"contentUrl\":\"https:\/\/shinee.azdigi.shop\/wp-content\/uploads\/2026\/02\/z7517737342045_cb6c96e3731c5955a4f972a435896434.jpg\",\"width\":759,\"height\":445,\"caption\":\"Hong Tuy\"},\"logo\":{\"@id\":\"https:\/\/shinee.azdigi.shop\/#\/schema\/person\/image\/\"},\"sameAs\":[\"https:\/\/shinee.azdigi.shop\"]}]}<\/script>\n<!-- \/ Yoast SEO plugin. -->","yoast_head_json":{"title":"Nh\u1eabn C\u1ea7u H\u00f4n Kim C\u01b0\u01a1ng Twist: D\u00f2ng Normal & Premium","description":"Kh\u00e1m ph\u00e1 m\u1eabu nh\u1eabn c\u1ea7u h\u00f4n kim c\u01b0\u01a1ng Twist v\u1edbi hai l\u1ef1a ch\u1ecdn Normal v\u00e0 Premium. \u0110a d\u1ea1ng ch\u1ea5t li\u1ec7u V\u00e0ng h\u1ed3ng, B\u1ea1c, V\u00e0ng tr\u1eafng ph\u1ee5c v\u1ee5 m\u1ecdi nhu c\u1ea7u c\u1ee7a b\u1ea1n.","robots":{"index":"index","follow":"follow","max-snippet":"max-snippet:-1","max-image-preview":"max-image-preview:large","max-video-preview":"max-video-preview:-1"},"canonical":"https:\/\/shinee.azdigi.shop\/?product=nhan-cau-hon-twinkle-strap-nch1701","og_locale":"vi_VN","og_type":"article","og_title":"Nh\u1eabn C\u1ea7u H\u00f4n Kim C\u01b0\u01a1ng Twist: D\u00f2ng Normal & Premium","og_description":"Kh\u00e1m ph\u00e1 m\u1eabu nh\u1eabn c\u1ea7u h\u00f4n kim c\u01b0\u01a1ng Twist v\u1edbi hai l\u1ef1a ch\u1ecdn Normal v\u00e0 Premium. \u0110a d\u1ea1ng ch\u1ea5t li\u1ec7u V\u00e0ng h\u1ed3ng, B\u1ea1c, V\u00e0ng tr\u1eafng ph\u1ee5c v\u1ee5 m\u1ecdi nhu c\u1ea7u c\u1ee7a b\u1ea1n.","og_url":"https:\/\/shinee.azdigi.shop\/?product=nhan-cau-hon-twinkle-strap-nch1701","og_site_name":"Blink Jewelry","article_modified_time":"2026-04-06T18:12:26+00:00","og_image":[{"width":800,"height":800,"url":"https:\/\/shinee.azdigi.shop\/wp-content\/uploads\/2026\/03\/Nhan-bac-nu-dinh-kim-cuong-Moissanite-hinh-chiec-no-Aneurin-LILI_053411_5.jpg","type":"image\/jpeg"}],"twitter_card":"summary_large_image","twitter_misc":{"\u01af\u1edbc t\u00ednh th\u1eddi gian \u0111\u1ecdc":"4 ph\u00fat"},"schema":{"@context":"https:\/\/schema.org","@graph":[{"@type":"WebPage","@id":"https:\/\/shinee.azdigi.shop\/?product=nhan-cau-hon-twinkle-strap-nch1701","url":"https:\/\/shinee.azdigi.shop\/?product=nhan-cau-hon-twinkle-strap-nch1701","name":"Nh\u1eabn C\u1ea7u H\u00f4n Kim C\u01b0\u01a1ng Twist: D\u00f2ng Normal & Premium","isPartOf":{"@id":"https:\/\/shinee.azdigi.shop\/#website"},"primaryImageOfPage":{"@id":"https:\/\/shinee.azdigi.shop\/?product=nhan-cau-hon-twinkle-strap-nch1701#primaryimage"},"image":{"@id":"https:\/\/shinee.azdigi.shop\/?product=nhan-cau-hon-twinkle-strap-nch1701#primaryimage"},"thumbnailUrl":"https:\/\/shinee.azdigi.shop\/wp-content\/uploads\/2026\/03\/Nhan-bac-nu-dinh-kim-cuong-Moissanite-hinh-chiec-no-Aneurin-LILI_053411_5.jpg","datePublished":"2026-04-06T16:53:40+00:00","dateModified":"2026-04-06T18:12:26+00:00","description":"Kh\u00e1m ph\u00e1 m\u1eabu nh\u1eabn c\u1ea7u h\u00f4n kim c\u01b0\u01a1ng Twist v\u1edbi hai l\u1ef1a ch\u1ecdn Normal v\u00e0 Premium. \u0110a d\u1ea1ng ch\u1ea5t li\u1ec7u V\u00e0ng h\u1ed3ng, B\u1ea1c, V\u00e0ng tr\u1eafng ph\u1ee5c v\u1ee5 m\u1ecdi nhu c\u1ea7u c\u1ee7a b\u1ea1n.","breadcrumb":{"@id":"https:\/\/shinee.azdigi.shop\/?product=nhan-cau-hon-twinkle-strap-nch1701#breadcrumb"},"inLanguage":"vi","potentialAction":[{"@type":"ReadAction","target":["https:\/\/shinee.azdigi.shop\/?product=nhan-cau-hon-twinkle-strap-nch1701"]}]},{"@type":"ImageObject","inLanguage":"vi","@id":"https:\/\/shinee.azdigi.shop\/?product=nhan-cau-hon-twinkle-strap-nch1701#primaryimage","url":"https:\/\/shinee.azdigi.shop\/wp-content\/uploads\/2026\/03\/Nhan-bac-nu-dinh-kim-cuong-Moissanite-hinh-chiec-no-Aneurin-LILI_053411_5.jpg","contentUrl":"https:\/\/shinee.azdigi.shop\/wp-content\/uploads\/2026\/03\/Nhan-bac-nu-dinh-kim-cuong-Moissanite-hinh-chiec-no-Aneurin-LILI_053411_5.jpg","width":800,"height":800},{"@type":"BreadcrumbList","@id":"https:\/\/shinee.azdigi.shop\/?product=nhan-cau-hon-twinkle-strap-nch1701#breadcrumb","itemListElement":[{"@type":"ListItem","position":1,"name":"Trang ch\u1ee7","item":"https:\/\/shinee.azdigi.shop\/"},{"@type":"ListItem","position":2,"name":"C\u1eeda h\u00e0ng","item":"https:\/\/shinee.azdigi.shop\/?page_id=295"},{"@type":"ListItem","position":3,"name":"Nh\u1eabn c\u1ea7u h\u00f4n Twinkle Strap NCH1701"}]},{"@type":"WebSite","@id":"https:\/\/shinee.azdigi.shop\/#website","url":"https:\/\/shinee.azdigi.shop\/","name":"Blink Jewelry","description":"","publisher":{"@id":"https:\/\/shinee.azdigi.shop\/#\/schema\/person\/7b844dc57e2f534561c4e46d6d4d17a5"},"potentialAction":[{"@type":"SearchAction","target":{"@type":"EntryPoint","urlTemplate":"https:\/\/shinee.azdigi.shop\/?s={search_term_string}"},"query-input":{"@type":"PropertyValueSpecification","valueRequired":true,"valueName":"search_term_string"}}],"inLanguage":"vi"},{"@type":["Person","Organization"],"@id":"https:\/\/shinee.azdigi.shop\/#\/schema\/person\/7b844dc57e2f534561c4e46d6d4d17a5","name":"Hong Tuy","image":{"@type":"ImageObject","inLanguage":"vi","@id":"https:\/\/shinee.azdigi.shop\/#\/schema\/person\/image\/","url":"https:\/\/shinee.azdigi.shop\/wp-content\/uploads\/2026\/02\/z7517737342045_cb6c96e3731c5955a4f972a435896434.jpg","contentUrl":"https:\/\/shinee.azdigi.shop\/wp-content\/uploads\/2026\/02\/z7517737342045_cb6c96e3731c5955a4f972a435896434.jpg","width":759,"height":445,"caption":"Hong Tuy"},"logo":{"@id":"https:\/\/shinee.azdigi.shop\/#\/schema\/person\/image\/"},"sameAs":["https:\/\/shinee.azdigi.shop"]}]}},"jetpack_sharing_enabled":true,"_links":{"self":[{"href":"https:\/\/shinee.azdigi.shop\/index.php?rest_route=\/wp\/v2\/product\/355","targetHints":{"allow":["GET"]}}],"collection":[{"href":"https:\/\/shinee.azdigi.shop\/index.php?rest_route=\/wp\/v2\/product"}],"about":[{"href":"https:\/\/shinee.azdigi.shop\/index.php?rest_route=\/wp\/v2\/types\/product"}],"replies":[{"embeddable":true,"href":"https:\/\/shinee.azdigi.shop\/index.php?rest_route=%2Fwp%2Fv2%2Fcomments&post=355"}],"wp:featuredmedia":[{"embeddable":true,"href":"https:\/\/shinee.azdigi.shop\/index.php?rest_route=\/wp\/v2\/media\/322"}],"wp:attachment":[{"href":"https:\/\/shinee.azdigi.shop\/index.php?rest_route=%2Fwp%2Fv2%2Fmedia&parent=355"}],"wp:term":[{"taxonomy":"product_brand","embeddable":true,"href":"https:\/\/shinee.azdigi.shop\/index.php?rest_route=%2Fwp%2Fv2%2Fproduct_brand&post=355"},{"taxonomy":"product_cat","embeddable":true,"href":"https:\/\/shinee.azdigi.shop\/index.php?rest_route=%2Fwp%2Fv2%2Fproduct_cat&post=355"},{"taxonomy":"product_tag","embeddable":true,"href":"https:\/\/shinee.azdigi.shop\/index.php?rest_route=%2Fwp%2Fv2%2Fproduct_tag&post=355"}],"curies":[{"name":"wp","href":"https:\/\/api.w.org\/{rel}","templated":true}]}}