{"id":406,"date":"2026-04-07T02:54:10","date_gmt":"2026-04-07T02:54:10","guid":{"rendered":"https:\/\/shinee.azdigi.shop\/?post_type=product&#038;p=406"},"modified":"2026-04-12T04:45:36","modified_gmt":"2026-04-12T04:45:36","slug":"nhan-moments-mat-trang-mau-xanh","status":"publish","type":"product","link":"https:\/\/shinee.azdigi.shop\/?product=nhan-moments-mat-trang-mau-xanh","title":{"rendered":"Nh\u1eabn Moments M\u1eb7t Tr\u0103ng M\u00e0u Xanh"},"content":{"rendered":"<h1 data-path-to-node=\"2\">Nh\u1eabn Moments M\u1eb7t Tr\u0103ng M\u00e0u Xanh \u2013 V\u1ebb \u0110\u1eb9p Huy\u1ec1n B\u00ed T\u1eeb B\u1ea7u Tr\u1eddi \u0110\u00eam<\/h1>\n<p><img loading=\"lazy\" decoding=\"async\" class=\"alignnone wp-image-407\" src=\"https:\/\/shinee.azdigi.shop\/wp-content\/uploads\/2026\/04\/rgb_ea1513be75fe4ba0a8a978e111ae9cf8_a41e529b694541179b0bb12c0dde15a6_77c2a434aa2e4be89af8b394a29dd029_master-150x150.jpg\" alt=\"\" width=\"206\" height=\"206\" srcset=\"https:\/\/shinee.azdigi.shop\/wp-content\/uploads\/2026\/04\/rgb_ea1513be75fe4ba0a8a978e111ae9cf8_a41e529b694541179b0bb12c0dde15a6_77c2a434aa2e4be89af8b394a29dd029_master-150x150.jpg 150w, https:\/\/shinee.azdigi.shop\/wp-content\/uploads\/2026\/04\/rgb_ea1513be75fe4ba0a8a978e111ae9cf8_a41e529b694541179b0bb12c0dde15a6_77c2a434aa2e4be89af8b394a29dd029_master-300x300.jpg 300w, https:\/\/shinee.azdigi.shop\/wp-content\/uploads\/2026\/04\/rgb_ea1513be75fe4ba0a8a978e111ae9cf8_a41e529b694541179b0bb12c0dde15a6_77c2a434aa2e4be89af8b394a29dd029_master-768x768.jpg 768w, https:\/\/shinee.azdigi.shop\/wp-content\/uploads\/2026\/04\/rgb_ea1513be75fe4ba0a8a978e111ae9cf8_a41e529b694541179b0bb12c0dde15a6_77c2a434aa2e4be89af8b394a29dd029_master-600x600.jpg 600w, https:\/\/shinee.azdigi.shop\/wp-content\/uploads\/2026\/04\/rgb_ea1513be75fe4ba0a8a978e111ae9cf8_a41e529b694541179b0bb12c0dde15a6_77c2a434aa2e4be89af8b394a29dd029_master-100x100.jpg 100w, https:\/\/shinee.azdigi.shop\/wp-content\/uploads\/2026\/04\/rgb_ea1513be75fe4ba0a8a978e111ae9cf8_a41e529b694541179b0bb12c0dde15a6_77c2a434aa2e4be89af8b394a29dd029_master.jpg 1000w\" sizes=\"auto, (max-width: 206px) 100vw, 206px\" \/><\/p>\n<p data-path-to-node=\"3\">Trang s\u1ee9c kh\u00f4ng ch\u1ec9 l\u00e0 ph\u1ee5 ki\u1ec7n, m\u00e0 c\u00f2n l\u00e0 ng\u00f4n ng\u1eef c\u1ee7a t\u00e2m h\u1ed3n. <b data-path-to-node=\"3\" data-index-in-node=\"65\">Nh\u1eabn Moments M\u1eb7t Tr\u0103ng M\u00e0u Xanh<\/b> v\u1edbi thi\u1ebft k\u1ebf tinh x\u1ea3o v\u00e0 s\u1eafc xanh s\u00e2u th\u1eb3m ch\u00ednh l\u00e0 m\u00f3n qu\u00e0 d\u00e0nh ri\u00eang cho nh\u1eefng c\u00f4 n\u00e0ng y\u00eau th\u00edch v\u1ebb \u0111\u1eb9p l\u00e3ng m\u1ea1n, thanh l\u1ecbch v\u00e0 m\u1ed9t ch\u00fat b\u00ed \u1ea9n c\u1ee7a v\u0169 tr\u1ee5.<\/p>\n<h2 data-path-to-node=\"4\">1. Thi\u1ebft k\u1ebf l\u1ea5y c\u1ea3m h\u1ee9ng t\u1eeb bi\u1ec3u t\u01b0\u1ee3ng Celestial<\/h2>\n<p data-path-to-node=\"5\">L\u1ea5y c\u1ea3m h\u1ee9ng t\u1eeb v\u1ebb \u0111\u1eb9p v\u0129nh c\u1eedu c\u1ee7a b\u1ea7u tr\u1eddi, chi\u1ebfc nh\u1eabn kh\u1eafc h\u1ecda h\u00ecnh \u1ea3nh v\u1ea7ng tr\u0103ng khuy\u1ebft m\u1ec1m m\u1ea1i. Nh\u1eefng \u0111\u01b0\u1eddng n\u00e9t u\u1ed1n l\u01b0\u1ee3n tinh t\u1ebf kh\u00f4ng ch\u1ec9 t\u1ea1o c\u1ea3m gi\u00e1c n\u1eef t\u00ednh m\u00e0 c\u00f2n mang \u0111\u1eadm phong c\u00e1ch <b data-path-to-node=\"5\" data-index-in-node=\"193\">Celestial<\/b> (thi\u00ean v\u0103n h\u1ecdc) \u0111ang l\u00e0 xu h\u01b0\u1edbng h\u00e0ng \u0111\u1ea7u trong l\u00e0ng trang s\u1ee9c th\u1ebf gi\u1edbi.<\/p>\n<h2 data-path-to-node=\"6\">2. \u0110i\u1ec3m nh\u1ea5n \u0111\u00e1 xanh Sapphire huy\u1ec1n di\u1ec7u<\/h2>\n<p data-path-to-node=\"7\">S\u1ee9c h\u00fat l\u1edbn nh\u1ea5t c\u1ee7a m\u1eabu nh\u1eabn n\u00e0y ch\u00ednh l\u00e0 d\u1ea3i \u0111\u00e1 m\u00e0u xanh \u0111\u1eadm \u0111\u01b0\u1ee3c n\u1ea1m t\u1ec9 m\u1ec9 d\u1ecdc theo \u0111\u01b0\u1eddng cong c\u1ee7a m\u1eb7t tr\u0103ng.<\/p>\n<ul data-path-to-node=\"8\">\n<li>\n<p data-path-to-node=\"8,0,0\"><b data-path-to-node=\"8,0,0\" data-index-in-node=\"0\">S\u1eafc xanh \u0111\u1ea1i d\u01b0\u01a1ng:<\/b> T\u01b0\u1ee3ng tr\u01b0ng cho s\u1ef1 \u0111i\u1ec1m t\u0129nh, tr\u00ed tu\u1ec7 v\u00e0 hy v\u1ecdng.<\/p>\n<\/li>\n<li>\n<p data-path-to-node=\"8,1,0\"><b data-path-to-node=\"8,1,0\" data-index-in-node=\"0\">\u0110\u00e1 Cubic Zirconia l\u1ea5p l\u00e1nh:<\/b> Bao quanh m\u1eb7t tr\u0103ng l\u00e0 c\u00e1c vi\u00ean \u0111\u00e1 tr\u1eafng nh\u1ecf, t\u1ea1o hi\u1ec7u \u1ee9ng nh\u01b0 nh\u1eefng v\u00ec sao \u0111ang t\u1ecfa s\u00e1ng, gi\u00fap \u0111\u00f4i tay b\u1ea1n tr\u1edf n\u00ean n\u1ed5i b\u1eadt trong m\u1ecdi khung h\u00ecnh.<\/p>\n<\/li>\n<\/ul>\n<h2 data-path-to-node=\"9\">3. Ch\u1ea5t li\u1ec7u B\u1ea1c \u00dd 925 b\u1ec1n b\u1ec9 v\u1edbi th\u1eddi gian<\/h2>\n<p data-path-to-node=\"10\"><b data-path-to-node=\"10\" data-index-in-node=\"0\">Nh\u1eabn Moments M\u1eb7t Tr\u0103ng M\u00e0u Xanh<\/b> \u0111\u01b0\u1ee3c ch\u1ebf t\u00e1c t\u1eeb ch\u1ea5t li\u1ec7u B\u1ea1c \u00dd 925 cao c\u1ea5p. \u0110\u00e2y l\u00e0 ch\u1ea5t li\u1ec7u ti\u00eau chu\u1ea9n trong kim ho\u00e0n nh\u1edd \u0111\u1ed9 b\u00f3ng s\u00e1ng t\u1ef1 nhi\u00ean v\u00e0 \u0111\u1ed9 b\u1ec1n cao. \u0110\u1eb7c bi\u1ec7t, s\u1ea3n ph\u1ea9m \u0111\u01b0\u1ee3c ph\u1ee7 l\u1edbp b\u1ea3o v\u1ec7 gi\u00fap h\u1ea1n ch\u1ebf x\u1ec9n m\u00e0u, an to\u00e0n v\u00e0 kh\u00f4ng g\u00e2y k\u00edch \u1ee9ng cho l\u00e0n da nh\u1ea1y c\u1ea3m.<\/p>\n<h2 data-path-to-node=\"11\">4. \u00dd ngh\u0129a c\u1ee7a bi\u1ec3u t\u01b0\u1ee3ng M\u1eb7t Tr\u0103ng trong cu\u1ed9c s\u1ed1ng<\/h2>\n<p data-path-to-node=\"12\">Trong phong th\u1ee7y v\u00e0 t\u00e2m linh, m\u1eb7t tr\u0103ng l\u00e0 bi\u1ec3u t\u01b0\u1ee3ng c\u1ee7a s\u1ef1 b\u1ea3o h\u1ed9 v\u00e0 n\u0103ng l\u01b0\u1ee3ng n\u1eef t\u00ednh. \u0110eo nh\u1eabn h\u00ecnh m\u1eb7t tr\u0103ng gi\u00fap ng\u01b0\u1eddi s\u1edf h\u1eefu:<\/p>\n<ul data-path-to-node=\"13\">\n<li>\n<p data-path-to-node=\"13,0,0\">Nh\u1eafc nh\u1edf v\u1ec1 nh\u1eefng kh\u1edfi \u0111\u1ea7u m\u1edbi \u0111\u1ea7y hy v\u1ecdng.<\/p>\n<\/li>\n<li>\n<p data-path-to-node=\"13,1,0\">T\u0103ng c\u01b0\u1eddng tr\u1ef1c gi\u00e1c v\u00e0 s\u1ef1 b\u00ecnh y\u00ean trong t\u00e2m tr\u00ed.<\/p>\n<\/li>\n<li>\n<p data-path-to-node=\"13,2,0\">Th\u1ec3 hi\u1ec7n phong c\u00e1ch c\u00e1 nh\u00e2n \u0111\u1ed9c \u0111\u00e1o, kh\u00f4ng h\u00f2a l\u1eabn.<\/p>\n<\/li>\n<\/ul>\n<h2 data-path-to-node=\"14\">5. C\u00e1ch ph\u1ed1i \u0111\u1ed3 c\u00f9ng Nh\u1eabn Moments M\u1eb7t Tr\u0103ng<\/h2>\n<p data-path-to-node=\"15\">Nh\u1edd thi\u1ebft k\u1ebf m\u1ea3nh v\u00e0 tinh t\u1ebf, b\u1ea1n c\u00f3 th\u1ec3 d\u1ec5 d\u00e0ng di\u1ec7n m\u1eabu nh\u1eabn n\u00e0y theo nhi\u1ec1u c\u00e1ch:<\/p>\n<ul data-path-to-node=\"16\">\n<li>\n<p data-path-to-node=\"16,0,0\"><b data-path-to-node=\"16,0,0\" data-index-in-node=\"0\">\u0110eo \u0111\u01a1n l\u1ebb:<\/b> T\u1ea1o \u0111i\u1ec3m nh\u1ea5n thanh tho\u00e1t cho b\u1ed9 trang ph\u1ee5c c\u00f4ng s\u1edf ho\u1eb7c v\u00e1y d\u1ea1o ph\u1ed1.<\/p>\n<\/li>\n<li>\n<p data-path-to-node=\"16,1,0\"><b data-path-to-node=\"16,1,0\" data-index-in-node=\"0\">Xu h\u01b0\u1edbng Stackable (\u0110eo ch\u1ed3ng):<\/b> K\u1ebft h\u1ee3p c\u00f9ng c\u00e1c m\u1eabu nh\u1eabn tr\u01a1n ho\u1eb7c nh\u1eabn ng\u00f4i sao \u0111\u1ec3 t\u1ea1o n\u00ean m\u1ed9t &#8220;c\u00e2u chuy\u1ec7n b\u1ea7u tr\u1eddi&#8221; ngay tr\u00ean b\u00e0n tay m\u00ecnh.<\/p>\n<\/li>\n<\/ul>\n","protected":false},"excerpt":{"rendered":"<p>\u0110\u00e1nh th\u1ee9c v\u1ebb \u0111\u1eb9p huy\u1ec1n b\u00ed v\u1edbi <b data-path-to-node=\"2,0\" data-index-in-node=\"30\">Nh\u1eabn Moments M\u1eb7t Tr\u0103ng M\u00e0u Xanh<\/b>. \u0110\u01b0\u1ee3c ch\u1ebf t\u00e1c t\u1eeb B\u1ea1c \u00dd 925 cao c\u1ea5p \u0111\u00ednh \u0111\u00e1 Sapphire l\u1ea5p l\u00e1nh, m\u1eabu nh\u1eabn mang bi\u1ec3u t\u01b0\u1ee3ng v\u1ea7ng tr\u0103ng khuy\u1ebft n\u00e0y l\u00e0 ph\u1ee5 ki\u1ec7n ho\u00e0n h\u1ea3o \u0111\u1ec3 t\u00f4n vinh n\u00e9t thanh l\u1ecbch v\u00e0 c\u00e1 t\u00ednh ri\u00eang c\u1ee7a b\u1ea1n.<\/p>\n","protected":false},"featured_media":407,"comment_status":"open","ping_status":"closed","template":"","meta":[],"product_brand":[],"product_cat":[35],"product_tag":[],"class_list":{"0":"post-406","1":"product","2":"type-product","3":"status-publish","4":"has-post-thumbnail","6":"product_cat-nhan","8":"first","9":"instock","10":"featured","11":"shipping-taxable","12":"purchasable","13":"product-type-variable"},"yoast_head":"<!-- This site is optimized with the Yoast SEO plugin v26.9 - https:\/\/yoast.com\/product\/yoast-seo-wordpress\/ -->\n<title>Nh\u1eabn Moments M\u1eb7t Tr\u0103ng M\u00e0u Xanh - Blink Jewelry<\/title>\n<meta name=\"description\" content=\"Kh\u00e1m ph\u00e1 v\u1ebb \u0111\u1eb9p huy\u1ec1n b\u00ed c\u1ee7a Nh\u1eabn Moments M\u1eb7t Tr\u0103ng M\u00e0u Xanh. Ch\u1ea5t li\u1ec7u b\u1ea1c 925 \u0111\u00ednh \u0111\u00e1 sapphire tinh x\u1ea3o, bi\u1ec3u t\u01b0\u1ee3ng c\u1ee7a s\u1ef1 may m\u1eafn v\u00e0 n\u0103ng l\u01b0\u1ee3ng n\u1eef t\u00ednh.\" \/>\n<meta name=\"robots\" content=\"index, follow, max-snippet:-1, max-image-preview:large, max-video-preview:-1\" \/>\n<link rel=\"canonical\" href=\"https:\/\/shinee.azdigi.shop\/?product=nhan-moments-mat-trang-mau-xanh\" \/>\n<meta property=\"og:locale\" content=\"vi_VN\" \/>\n<meta property=\"og:type\" content=\"article\" \/>\n<meta property=\"og:title\" content=\"Nh\u1eabn Moments M\u1eb7t Tr\u0103ng M\u00e0u Xanh - Blink Jewelry\" \/>\n<meta property=\"og:description\" content=\"Kh\u00e1m ph\u00e1 v\u1ebb \u0111\u1eb9p huy\u1ec1n b\u00ed c\u1ee7a Nh\u1eabn Moments M\u1eb7t Tr\u0103ng M\u00e0u Xanh. Ch\u1ea5t li\u1ec7u b\u1ea1c 925 \u0111\u00ednh \u0111\u00e1 sapphire tinh x\u1ea3o, bi\u1ec3u t\u01b0\u1ee3ng c\u1ee7a s\u1ef1 may m\u1eafn v\u00e0 n\u0103ng l\u01b0\u1ee3ng n\u1eef t\u00ednh.\" \/>\n<meta property=\"og:url\" content=\"https:\/\/shinee.azdigi.shop\/?product=nhan-moments-mat-trang-mau-xanh\" \/>\n<meta property=\"og:site_name\" content=\"Blink Jewelry\" \/>\n<meta property=\"article:modified_time\" content=\"2026-04-12T04:45:36+00:00\" \/>\n<meta property=\"og:image\" content=\"https:\/\/shinee.azdigi.shop\/wp-content\/uploads\/2026\/04\/rgb_ea1513be75fe4ba0a8a978e111ae9cf8_a41e529b694541179b0bb12c0dde15a6_77c2a434aa2e4be89af8b394a29dd029_master.jpg\" \/>\n\t<meta property=\"og:image:width\" content=\"1000\" \/>\n\t<meta property=\"og:image:height\" content=\"1000\" \/>\n\t<meta property=\"og:image:type\" content=\"image\/jpeg\" \/>\n<meta name=\"twitter:card\" content=\"summary_large_image\" \/>\n<meta name=\"twitter:label1\" content=\"\u01af\u1edbc t\u00ednh th\u1eddi gian \u0111\u1ecdc\" \/>\n\t<meta name=\"twitter:data1\" content=\"3 ph\u00fat\" \/>\n<script type=\"application\/ld+json\" class=\"yoast-schema-graph\">{\"@context\":\"https:\/\/schema.org\",\"@graph\":[{\"@type\":\"WebPage\",\"@id\":\"https:\/\/shinee.azdigi.shop\/?product=nhan-moments-mat-trang-mau-xanh\",\"url\":\"https:\/\/shinee.azdigi.shop\/?product=nhan-moments-mat-trang-mau-xanh\",\"name\":\"Nh\u1eabn Moments M\u1eb7t Tr\u0103ng M\u00e0u Xanh - Blink Jewelry\",\"isPartOf\":{\"@id\":\"https:\/\/shinee.azdigi.shop\/#website\"},\"primaryImageOfPage\":{\"@id\":\"https:\/\/shinee.azdigi.shop\/?product=nhan-moments-mat-trang-mau-xanh#primaryimage\"},\"image\":{\"@id\":\"https:\/\/shinee.azdigi.shop\/?product=nhan-moments-mat-trang-mau-xanh#primaryimage\"},\"thumbnailUrl\":\"https:\/\/shinee.azdigi.shop\/wp-content\/uploads\/2026\/04\/rgb_ea1513be75fe4ba0a8a978e111ae9cf8_a41e529b694541179b0bb12c0dde15a6_77c2a434aa2e4be89af8b394a29dd029_master.jpg\",\"datePublished\":\"2026-04-07T02:54:10+00:00\",\"dateModified\":\"2026-04-12T04:45:36+00:00\",\"description\":\"Kh\u00e1m ph\u00e1 v\u1ebb \u0111\u1eb9p huy\u1ec1n b\u00ed c\u1ee7a Nh\u1eabn Moments M\u1eb7t Tr\u0103ng M\u00e0u Xanh. Ch\u1ea5t li\u1ec7u b\u1ea1c 925 \u0111\u00ednh \u0111\u00e1 sapphire tinh x\u1ea3o, bi\u1ec3u t\u01b0\u1ee3ng c\u1ee7a s\u1ef1 may m\u1eafn v\u00e0 n\u0103ng l\u01b0\u1ee3ng n\u1eef t\u00ednh.\",\"breadcrumb\":{\"@id\":\"https:\/\/shinee.azdigi.shop\/?product=nhan-moments-mat-trang-mau-xanh#breadcrumb\"},\"inLanguage\":\"vi\",\"potentialAction\":[{\"@type\":\"ReadAction\",\"target\":[\"https:\/\/shinee.azdigi.shop\/?product=nhan-moments-mat-trang-mau-xanh\"]}]},{\"@type\":\"ImageObject\",\"inLanguage\":\"vi\",\"@id\":\"https:\/\/shinee.azdigi.shop\/?product=nhan-moments-mat-trang-mau-xanh#primaryimage\",\"url\":\"https:\/\/shinee.azdigi.shop\/wp-content\/uploads\/2026\/04\/rgb_ea1513be75fe4ba0a8a978e111ae9cf8_a41e529b694541179b0bb12c0dde15a6_77c2a434aa2e4be89af8b394a29dd029_master.jpg\",\"contentUrl\":\"https:\/\/shinee.azdigi.shop\/wp-content\/uploads\/2026\/04\/rgb_ea1513be75fe4ba0a8a978e111ae9cf8_a41e529b694541179b0bb12c0dde15a6_77c2a434aa2e4be89af8b394a29dd029_master.jpg\",\"width\":1000,\"height\":1000},{\"@type\":\"BreadcrumbList\",\"@id\":\"https:\/\/shinee.azdigi.shop\/?product=nhan-moments-mat-trang-mau-xanh#breadcrumb\",\"itemListElement\":[{\"@type\":\"ListItem\",\"position\":1,\"name\":\"Trang ch\u1ee7\",\"item\":\"https:\/\/shinee.azdigi.shop\/\"},{\"@type\":\"ListItem\",\"position\":2,\"name\":\"C\u1eeda h\u00e0ng\",\"item\":\"https:\/\/shinee.azdigi.shop\/?page_id=295\"},{\"@type\":\"ListItem\",\"position\":3,\"name\":\"Nh\u1eabn Moments M\u1eb7t Tr\u0103ng M\u00e0u Xanh\"}]},{\"@type\":\"WebSite\",\"@id\":\"https:\/\/shinee.azdigi.shop\/#website\",\"url\":\"https:\/\/shinee.azdigi.shop\/\",\"name\":\"Blink Jewelry\",\"description\":\"\",\"publisher\":{\"@id\":\"https:\/\/shinee.azdigi.shop\/#\/schema\/person\/7b844dc57e2f534561c4e46d6d4d17a5\"},\"potentialAction\":[{\"@type\":\"SearchAction\",\"target\":{\"@type\":\"EntryPoint\",\"urlTemplate\":\"https:\/\/shinee.azdigi.shop\/?s={search_term_string}\"},\"query-input\":{\"@type\":\"PropertyValueSpecification\",\"valueRequired\":true,\"valueName\":\"search_term_string\"}}],\"inLanguage\":\"vi\"},{\"@type\":[\"Person\",\"Organization\"],\"@id\":\"https:\/\/shinee.azdigi.shop\/#\/schema\/person\/7b844dc57e2f534561c4e46d6d4d17a5\",\"name\":\"Hong Tuy\",\"image\":{\"@type\":\"ImageObject\",\"inLanguage\":\"vi\",\"@id\":\"https:\/\/shinee.azdigi.shop\/#\/schema\/person\/image\/\",\"url\":\"https:\/\/shinee.azdigi.shop\/wp-content\/uploads\/2026\/02\/z7517737342045_cb6c96e3731c5955a4f972a435896434.jpg\",\"contentUrl\":\"https:\/\/shinee.azdigi.shop\/wp-content\/uploads\/2026\/02\/z7517737342045_cb6c96e3731c5955a4f972a435896434.jpg\",\"width\":759,\"height\":445,\"caption\":\"Hong Tuy\"},\"logo\":{\"@id\":\"https:\/\/shinee.azdigi.shop\/#\/schema\/person\/image\/\"},\"sameAs\":[\"https:\/\/shinee.azdigi.shop\"]}]}<\/script>\n<!-- \/ Yoast SEO plugin. -->","yoast_head_json":{"title":"Nh\u1eabn Moments M\u1eb7t Tr\u0103ng M\u00e0u Xanh - Blink Jewelry","description":"Kh\u00e1m ph\u00e1 v\u1ebb \u0111\u1eb9p huy\u1ec1n b\u00ed c\u1ee7a Nh\u1eabn Moments M\u1eb7t Tr\u0103ng M\u00e0u Xanh. Ch\u1ea5t li\u1ec7u b\u1ea1c 925 \u0111\u00ednh \u0111\u00e1 sapphire tinh x\u1ea3o, bi\u1ec3u t\u01b0\u1ee3ng c\u1ee7a s\u1ef1 may m\u1eafn v\u00e0 n\u0103ng l\u01b0\u1ee3ng n\u1eef t\u00ednh.","robots":{"index":"index","follow":"follow","max-snippet":"max-snippet:-1","max-image-preview":"max-image-preview:large","max-video-preview":"max-video-preview:-1"},"canonical":"https:\/\/shinee.azdigi.shop\/?product=nhan-moments-mat-trang-mau-xanh","og_locale":"vi_VN","og_type":"article","og_title":"Nh\u1eabn Moments M\u1eb7t Tr\u0103ng M\u00e0u Xanh - Blink Jewelry","og_description":"Kh\u00e1m ph\u00e1 v\u1ebb \u0111\u1eb9p huy\u1ec1n b\u00ed c\u1ee7a Nh\u1eabn Moments M\u1eb7t Tr\u0103ng M\u00e0u Xanh. Ch\u1ea5t li\u1ec7u b\u1ea1c 925 \u0111\u00ednh \u0111\u00e1 sapphire tinh x\u1ea3o, bi\u1ec3u t\u01b0\u1ee3ng c\u1ee7a s\u1ef1 may m\u1eafn v\u00e0 n\u0103ng l\u01b0\u1ee3ng n\u1eef t\u00ednh.","og_url":"https:\/\/shinee.azdigi.shop\/?product=nhan-moments-mat-trang-mau-xanh","og_site_name":"Blink Jewelry","article_modified_time":"2026-04-12T04:45:36+00:00","og_image":[{"width":1000,"height":1000,"url":"https:\/\/shinee.azdigi.shop\/wp-content\/uploads\/2026\/04\/rgb_ea1513be75fe4ba0a8a978e111ae9cf8_a41e529b694541179b0bb12c0dde15a6_77c2a434aa2e4be89af8b394a29dd029_master.jpg","type":"image\/jpeg"}],"twitter_card":"summary_large_image","twitter_misc":{"\u01af\u1edbc t\u00ednh th\u1eddi gian \u0111\u1ecdc":"3 ph\u00fat"},"schema":{"@context":"https:\/\/schema.org","@graph":[{"@type":"WebPage","@id":"https:\/\/shinee.azdigi.shop\/?product=nhan-moments-mat-trang-mau-xanh","url":"https:\/\/shinee.azdigi.shop\/?product=nhan-moments-mat-trang-mau-xanh","name":"Nh\u1eabn Moments M\u1eb7t Tr\u0103ng M\u00e0u Xanh - Blink Jewelry","isPartOf":{"@id":"https:\/\/shinee.azdigi.shop\/#website"},"primaryImageOfPage":{"@id":"https:\/\/shinee.azdigi.shop\/?product=nhan-moments-mat-trang-mau-xanh#primaryimage"},"image":{"@id":"https:\/\/shinee.azdigi.shop\/?product=nhan-moments-mat-trang-mau-xanh#primaryimage"},"thumbnailUrl":"https:\/\/shinee.azdigi.shop\/wp-content\/uploads\/2026\/04\/rgb_ea1513be75fe4ba0a8a978e111ae9cf8_a41e529b694541179b0bb12c0dde15a6_77c2a434aa2e4be89af8b394a29dd029_master.jpg","datePublished":"2026-04-07T02:54:10+00:00","dateModified":"2026-04-12T04:45:36+00:00","description":"Kh\u00e1m ph\u00e1 v\u1ebb \u0111\u1eb9p huy\u1ec1n b\u00ed c\u1ee7a Nh\u1eabn Moments M\u1eb7t Tr\u0103ng M\u00e0u Xanh. Ch\u1ea5t li\u1ec7u b\u1ea1c 925 \u0111\u00ednh \u0111\u00e1 sapphire tinh x\u1ea3o, bi\u1ec3u t\u01b0\u1ee3ng c\u1ee7a s\u1ef1 may m\u1eafn v\u00e0 n\u0103ng l\u01b0\u1ee3ng n\u1eef t\u00ednh.","breadcrumb":{"@id":"https:\/\/shinee.azdigi.shop\/?product=nhan-moments-mat-trang-mau-xanh#breadcrumb"},"inLanguage":"vi","potentialAction":[{"@type":"ReadAction","target":["https:\/\/shinee.azdigi.shop\/?product=nhan-moments-mat-trang-mau-xanh"]}]},{"@type":"ImageObject","inLanguage":"vi","@id":"https:\/\/shinee.azdigi.shop\/?product=nhan-moments-mat-trang-mau-xanh#primaryimage","url":"https:\/\/shinee.azdigi.shop\/wp-content\/uploads\/2026\/04\/rgb_ea1513be75fe4ba0a8a978e111ae9cf8_a41e529b694541179b0bb12c0dde15a6_77c2a434aa2e4be89af8b394a29dd029_master.jpg","contentUrl":"https:\/\/shinee.azdigi.shop\/wp-content\/uploads\/2026\/04\/rgb_ea1513be75fe4ba0a8a978e111ae9cf8_a41e529b694541179b0bb12c0dde15a6_77c2a434aa2e4be89af8b394a29dd029_master.jpg","width":1000,"height":1000},{"@type":"BreadcrumbList","@id":"https:\/\/shinee.azdigi.shop\/?product=nhan-moments-mat-trang-mau-xanh#breadcrumb","itemListElement":[{"@type":"ListItem","position":1,"name":"Trang ch\u1ee7","item":"https:\/\/shinee.azdigi.shop\/"},{"@type":"ListItem","position":2,"name":"C\u1eeda h\u00e0ng","item":"https:\/\/shinee.azdigi.shop\/?page_id=295"},{"@type":"ListItem","position":3,"name":"Nh\u1eabn Moments M\u1eb7t Tr\u0103ng M\u00e0u Xanh"}]},{"@type":"WebSite","@id":"https:\/\/shinee.azdigi.shop\/#website","url":"https:\/\/shinee.azdigi.shop\/","name":"Blink Jewelry","description":"","publisher":{"@id":"https:\/\/shinee.azdigi.shop\/#\/schema\/person\/7b844dc57e2f534561c4e46d6d4d17a5"},"potentialAction":[{"@type":"SearchAction","target":{"@type":"EntryPoint","urlTemplate":"https:\/\/shinee.azdigi.shop\/?s={search_term_string}"},"query-input":{"@type":"PropertyValueSpecification","valueRequired":true,"valueName":"search_term_string"}}],"inLanguage":"vi"},{"@type":["Person","Organization"],"@id":"https:\/\/shinee.azdigi.shop\/#\/schema\/person\/7b844dc57e2f534561c4e46d6d4d17a5","name":"Hong Tuy","image":{"@type":"ImageObject","inLanguage":"vi","@id":"https:\/\/shinee.azdigi.shop\/#\/schema\/person\/image\/","url":"https:\/\/shinee.azdigi.shop\/wp-content\/uploads\/2026\/02\/z7517737342045_cb6c96e3731c5955a4f972a435896434.jpg","contentUrl":"https:\/\/shinee.azdigi.shop\/wp-content\/uploads\/2026\/02\/z7517737342045_cb6c96e3731c5955a4f972a435896434.jpg","width":759,"height":445,"caption":"Hong Tuy"},"logo":{"@id":"https:\/\/shinee.azdigi.shop\/#\/schema\/person\/image\/"},"sameAs":["https:\/\/shinee.azdigi.shop"]}]}},"jetpack_sharing_enabled":true,"_links":{"self":[{"href":"https:\/\/shinee.azdigi.shop\/index.php?rest_route=\/wp\/v2\/product\/406","targetHints":{"allow":["GET"]}}],"collection":[{"href":"https:\/\/shinee.azdigi.shop\/index.php?rest_route=\/wp\/v2\/product"}],"about":[{"href":"https:\/\/shinee.azdigi.shop\/index.php?rest_route=\/wp\/v2\/types\/product"}],"replies":[{"embeddable":true,"href":"https:\/\/shinee.azdigi.shop\/index.php?rest_route=%2Fwp%2Fv2%2Fcomments&post=406"}],"wp:featuredmedia":[{"embeddable":true,"href":"https:\/\/shinee.azdigi.shop\/index.php?rest_route=\/wp\/v2\/media\/407"}],"wp:attachment":[{"href":"https:\/\/shinee.azdigi.shop\/index.php?rest_route=%2Fwp%2Fv2%2Fmedia&parent=406"}],"wp:term":[{"taxonomy":"product_brand","embeddable":true,"href":"https:\/\/shinee.azdigi.shop\/index.php?rest_route=%2Fwp%2Fv2%2Fproduct_brand&post=406"},{"taxonomy":"product_cat","embeddable":true,"href":"https:\/\/shinee.azdigi.shop\/index.php?rest_route=%2Fwp%2Fv2%2Fproduct_cat&post=406"},{"taxonomy":"product_tag","embeddable":true,"href":"https:\/\/shinee.azdigi.shop\/index.php?rest_route=%2Fwp%2Fv2%2Fproduct_tag&post=406"}],"curies":[{"name":"wp","href":"https:\/\/api.w.org\/{rel}","templated":true}]}}