{"id":427,"date":"2026-04-07T06:43:55","date_gmt":"2026-04-07T06:43:55","guid":{"rendered":"https:\/\/shinee.azdigi.shop\/?post_type=product&#038;p=427"},"modified":"2026-04-12T02:59:42","modified_gmt":"2026-04-12T02:59:42","slug":"__trashed","status":"publish","type":"product","link":"https:\/\/shinee.azdigi.shop\/?product=__trashed","title":{"rendered":"Khuy\u00ean tai b\u1ea1c \u0111\u00e1 cubic"},"content":{"rendered":"<h1 data-path-to-node=\"3\">Khuy\u00ean tai n\u1ee5 \u0111\u00ednh \u0111\u00e1: B\u00ed quy\u1ebft t\u1ecfa s\u00e1ng cho ph\u00e1i \u0111\u1eb9p<\/h1>\n<p><img loading=\"lazy\" decoding=\"async\" class=\"alignnone wp-image-428\" src=\"https:\/\/shinee.azdigi.shop\/wp-content\/uploads\/2026\/04\/z6067977458661_ceafb029120e4d7489335fb0362b3999-150x150.jpg\" alt=\"\" width=\"199\" height=\"199\" srcset=\"https:\/\/shinee.azdigi.shop\/wp-content\/uploads\/2026\/04\/z6067977458661_ceafb029120e4d7489335fb0362b3999-150x150.jpg 150w, https:\/\/shinee.azdigi.shop\/wp-content\/uploads\/2026\/04\/z6067977458661_ceafb029120e4d7489335fb0362b3999-300x300.jpg 300w, https:\/\/shinee.azdigi.shop\/wp-content\/uploads\/2026\/04\/z6067977458661_ceafb029120e4d7489335fb0362b3999-100x100.jpg 100w\" sizes=\"auto, (max-width: 199px) 100vw, 199px\" \/><\/p>\n<p data-path-to-node=\"4\"><b data-path-to-node=\"4\" data-index-in-node=\"0\">Khuy\u00ean tai n\u1ee5 \u0111\u00ednh \u0111\u00e1<\/b> l\u00e0 m\u00f3n ph\u1ee5 ki\u1ec7n kh\u00f4ng th\u1ec3 thi\u1ebfu c\u1ee7a ph\u1ee5 n\u1eef. V\u1edbi thi\u1ebft k\u1ebf nh\u1ecf g\u1ecdn v\u00e0 l\u1ea5p l\u00e1nh, ch\u00fang mang l\u1ea1i v\u1ebb \u0111\u1eb9p thanh l\u1ecbch. B\u1ea1n c\u00f3 th\u1ec3 di\u1ec7n ch\u00fang \u0111i l\u00e0m, \u0111i ch\u01a1i hay d\u1ef1 ti\u1ec7c. H\u00e3y c\u00f9ng kh\u00e1m ph\u00e1 b\u1ed9 s\u01b0u t\u1eadp 3 m\u00e0u s\u1eafc \u0111ang c\u1ef1c k\u1ef3 &#8220;hot&#8221; hi\u1ec7n nay.<\/p>\n<h2 data-path-to-node=\"5\">1. Khuy\u00ean tai n\u1ee5 \u0111\u00ednh \u0111\u00e1 m\u00e0u h\u1ed3ng ng\u1ecdt ng\u00e0o<\/h2>\n<p data-path-to-node=\"6\">M\u00e0u h\u1ed3ng lu\u00f4n l\u00e0 l\u1ef1a ch\u1ecdn h\u00e0ng \u0111\u1ea7u c\u1ee7a nh\u1eefng c\u00f4 n\u00e0ng n\u1eef t\u00ednh. S\u1eafc h\u1ed3ng d\u1ecbu d\u00e0ng gi\u00fap t\u00f4n vinh l\u00e0n da tr\u1eafng s\u00e1ng. Vi\u00ean \u0111\u00e1 ch\u1ee7 m\u00e0u h\u1ed3ng r\u1ef1c r\u1ee1 \u0111\u01b0\u1ee3c bao quanh b\u1edfi v\u00f2ng \u0111\u00e1 t\u1ea5m tinh x\u1ea3o. \u0110\u00e2y l\u00e0 m\u00f3n trang s\u1ee9c gi\u00fap b\u1ea1n th\u00eam ph\u1ea7n duy\u00ean d\u00e1ng v\u00e0 tr\u1ebb trung.<\/p>\n<h2 data-path-to-node=\"7\">2. Khuy\u00ean tai n\u1ee5 \u0111\u00ednh \u0111\u00e1 m\u00e0u tr\u1eafng tinh kh\u00f4i<\/h2>\n<p data-path-to-node=\"8\">S\u1eafc tr\u1eafng lu\u00f4n mang l\u1ea1i v\u1ebb \u0111\u1eb9p v\u01b0\u1ee3t th\u1eddi gian. Vi\u00ean \u0111\u00e1 Cubic Zirconia tr\u1eafng l\u1ea5p l\u00e1nh nh\u01b0 kim c\u01b0\u01a1ng th\u1eadt. M\u00e0u tr\u1eafng r\u1ea5t d\u1ec5 ph\u1ed1i \u0111\u1ed3 v\u00e0 ph\u00f9 h\u1ee3p v\u1edbi m\u1ecdi phong c\u00e1ch th\u1eddi trang. \u0110\u00e2y l\u00e0 l\u1ef1a ch\u1ecdn an to\u00e0n nh\u01b0ng c\u1ef1c k\u1ef3 sang tr\u1ecdng cho c\u00e1c qu\u00fd c\u00f4 c\u00f4ng s\u1edf.<\/p>\n<h2 data-path-to-node=\"9\">3. Khuy\u00ean tai n\u1ee5 \u0111\u00ednh \u0111\u00e1 m\u00e0u xanh d\u01b0\u01a1ng qu\u00fd t\u1ed9c<\/h2>\n<p data-path-to-node=\"10\">M\u00e0u xanh d\u01b0\u01a1ng mang l\u1ea1i c\u1ea3m gi\u00e1c b\u00ecnh y\u00ean v\u00e0 s\u00e2u l\u1eafng. S\u1eafc xanh \u0111\u1eadm ch\u1ea5t qu\u00fd t\u1ed9c n\u00e0y gi\u00fap g\u01b0\u01a1ng m\u1eb7t b\u1ea1n tr\u1edf n\u00ean n\u1ed5i b\u1eadt h\u01a1n. V\u00f2ng \u0111\u00e1 nh\u1ecf bao quanh c\u00e0ng l\u00e0m t\u0103ng th\u00eam \u0111\u1ed9 l\u1ea5p l\u00e1nh cho vi\u00ean \u0111\u00e1 ch\u00ednh. \u0110\u00e2y l\u00e0 \u0111i\u1ec3m nh\u1ea5n ho\u00e0n h\u1ea3o cho nh\u1eefng b\u1ed9 v\u00e1y d\u1ef1 ti\u1ec7c sang tr\u1ecdng.<\/p>\n<h2 data-path-to-node=\"11\">T\u1ea1i sao b\u1ea1n n\u00ean s\u1edf h\u1eefu m\u1eabu khuy\u00ean tai n\u00e0y?<\/h2>\n<p data-path-to-node=\"12\">S\u1ea3n ph\u1ea9m <b data-path-to-node=\"12\" data-index-in-node=\"9\">khuy\u00ean tai n\u1ee5 \u0111\u00ednh \u0111\u00e1<\/b> \u0111\u01b0\u1ee3c ch\u1ebf t\u00e1c t\u1eeb ch\u1ea5t li\u1ec7u b\u1ea1c cao c\u1ea5p. Chu\u00f4i khuy\u00ean ch\u1eafc ch\u1eafn gi\u00fap b\u1ea1n tho\u1ea3i m\u00e1i v\u1eadn \u0111\u1ed9ng c\u1ea3 ng\u00e0y d\u00e0i. Ch\u1ea5t li\u1ec7u m\u1ea1 v\u00e0ng tr\u1eafng gi\u00fap s\u1ea3n ph\u1ea9m lu\u00f4n gi\u1eef \u0111\u01b0\u1ee3c \u0111\u1ed9 s\u00e1ng b\u00f3ng. \u0110\u00e2y c\u0169ng l\u00e0 m\u00f3n qu\u00e0 \u00fd ngh\u0129a \u0111\u1ec3 d\u00e0nh t\u1eb7ng ng\u01b0\u1eddi th\u00e2n v\u00e0 b\u1ea1n b\u00e8.<\/p>\n<p data-path-to-node=\"13\"><b data-path-to-node=\"13\" data-index-in-node=\"0\">Li\u00ean h\u1ec7 ngay \u0111\u1ec3 ch\u1ecdn m\u00e0u s\u1eafc ph\u00f9 h\u1ee3p v\u1edbi c\u00e1 t\u00ednh c\u1ee7a b\u1ea1n!<\/b><\/p>\n","protected":false},"excerpt":{"rendered":"<p>S\u1edf h\u1eefu ngay khuy\u00ean tai b\u1ea1c \u0111\u00e1 Cubic v\u1edbi 3 s\u1eafc m\u00e0u h\u1ed3ng, tr\u1eafng v\u00e0 xanh d\u01b0\u01a1ng tinh t\u1ebf. Ch\u1ea5t li\u1ec7u b\u1ea1c 925 cao c\u1ea5p gi\u00fap ph\u00e1i \u0111\u1eb9p lu\u00f4n t\u1ecfa s\u00e1ng v\u00e0 thanh l\u1ecbch m\u1ed7i ng\u00e0y.<\/p>\n","protected":false},"featured_media":428,"comment_status":"open","ping_status":"closed","template":"","meta":[],"product_brand":[],"product_cat":[33],"product_tag":[],"class_list":{"0":"post-427","1":"product","2":"type-product","3":"status-publish","4":"has-post-thumbnail","6":"product_cat-khuyen-tai","8":"first","9":"instock","10":"sale","11":"shipping-taxable","12":"purchasable","13":"product-type-variable"},"yoast_head":"<!-- This site is optimized with the Yoast SEO plugin v26.9 - https:\/\/yoast.com\/product\/yoast-seo-wordpress\/ -->\n<title>Khuy\u00ean tai b\u1ea1c \u0111\u00e1 Cubic: 3 m\u00e0u h\u1ed3ng, tr\u1eafng, xanh d\u01b0\u01a1ng tinh t\u1ebf<\/title>\n<meta name=\"description\" content=\"Mua ngay khuy\u00ean tai b\u1ea1c \u0111\u00e1 Cubic v\u1edbi 3 m\u00e0u h\u1ed3ng, tr\u1eafng, xanh d\u01b0\u01a1ng tinh t\u1ebf. S\u1ea3n ph\u1ea9m b\u1ea1c 925 cao c\u1ea5p gi\u00fap ph\u00e1i \u0111\u1eb9p lu\u00f4n t\u1ecfa s\u00e1ng v\u00e0 thanh l\u1ecbch m\u1ed7i ng\u00e0y.\" \/>\n<meta name=\"robots\" content=\"index, follow, max-snippet:-1, max-image-preview:large, max-video-preview:-1\" \/>\n<link rel=\"canonical\" href=\"https:\/\/shinee.azdigi.shop\/?product=__trashed\" \/>\n<meta property=\"og:locale\" content=\"vi_VN\" \/>\n<meta property=\"og:type\" content=\"article\" \/>\n<meta property=\"og:title\" content=\"Khuy\u00ean tai b\u1ea1c \u0111\u00e1 Cubic: 3 m\u00e0u h\u1ed3ng, tr\u1eafng, xanh d\u01b0\u01a1ng tinh t\u1ebf\" \/>\n<meta property=\"og:description\" content=\"Mua ngay khuy\u00ean tai b\u1ea1c \u0111\u00e1 Cubic v\u1edbi 3 m\u00e0u h\u1ed3ng, tr\u1eafng, xanh d\u01b0\u01a1ng tinh t\u1ebf. S\u1ea3n ph\u1ea9m b\u1ea1c 925 cao c\u1ea5p gi\u00fap ph\u00e1i \u0111\u1eb9p lu\u00f4n t\u1ecfa s\u00e1ng v\u00e0 thanh l\u1ecbch m\u1ed7i ng\u00e0y.\" \/>\n<meta property=\"og:url\" content=\"https:\/\/shinee.azdigi.shop\/?product=__trashed\" \/>\n<meta property=\"og:site_name\" content=\"Blink Jewelry\" \/>\n<meta property=\"article:modified_time\" content=\"2026-04-12T02:59:42+00:00\" \/>\n<meta property=\"og:image\" content=\"https:\/\/shinee.azdigi.shop\/wp-content\/uploads\/2026\/04\/z6067977458661_ceafb029120e4d7489335fb0362b3999.jpg\" \/>\n\t<meta property=\"og:image:width\" content=\"1279\" \/>\n\t<meta property=\"og:image:height\" content=\"1153\" \/>\n\t<meta property=\"og:image:type\" content=\"image\/jpeg\" \/>\n<meta name=\"twitter:card\" content=\"summary_large_image\" \/>\n<meta name=\"twitter:label1\" content=\"\u01af\u1edbc t\u00ednh th\u1eddi gian \u0111\u1ecdc\" \/>\n\t<meta name=\"twitter:data1\" content=\"3 ph\u00fat\" \/>\n<script type=\"application\/ld+json\" class=\"yoast-schema-graph\">{\"@context\":\"https:\/\/schema.org\",\"@graph\":[{\"@type\":\"WebPage\",\"@id\":\"https:\/\/shinee.azdigi.shop\/?product=__trashed\",\"url\":\"https:\/\/shinee.azdigi.shop\/?product=__trashed\",\"name\":\"Khuy\u00ean tai b\u1ea1c \u0111\u00e1 Cubic: 3 m\u00e0u h\u1ed3ng, tr\u1eafng, xanh d\u01b0\u01a1ng tinh t\u1ebf\",\"isPartOf\":{\"@id\":\"https:\/\/shinee.azdigi.shop\/#website\"},\"primaryImageOfPage\":{\"@id\":\"https:\/\/shinee.azdigi.shop\/?product=__trashed#primaryimage\"},\"image\":{\"@id\":\"https:\/\/shinee.azdigi.shop\/?product=__trashed#primaryimage\"},\"thumbnailUrl\":\"https:\/\/shinee.azdigi.shop\/wp-content\/uploads\/2026\/04\/z6067977458661_ceafb029120e4d7489335fb0362b3999.jpg\",\"datePublished\":\"2026-04-07T06:43:55+00:00\",\"dateModified\":\"2026-04-12T02:59:42+00:00\",\"description\":\"Mua ngay khuy\u00ean tai b\u1ea1c \u0111\u00e1 Cubic v\u1edbi 3 m\u00e0u h\u1ed3ng, tr\u1eafng, xanh d\u01b0\u01a1ng tinh t\u1ebf. S\u1ea3n ph\u1ea9m b\u1ea1c 925 cao c\u1ea5p gi\u00fap ph\u00e1i \u0111\u1eb9p lu\u00f4n t\u1ecfa s\u00e1ng v\u00e0 thanh l\u1ecbch m\u1ed7i ng\u00e0y.\",\"breadcrumb\":{\"@id\":\"https:\/\/shinee.azdigi.shop\/?product=__trashed#breadcrumb\"},\"inLanguage\":\"vi\",\"potentialAction\":[{\"@type\":\"ReadAction\",\"target\":[\"https:\/\/shinee.azdigi.shop\/?product=__trashed\"]}]},{\"@type\":\"ImageObject\",\"inLanguage\":\"vi\",\"@id\":\"https:\/\/shinee.azdigi.shop\/?product=__trashed#primaryimage\",\"url\":\"https:\/\/shinee.azdigi.shop\/wp-content\/uploads\/2026\/04\/z6067977458661_ceafb029120e4d7489335fb0362b3999.jpg\",\"contentUrl\":\"https:\/\/shinee.azdigi.shop\/wp-content\/uploads\/2026\/04\/z6067977458661_ceafb029120e4d7489335fb0362b3999.jpg\",\"width\":1279,\"height\":1153},{\"@type\":\"BreadcrumbList\",\"@id\":\"https:\/\/shinee.azdigi.shop\/?product=__trashed#breadcrumb\",\"itemListElement\":[{\"@type\":\"ListItem\",\"position\":1,\"name\":\"Trang ch\u1ee7\",\"item\":\"https:\/\/shinee.azdigi.shop\/\"},{\"@type\":\"ListItem\",\"position\":2,\"name\":\"C\u1eeda h\u00e0ng\",\"item\":\"https:\/\/shinee.azdigi.shop\/?page_id=295\"},{\"@type\":\"ListItem\",\"position\":3,\"name\":\"Khuy\u00ean tai b\u1ea1c \u0111\u00e1 cubic\"}]},{\"@type\":\"WebSite\",\"@id\":\"https:\/\/shinee.azdigi.shop\/#website\",\"url\":\"https:\/\/shinee.azdigi.shop\/\",\"name\":\"Blink Jewelry\",\"description\":\"\",\"publisher\":{\"@id\":\"https:\/\/shinee.azdigi.shop\/#\/schema\/person\/7b844dc57e2f534561c4e46d6d4d17a5\"},\"potentialAction\":[{\"@type\":\"SearchAction\",\"target\":{\"@type\":\"EntryPoint\",\"urlTemplate\":\"https:\/\/shinee.azdigi.shop\/?s={search_term_string}\"},\"query-input\":{\"@type\":\"PropertyValueSpecification\",\"valueRequired\":true,\"valueName\":\"search_term_string\"}}],\"inLanguage\":\"vi\"},{\"@type\":[\"Person\",\"Organization\"],\"@id\":\"https:\/\/shinee.azdigi.shop\/#\/schema\/person\/7b844dc57e2f534561c4e46d6d4d17a5\",\"name\":\"Hong Tuy\",\"image\":{\"@type\":\"ImageObject\",\"inLanguage\":\"vi\",\"@id\":\"https:\/\/shinee.azdigi.shop\/#\/schema\/person\/image\/\",\"url\":\"https:\/\/shinee.azdigi.shop\/wp-content\/uploads\/2026\/02\/z7517737342045_cb6c96e3731c5955a4f972a435896434.jpg\",\"contentUrl\":\"https:\/\/shinee.azdigi.shop\/wp-content\/uploads\/2026\/02\/z7517737342045_cb6c96e3731c5955a4f972a435896434.jpg\",\"width\":759,\"height\":445,\"caption\":\"Hong Tuy\"},\"logo\":{\"@id\":\"https:\/\/shinee.azdigi.shop\/#\/schema\/person\/image\/\"},\"sameAs\":[\"https:\/\/shinee.azdigi.shop\"]}]}<\/script>\n<!-- \/ Yoast SEO plugin. -->","yoast_head_json":{"title":"Khuy\u00ean tai b\u1ea1c \u0111\u00e1 Cubic: 3 m\u00e0u h\u1ed3ng, tr\u1eafng, xanh d\u01b0\u01a1ng tinh t\u1ebf","description":"Mua ngay khuy\u00ean tai b\u1ea1c \u0111\u00e1 Cubic v\u1edbi 3 m\u00e0u h\u1ed3ng, tr\u1eafng, xanh d\u01b0\u01a1ng tinh t\u1ebf. S\u1ea3n ph\u1ea9m b\u1ea1c 925 cao c\u1ea5p gi\u00fap ph\u00e1i \u0111\u1eb9p lu\u00f4n t\u1ecfa s\u00e1ng v\u00e0 thanh l\u1ecbch m\u1ed7i ng\u00e0y.","robots":{"index":"index","follow":"follow","max-snippet":"max-snippet:-1","max-image-preview":"max-image-preview:large","max-video-preview":"max-video-preview:-1"},"canonical":"https:\/\/shinee.azdigi.shop\/?product=__trashed","og_locale":"vi_VN","og_type":"article","og_title":"Khuy\u00ean tai b\u1ea1c \u0111\u00e1 Cubic: 3 m\u00e0u h\u1ed3ng, tr\u1eafng, xanh d\u01b0\u01a1ng tinh t\u1ebf","og_description":"Mua ngay khuy\u00ean tai b\u1ea1c \u0111\u00e1 Cubic v\u1edbi 3 m\u00e0u h\u1ed3ng, tr\u1eafng, xanh d\u01b0\u01a1ng tinh t\u1ebf. S\u1ea3n ph\u1ea9m b\u1ea1c 925 cao c\u1ea5p gi\u00fap ph\u00e1i \u0111\u1eb9p lu\u00f4n t\u1ecfa s\u00e1ng v\u00e0 thanh l\u1ecbch m\u1ed7i ng\u00e0y.","og_url":"https:\/\/shinee.azdigi.shop\/?product=__trashed","og_site_name":"Blink Jewelry","article_modified_time":"2026-04-12T02:59:42+00:00","og_image":[{"width":1279,"height":1153,"url":"https:\/\/shinee.azdigi.shop\/wp-content\/uploads\/2026\/04\/z6067977458661_ceafb029120e4d7489335fb0362b3999.jpg","type":"image\/jpeg"}],"twitter_card":"summary_large_image","twitter_misc":{"\u01af\u1edbc t\u00ednh th\u1eddi gian \u0111\u1ecdc":"3 ph\u00fat"},"schema":{"@context":"https:\/\/schema.org","@graph":[{"@type":"WebPage","@id":"https:\/\/shinee.azdigi.shop\/?product=__trashed","url":"https:\/\/shinee.azdigi.shop\/?product=__trashed","name":"Khuy\u00ean tai b\u1ea1c \u0111\u00e1 Cubic: 3 m\u00e0u h\u1ed3ng, tr\u1eafng, xanh d\u01b0\u01a1ng tinh t\u1ebf","isPartOf":{"@id":"https:\/\/shinee.azdigi.shop\/#website"},"primaryImageOfPage":{"@id":"https:\/\/shinee.azdigi.shop\/?product=__trashed#primaryimage"},"image":{"@id":"https:\/\/shinee.azdigi.shop\/?product=__trashed#primaryimage"},"thumbnailUrl":"https:\/\/shinee.azdigi.shop\/wp-content\/uploads\/2026\/04\/z6067977458661_ceafb029120e4d7489335fb0362b3999.jpg","datePublished":"2026-04-07T06:43:55+00:00","dateModified":"2026-04-12T02:59:42+00:00","description":"Mua ngay khuy\u00ean tai b\u1ea1c \u0111\u00e1 Cubic v\u1edbi 3 m\u00e0u h\u1ed3ng, tr\u1eafng, xanh d\u01b0\u01a1ng tinh t\u1ebf. S\u1ea3n ph\u1ea9m b\u1ea1c 925 cao c\u1ea5p gi\u00fap ph\u00e1i \u0111\u1eb9p lu\u00f4n t\u1ecfa s\u00e1ng v\u00e0 thanh l\u1ecbch m\u1ed7i ng\u00e0y.","breadcrumb":{"@id":"https:\/\/shinee.azdigi.shop\/?product=__trashed#breadcrumb"},"inLanguage":"vi","potentialAction":[{"@type":"ReadAction","target":["https:\/\/shinee.azdigi.shop\/?product=__trashed"]}]},{"@type":"ImageObject","inLanguage":"vi","@id":"https:\/\/shinee.azdigi.shop\/?product=__trashed#primaryimage","url":"https:\/\/shinee.azdigi.shop\/wp-content\/uploads\/2026\/04\/z6067977458661_ceafb029120e4d7489335fb0362b3999.jpg","contentUrl":"https:\/\/shinee.azdigi.shop\/wp-content\/uploads\/2026\/04\/z6067977458661_ceafb029120e4d7489335fb0362b3999.jpg","width":1279,"height":1153},{"@type":"BreadcrumbList","@id":"https:\/\/shinee.azdigi.shop\/?product=__trashed#breadcrumb","itemListElement":[{"@type":"ListItem","position":1,"name":"Trang ch\u1ee7","item":"https:\/\/shinee.azdigi.shop\/"},{"@type":"ListItem","position":2,"name":"C\u1eeda h\u00e0ng","item":"https:\/\/shinee.azdigi.shop\/?page_id=295"},{"@type":"ListItem","position":3,"name":"Khuy\u00ean tai b\u1ea1c \u0111\u00e1 cubic"}]},{"@type":"WebSite","@id":"https:\/\/shinee.azdigi.shop\/#website","url":"https:\/\/shinee.azdigi.shop\/","name":"Blink Jewelry","description":"","publisher":{"@id":"https:\/\/shinee.azdigi.shop\/#\/schema\/person\/7b844dc57e2f534561c4e46d6d4d17a5"},"potentialAction":[{"@type":"SearchAction","target":{"@type":"EntryPoint","urlTemplate":"https:\/\/shinee.azdigi.shop\/?s={search_term_string}"},"query-input":{"@type":"PropertyValueSpecification","valueRequired":true,"valueName":"search_term_string"}}],"inLanguage":"vi"},{"@type":["Person","Organization"],"@id":"https:\/\/shinee.azdigi.shop\/#\/schema\/person\/7b844dc57e2f534561c4e46d6d4d17a5","name":"Hong Tuy","image":{"@type":"ImageObject","inLanguage":"vi","@id":"https:\/\/shinee.azdigi.shop\/#\/schema\/person\/image\/","url":"https:\/\/shinee.azdigi.shop\/wp-content\/uploads\/2026\/02\/z7517737342045_cb6c96e3731c5955a4f972a435896434.jpg","contentUrl":"https:\/\/shinee.azdigi.shop\/wp-content\/uploads\/2026\/02\/z7517737342045_cb6c96e3731c5955a4f972a435896434.jpg","width":759,"height":445,"caption":"Hong Tuy"},"logo":{"@id":"https:\/\/shinee.azdigi.shop\/#\/schema\/person\/image\/"},"sameAs":["https:\/\/shinee.azdigi.shop"]}]}},"jetpack_sharing_enabled":true,"_links":{"self":[{"href":"https:\/\/shinee.azdigi.shop\/index.php?rest_route=\/wp\/v2\/product\/427","targetHints":{"allow":["GET"]}}],"collection":[{"href":"https:\/\/shinee.azdigi.shop\/index.php?rest_route=\/wp\/v2\/product"}],"about":[{"href":"https:\/\/shinee.azdigi.shop\/index.php?rest_route=\/wp\/v2\/types\/product"}],"replies":[{"embeddable":true,"href":"https:\/\/shinee.azdigi.shop\/index.php?rest_route=%2Fwp%2Fv2%2Fcomments&post=427"}],"wp:featuredmedia":[{"embeddable":true,"href":"https:\/\/shinee.azdigi.shop\/index.php?rest_route=\/wp\/v2\/media\/428"}],"wp:attachment":[{"href":"https:\/\/shinee.azdigi.shop\/index.php?rest_route=%2Fwp%2Fv2%2Fmedia&parent=427"}],"wp:term":[{"taxonomy":"product_brand","embeddable":true,"href":"https:\/\/shinee.azdigi.shop\/index.php?rest_route=%2Fwp%2Fv2%2Fproduct_brand&post=427"},{"taxonomy":"product_cat","embeddable":true,"href":"https:\/\/shinee.azdigi.shop\/index.php?rest_route=%2Fwp%2Fv2%2Fproduct_cat&post=427"},{"taxonomy":"product_tag","embeddable":true,"href":"https:\/\/shinee.azdigi.shop\/index.php?rest_route=%2Fwp%2Fv2%2Fproduct_tag&post=427"}],"curies":[{"name":"wp","href":"https:\/\/api.w.org\/{rel}","templated":true}]}}