{"id":523,"date":"2026-04-10T18:44:11","date_gmt":"2026-04-10T18:44:11","guid":{"rendered":"https:\/\/shinee.azdigi.shop\/?post_type=product&#038;p=523"},"modified":"2026-04-12T04:49:29","modified_gmt":"2026-04-12T04:49:29","slug":"nhan-titan-cartier-thoi-trang-dang-cap","status":"publish","type":"product","link":"https:\/\/shinee.azdigi.shop\/?product=nhan-titan-cartier-thoi-trang-dang-cap","title":{"rendered":"Nh\u1eabn titan cartier th\u1eddi trang \u0111\u1eb3ng c\u1ea5p"},"content":{"rendered":"<h2 data-path-to-node=\"8\"><b data-path-to-node=\"8\" data-index-in-node=\"0\">Nh\u1eabn Titan 4mm \u2013 V\u1ebb \u0111\u1eb9p tinh t\u1ebf t\u1eeb phong c\u00e1ch t\u1ed1i gi\u1ea3n<\/b><\/h2>\n<p data-path-to-node=\"9\">Trong ph\u00e2n kh\u00fac trang s\u1ee9c ph\u1ee5 ki\u1ec7n, m\u1eabu <b data-path-to-node=\"9\" data-index-in-node=\"40\">nh\u1eabn Titan 4mm<\/b> lu\u00f4n \u0111\u1ee9ng \u0111\u1ea7u danh s\u00e1ch y\u00eau th\u00edch nh\u1edd thi\u1ebft k\u1ebf kh\u00f4ng l\u1ed7i m\u1ed1t. S\u1ea3n ph\u1ea9m l\u00e0 s\u1ef1 k\u1ebft h\u1ee3p ho\u00e0n h\u1ea3o gi\u1eefa \u0111\u1ed9 b\u1ec1n c\u1ee7a th\u00e9p titan v\u00e0 n\u00e9t l\u1ed9ng l\u1eaby c\u1ee7a c\u00e1c vi\u00ean \u0111\u00e1 \u0111\u00ednh tinh t\u1ebf.<\/p>\n<h3 data-path-to-node=\"10\"><b data-path-to-node=\"10\" data-index-in-node=\"0\">1. Ch\u1ea5t li\u1ec7u Titan kh\u00f4ng g\u1ec9 cao c\u1ea5p<\/b><\/h3>\n<p data-path-to-node=\"11\">\u0110i\u1ec3m m\u1ea1nh nh\u1ea5t c\u1ee7a s\u1ea3n ph\u1ea9m ch\u00ednh l\u00e0 ch\u1ea5t li\u1ec7u. Nh\u1eabn \u0111\u01b0\u1ee3c l\u00e0m t\u1eeb th\u00e9p Titan cao c\u1ea5p v\u1edbi nh\u1eefng \u0111\u1eb7c t\u00ednh \u01b0u vi\u1ec7t:<\/p>\n<ul data-path-to-node=\"12\">\n<li>\n<p data-path-to-node=\"12,0,0\"><b data-path-to-node=\"12,0,0\" data-index-in-node=\"0\">B\u1ec1n m\u00e0u tuy\u1ec7t \u0111\u1ed1i:<\/b> Kh\u00f4ng b\u1ecb \u0111en hay x\u1ec9n m\u00e0u khi ti\u1ebfp x\u00fac v\u1edbi n\u01b0\u1edbc v\u00e0 m\u1ed3 h\u00f4i.<\/p>\n<\/li>\n<li>\n<p data-path-to-node=\"12,1,0\"><b data-path-to-node=\"12,1,0\" data-index-in-node=\"0\">An to\u00e0n cho da:<\/b> Kh\u00f4ng g\u00e2y d\u1ecb \u1ee9ng, ph\u00f9 h\u1ee3p v\u1edbi m\u1ecdi c\u01a1 \u0111\u1ecba.<\/p>\n<\/li>\n<li>\n<p data-path-to-node=\"12,2,0\"><b data-path-to-node=\"12,2,0\" data-index-in-node=\"0\">\u0110\u1ed9 b\u00f3ng g\u01b0\u01a1ng:<\/b> B\u1ec1 m\u1eb7t \u0111\u01b0\u1ee3c x\u1eed l\u00fd c\u00f4ng ngh\u1ec7 \u0111\u00e1nh b\u00f3ng hi\u1ec7n \u0111\u1ea1i, t\u1ea1o \u0111\u1ed9 s\u00e1ng s\u1eafc n\u00e9t.<\/p>\n<\/li>\n<\/ul>\n<h3 data-path-to-node=\"13\"><b data-path-to-node=\"13\" data-index-in-node=\"0\">2. Hai phi\u00ean b\u1ea3n m\u00e0u s\u1eafc \u0111\u1eb3ng c\u1ea5p<\/b><\/h3>\n<p data-path-to-node=\"14\">\u0110\u1ec3 \u0111\u00e1p \u1ee9ng s\u1edf th\u00edch \u0111a d\u1ea1ng, m\u1eabu nh\u1eabn n\u00e0y s\u1edf h\u1eefu hai t\u00f4ng m\u00e0u ch\u1ee7 \u0111\u1ea1o:<\/p>\n<ul data-path-to-node=\"15\">\n<li>\n<p data-path-to-node=\"15,0,0\"><b data-path-to-node=\"15,0,0\" data-index-in-node=\"0\">M\u00e0u v\u00e0ng sang tr\u1ecdng:<\/b> Mang l\u1ea1i v\u1ebb ngo\u00e0i ph\u00fa qu\u00fd, n\u1ed5i b\u1eadt v\u00e0 c\u1ed5 \u0111i\u1ec3n.<\/p>\n<\/li>\n<li>\n<p data-path-to-node=\"15,1,0\"><b data-path-to-node=\"15,1,0\" data-index-in-node=\"0\">M\u00e0u v\u00e0ng tr\u1eafng hi\u1ec7n \u0111\u1ea1i:<\/b> Thanh l\u1ecbch, tr\u1ebb trung, c\u1ef1c k\u1ef3 d\u1ec5 ph\u1ed1i c\u00f9ng c\u00e1c lo\u1ea1i v\u00f2ng tay hay \u0111\u1ed3ng h\u1ed3.<\/p>\n<\/li>\n<\/ul>\n<h3 data-path-to-node=\"16\"><b data-path-to-node=\"16\" data-index-in-node=\"0\">3. Thi\u1ebft k\u1ebf \u0111\u00ednh \u0111\u00e1 v\u00e0 h\u1ecda ti\u1ebft \u0111\u1ed9c \u0111\u00e1o<\/b><\/h3>\n<p data-path-to-node=\"17\">V\u1edbi b\u1ec1 b\u1ea3n <b data-path-to-node=\"17\" data-index-in-node=\"11\">4mm<\/b> v\u1eeba v\u1eb7n, nh\u1eabn kh\u00f4ng g\u00e2y c\u1ea3m gi\u00e1c n\u1eb7ng n\u1ec1 khi \u0111eo. C\u00e1c h\u1ecda ti\u1ebft v\u00f2ng tr\u00f2n \u0111\u1ed3ng t\u00e2m \u0111\u01b0\u1ee3c kh\u1eafc laser s\u1eafc s\u1ea3o xen k\u1ebd v\u1edbi nh\u1eefng vi\u00ean \u0111\u00e1 nh\u1ecf l\u1ea5p l\u00e1nh. Thi\u1ebft k\u1ebf n\u00e0y t\u1ea1o n\u00ean m\u1ed9t di\u1ec7n m\u1ea1o \u0111\u1eb3ng c\u1ea5p, th\u01b0\u1eddng th\u1ea5y \u1edf c\u00e1c d\u00f2ng trang s\u1ee9c cao c\u1ea5p th\u1ebf gi\u1edbi.<\/p>\n<h3 data-path-to-node=\"18\"><b data-path-to-node=\"18\" data-index-in-node=\"0\">4. L\u1ef1a ch\u1ecdn ho\u00e0n h\u1ea3o cho nh\u1eabn \u0111\u00f4i<\/b><\/h3>\n<p data-path-to-node=\"19\">Nh\u1edd phong c\u00e1ch Unisex (trung t\u00ednh), m\u1eabu nh\u1eabn n\u00e0y th\u01b0\u1eddng \u0111\u01b0\u1ee3c c\u00e1c c\u1eb7p \u0111\u00f4i l\u1ef1a ch\u1ecdn l\u00e0m nh\u1eabn \u0111\u00f4i. S\u1ef1 g\u1eafn k\u1ebft gi\u1eefa m\u00e0u v\u00e0ng \u1ea5m \u00e1p v\u00e0 m\u00e0u v\u00e0ng tr\u1eafng tinh kh\u00f4i t\u01b0\u1ee3ng tr\u01b0ng cho t\u00ecnh y\u00eau b\u1ec1n ch\u1eb7t, kh\u00f4ng \u0111\u1ed5i thay theo th\u1eddi gian.<\/p>\n","protected":false},"excerpt":{"rendered":"<p>B\u1ec1 b\u1ea3n 4mm thanh l\u1ecbch, \u0111\u00ednh \u0111\u00e1 nh\u1ecf l\u1ea5p l\u00e1nh c\u00f9ng h\u1ecda ti\u1ebft v\u00f2ng tr\u00f2n s\u1eafc n\u00e9t.<\/p>\n","protected":false},"featured_media":524,"comment_status":"open","ping_status":"closed","template":"","meta":[],"product_brand":[],"product_cat":[35],"product_tag":[],"class_list":{"0":"post-523","1":"product","2":"type-product","3":"status-publish","4":"has-post-thumbnail","6":"product_cat-nhan","8":"first","9":"instock","10":"featured","11":"shipping-taxable","12":"purchasable","13":"product-type-variable"},"yoast_head":"<!-- This site is optimized with the Yoast SEO plugin v26.9 - https:\/\/yoast.com\/product\/yoast-seo-wordpress\/ -->\n<title>Nh\u1eabn titan cartier th\u1eddi trang \u0111\u1eb3ng c\u1ea5p - Blink Jewelry<\/title>\n<meta name=\"description\" content=\"Mua nh\u1eabn Titan 4mm thi\u1ebft k\u1ebf sang tr\u1ecdng v\u1edbi hai m\u00e0u v\u00e0ng v\u00e0 v\u00e0ng tr\u1eafng. Ch\u1ea5t li\u1ec7u titan cao c\u1ea5p kh\u00f4ng g\u1ec9, \u0111\u00ednh \u0111\u00e1 tinh x\u1ea3o, ph\u00f9 h\u1ee3p l\u00e0m nh\u1eabn \u0111\u00f4i.\" \/>\n<meta name=\"robots\" content=\"index, follow, max-snippet:-1, max-image-preview:large, max-video-preview:-1\" \/>\n<link rel=\"canonical\" href=\"https:\/\/shinee.azdigi.shop\/?product=nhan-titan-cartier-thoi-trang-dang-cap\" \/>\n<meta property=\"og:locale\" content=\"vi_VN\" \/>\n<meta property=\"og:type\" content=\"article\" \/>\n<meta property=\"og:title\" content=\"Nh\u1eabn titan cartier th\u1eddi trang \u0111\u1eb3ng c\u1ea5p - Blink Jewelry\" \/>\n<meta property=\"og:description\" content=\"Mua nh\u1eabn Titan 4mm thi\u1ebft k\u1ebf sang tr\u1ecdng v\u1edbi hai m\u00e0u v\u00e0ng v\u00e0 v\u00e0ng tr\u1eafng. Ch\u1ea5t li\u1ec7u titan cao c\u1ea5p kh\u00f4ng g\u1ec9, \u0111\u00ednh \u0111\u00e1 tinh x\u1ea3o, ph\u00f9 h\u1ee3p l\u00e0m nh\u1eabn \u0111\u00f4i.\" \/>\n<meta property=\"og:url\" content=\"https:\/\/shinee.azdigi.shop\/?product=nhan-titan-cartier-thoi-trang-dang-cap\" \/>\n<meta property=\"og:site_name\" content=\"Blink Jewelry\" \/>\n<meta property=\"article:modified_time\" content=\"2026-04-12T04:49:29+00:00\" \/>\n<meta property=\"og:image\" content=\"https:\/\/shinee.azdigi.shop\/wp-content\/uploads\/2026\/04\/TC091a-nhan-titan-catier-mau-vang-1.jpg\" \/>\n\t<meta property=\"og:image:width\" content=\"720\" \/>\n\t<meta property=\"og:image:height\" content=\"720\" \/>\n\t<meta property=\"og:image:type\" content=\"image\/jpeg\" \/>\n<meta name=\"twitter:card\" content=\"summary_large_image\" \/>\n<meta name=\"twitter:label1\" content=\"\u01af\u1edbc t\u00ednh th\u1eddi gian \u0111\u1ecdc\" \/>\n\t<meta name=\"twitter:data1\" content=\"2 ph\u00fat\" \/>\n<script type=\"application\/ld+json\" class=\"yoast-schema-graph\">{\"@context\":\"https:\/\/schema.org\",\"@graph\":[{\"@type\":\"WebPage\",\"@id\":\"https:\/\/shinee.azdigi.shop\/?product=nhan-titan-cartier-thoi-trang-dang-cap\",\"url\":\"https:\/\/shinee.azdigi.shop\/?product=nhan-titan-cartier-thoi-trang-dang-cap\",\"name\":\"Nh\u1eabn titan cartier th\u1eddi trang \u0111\u1eb3ng c\u1ea5p - Blink Jewelry\",\"isPartOf\":{\"@id\":\"https:\/\/shinee.azdigi.shop\/#website\"},\"primaryImageOfPage\":{\"@id\":\"https:\/\/shinee.azdigi.shop\/?product=nhan-titan-cartier-thoi-trang-dang-cap#primaryimage\"},\"image\":{\"@id\":\"https:\/\/shinee.azdigi.shop\/?product=nhan-titan-cartier-thoi-trang-dang-cap#primaryimage\"},\"thumbnailUrl\":\"https:\/\/shinee.azdigi.shop\/wp-content\/uploads\/2026\/04\/TC091a-nhan-titan-catier-mau-vang-1.jpg\",\"datePublished\":\"2026-04-10T18:44:11+00:00\",\"dateModified\":\"2026-04-12T04:49:29+00:00\",\"description\":\"Mua nh\u1eabn Titan 4mm thi\u1ebft k\u1ebf sang tr\u1ecdng v\u1edbi hai m\u00e0u v\u00e0ng v\u00e0 v\u00e0ng tr\u1eafng. Ch\u1ea5t li\u1ec7u titan cao c\u1ea5p kh\u00f4ng g\u1ec9, \u0111\u00ednh \u0111\u00e1 tinh x\u1ea3o, ph\u00f9 h\u1ee3p l\u00e0m nh\u1eabn \u0111\u00f4i.\",\"breadcrumb\":{\"@id\":\"https:\/\/shinee.azdigi.shop\/?product=nhan-titan-cartier-thoi-trang-dang-cap#breadcrumb\"},\"inLanguage\":\"vi\",\"potentialAction\":[{\"@type\":\"ReadAction\",\"target\":[\"https:\/\/shinee.azdigi.shop\/?product=nhan-titan-cartier-thoi-trang-dang-cap\"]}]},{\"@type\":\"ImageObject\",\"inLanguage\":\"vi\",\"@id\":\"https:\/\/shinee.azdigi.shop\/?product=nhan-titan-cartier-thoi-trang-dang-cap#primaryimage\",\"url\":\"https:\/\/shinee.azdigi.shop\/wp-content\/uploads\/2026\/04\/TC091a-nhan-titan-catier-mau-vang-1.jpg\",\"contentUrl\":\"https:\/\/shinee.azdigi.shop\/wp-content\/uploads\/2026\/04\/TC091a-nhan-titan-catier-mau-vang-1.jpg\",\"width\":720,\"height\":720},{\"@type\":\"BreadcrumbList\",\"@id\":\"https:\/\/shinee.azdigi.shop\/?product=nhan-titan-cartier-thoi-trang-dang-cap#breadcrumb\",\"itemListElement\":[{\"@type\":\"ListItem\",\"position\":1,\"name\":\"Trang ch\u1ee7\",\"item\":\"https:\/\/shinee.azdigi.shop\/\"},{\"@type\":\"ListItem\",\"position\":2,\"name\":\"C\u1eeda h\u00e0ng\",\"item\":\"https:\/\/shinee.azdigi.shop\/?page_id=295\"},{\"@type\":\"ListItem\",\"position\":3,\"name\":\"Nh\u1eabn titan cartier th\u1eddi trang \u0111\u1eb3ng c\u1ea5p\"}]},{\"@type\":\"WebSite\",\"@id\":\"https:\/\/shinee.azdigi.shop\/#website\",\"url\":\"https:\/\/shinee.azdigi.shop\/\",\"name\":\"Blink Jewelry\",\"description\":\"\",\"publisher\":{\"@id\":\"https:\/\/shinee.azdigi.shop\/#\/schema\/person\/7b844dc57e2f534561c4e46d6d4d17a5\"},\"potentialAction\":[{\"@type\":\"SearchAction\",\"target\":{\"@type\":\"EntryPoint\",\"urlTemplate\":\"https:\/\/shinee.azdigi.shop\/?s={search_term_string}\"},\"query-input\":{\"@type\":\"PropertyValueSpecification\",\"valueRequired\":true,\"valueName\":\"search_term_string\"}}],\"inLanguage\":\"vi\"},{\"@type\":[\"Person\",\"Organization\"],\"@id\":\"https:\/\/shinee.azdigi.shop\/#\/schema\/person\/7b844dc57e2f534561c4e46d6d4d17a5\",\"name\":\"Hong Tuy\",\"image\":{\"@type\":\"ImageObject\",\"inLanguage\":\"vi\",\"@id\":\"https:\/\/shinee.azdigi.shop\/#\/schema\/person\/image\/\",\"url\":\"https:\/\/shinee.azdigi.shop\/wp-content\/uploads\/2026\/02\/z7517737342045_cb6c96e3731c5955a4f972a435896434.jpg\",\"contentUrl\":\"https:\/\/shinee.azdigi.shop\/wp-content\/uploads\/2026\/02\/z7517737342045_cb6c96e3731c5955a4f972a435896434.jpg\",\"width\":759,\"height\":445,\"caption\":\"Hong Tuy\"},\"logo\":{\"@id\":\"https:\/\/shinee.azdigi.shop\/#\/schema\/person\/image\/\"},\"sameAs\":[\"https:\/\/shinee.azdigi.shop\"]}]}<\/script>\n<!-- \/ Yoast SEO plugin. -->","yoast_head_json":{"title":"Nh\u1eabn titan cartier th\u1eddi trang \u0111\u1eb3ng c\u1ea5p - Blink Jewelry","description":"Mua nh\u1eabn Titan 4mm thi\u1ebft k\u1ebf sang tr\u1ecdng v\u1edbi hai m\u00e0u v\u00e0ng v\u00e0 v\u00e0ng tr\u1eafng. Ch\u1ea5t li\u1ec7u titan cao c\u1ea5p kh\u00f4ng g\u1ec9, \u0111\u00ednh \u0111\u00e1 tinh x\u1ea3o, ph\u00f9 h\u1ee3p l\u00e0m nh\u1eabn \u0111\u00f4i.","robots":{"index":"index","follow":"follow","max-snippet":"max-snippet:-1","max-image-preview":"max-image-preview:large","max-video-preview":"max-video-preview:-1"},"canonical":"https:\/\/shinee.azdigi.shop\/?product=nhan-titan-cartier-thoi-trang-dang-cap","og_locale":"vi_VN","og_type":"article","og_title":"Nh\u1eabn titan cartier th\u1eddi trang \u0111\u1eb3ng c\u1ea5p - Blink Jewelry","og_description":"Mua nh\u1eabn Titan 4mm thi\u1ebft k\u1ebf sang tr\u1ecdng v\u1edbi hai m\u00e0u v\u00e0ng v\u00e0 v\u00e0ng tr\u1eafng. Ch\u1ea5t li\u1ec7u titan cao c\u1ea5p kh\u00f4ng g\u1ec9, \u0111\u00ednh \u0111\u00e1 tinh x\u1ea3o, ph\u00f9 h\u1ee3p l\u00e0m nh\u1eabn \u0111\u00f4i.","og_url":"https:\/\/shinee.azdigi.shop\/?product=nhan-titan-cartier-thoi-trang-dang-cap","og_site_name":"Blink Jewelry","article_modified_time":"2026-04-12T04:49:29+00:00","og_image":[{"width":720,"height":720,"url":"https:\/\/shinee.azdigi.shop\/wp-content\/uploads\/2026\/04\/TC091a-nhan-titan-catier-mau-vang-1.jpg","type":"image\/jpeg"}],"twitter_card":"summary_large_image","twitter_misc":{"\u01af\u1edbc t\u00ednh th\u1eddi gian \u0111\u1ecdc":"2 ph\u00fat"},"schema":{"@context":"https:\/\/schema.org","@graph":[{"@type":"WebPage","@id":"https:\/\/shinee.azdigi.shop\/?product=nhan-titan-cartier-thoi-trang-dang-cap","url":"https:\/\/shinee.azdigi.shop\/?product=nhan-titan-cartier-thoi-trang-dang-cap","name":"Nh\u1eabn titan cartier th\u1eddi trang \u0111\u1eb3ng c\u1ea5p - Blink Jewelry","isPartOf":{"@id":"https:\/\/shinee.azdigi.shop\/#website"},"primaryImageOfPage":{"@id":"https:\/\/shinee.azdigi.shop\/?product=nhan-titan-cartier-thoi-trang-dang-cap#primaryimage"},"image":{"@id":"https:\/\/shinee.azdigi.shop\/?product=nhan-titan-cartier-thoi-trang-dang-cap#primaryimage"},"thumbnailUrl":"https:\/\/shinee.azdigi.shop\/wp-content\/uploads\/2026\/04\/TC091a-nhan-titan-catier-mau-vang-1.jpg","datePublished":"2026-04-10T18:44:11+00:00","dateModified":"2026-04-12T04:49:29+00:00","description":"Mua nh\u1eabn Titan 4mm thi\u1ebft k\u1ebf sang tr\u1ecdng v\u1edbi hai m\u00e0u v\u00e0ng v\u00e0 v\u00e0ng tr\u1eafng. Ch\u1ea5t li\u1ec7u titan cao c\u1ea5p kh\u00f4ng g\u1ec9, \u0111\u00ednh \u0111\u00e1 tinh x\u1ea3o, ph\u00f9 h\u1ee3p l\u00e0m nh\u1eabn \u0111\u00f4i.","breadcrumb":{"@id":"https:\/\/shinee.azdigi.shop\/?product=nhan-titan-cartier-thoi-trang-dang-cap#breadcrumb"},"inLanguage":"vi","potentialAction":[{"@type":"ReadAction","target":["https:\/\/shinee.azdigi.shop\/?product=nhan-titan-cartier-thoi-trang-dang-cap"]}]},{"@type":"ImageObject","inLanguage":"vi","@id":"https:\/\/shinee.azdigi.shop\/?product=nhan-titan-cartier-thoi-trang-dang-cap#primaryimage","url":"https:\/\/shinee.azdigi.shop\/wp-content\/uploads\/2026\/04\/TC091a-nhan-titan-catier-mau-vang-1.jpg","contentUrl":"https:\/\/shinee.azdigi.shop\/wp-content\/uploads\/2026\/04\/TC091a-nhan-titan-catier-mau-vang-1.jpg","width":720,"height":720},{"@type":"BreadcrumbList","@id":"https:\/\/shinee.azdigi.shop\/?product=nhan-titan-cartier-thoi-trang-dang-cap#breadcrumb","itemListElement":[{"@type":"ListItem","position":1,"name":"Trang ch\u1ee7","item":"https:\/\/shinee.azdigi.shop\/"},{"@type":"ListItem","position":2,"name":"C\u1eeda h\u00e0ng","item":"https:\/\/shinee.azdigi.shop\/?page_id=295"},{"@type":"ListItem","position":3,"name":"Nh\u1eabn titan cartier th\u1eddi trang \u0111\u1eb3ng c\u1ea5p"}]},{"@type":"WebSite","@id":"https:\/\/shinee.azdigi.shop\/#website","url":"https:\/\/shinee.azdigi.shop\/","name":"Blink Jewelry","description":"","publisher":{"@id":"https:\/\/shinee.azdigi.shop\/#\/schema\/person\/7b844dc57e2f534561c4e46d6d4d17a5"},"potentialAction":[{"@type":"SearchAction","target":{"@type":"EntryPoint","urlTemplate":"https:\/\/shinee.azdigi.shop\/?s={search_term_string}"},"query-input":{"@type":"PropertyValueSpecification","valueRequired":true,"valueName":"search_term_string"}}],"inLanguage":"vi"},{"@type":["Person","Organization"],"@id":"https:\/\/shinee.azdigi.shop\/#\/schema\/person\/7b844dc57e2f534561c4e46d6d4d17a5","name":"Hong Tuy","image":{"@type":"ImageObject","inLanguage":"vi","@id":"https:\/\/shinee.azdigi.shop\/#\/schema\/person\/image\/","url":"https:\/\/shinee.azdigi.shop\/wp-content\/uploads\/2026\/02\/z7517737342045_cb6c96e3731c5955a4f972a435896434.jpg","contentUrl":"https:\/\/shinee.azdigi.shop\/wp-content\/uploads\/2026\/02\/z7517737342045_cb6c96e3731c5955a4f972a435896434.jpg","width":759,"height":445,"caption":"Hong Tuy"},"logo":{"@id":"https:\/\/shinee.azdigi.shop\/#\/schema\/person\/image\/"},"sameAs":["https:\/\/shinee.azdigi.shop"]}]}},"jetpack_sharing_enabled":true,"_links":{"self":[{"href":"https:\/\/shinee.azdigi.shop\/index.php?rest_route=\/wp\/v2\/product\/523","targetHints":{"allow":["GET"]}}],"collection":[{"href":"https:\/\/shinee.azdigi.shop\/index.php?rest_route=\/wp\/v2\/product"}],"about":[{"href":"https:\/\/shinee.azdigi.shop\/index.php?rest_route=\/wp\/v2\/types\/product"}],"replies":[{"embeddable":true,"href":"https:\/\/shinee.azdigi.shop\/index.php?rest_route=%2Fwp%2Fv2%2Fcomments&post=523"}],"wp:featuredmedia":[{"embeddable":true,"href":"https:\/\/shinee.azdigi.shop\/index.php?rest_route=\/wp\/v2\/media\/524"}],"wp:attachment":[{"href":"https:\/\/shinee.azdigi.shop\/index.php?rest_route=%2Fwp%2Fv2%2Fmedia&parent=523"}],"wp:term":[{"taxonomy":"product_brand","embeddable":true,"href":"https:\/\/shinee.azdigi.shop\/index.php?rest_route=%2Fwp%2Fv2%2Fproduct_brand&post=523"},{"taxonomy":"product_cat","embeddable":true,"href":"https:\/\/shinee.azdigi.shop\/index.php?rest_route=%2Fwp%2Fv2%2Fproduct_cat&post=523"},{"taxonomy":"product_tag","embeddable":true,"href":"https:\/\/shinee.azdigi.shop\/index.php?rest_route=%2Fwp%2Fv2%2Fproduct_tag&post=523"}],"curies":[{"name":"wp","href":"https:\/\/api.w.org\/{rel}","templated":true}]}}