{"id":546,"date":"2026-04-10T18:59:58","date_gmt":"2026-04-10T18:59:58","guid":{"rendered":"https:\/\/shinee.azdigi.shop\/?post_type=product&#038;p=546"},"modified":"2026-04-12T04:48:10","modified_gmt":"2026-04-12T04:48:10","slug":"bong-tai-nu-dinh-da","status":"publish","type":"product","link":"https:\/\/shinee.azdigi.shop\/?product=bong-tai-nu-dinh-da","title":{"rendered":"B\u00f4ng tai n\u1ee5 \u0111\u00ednh \u0111\u00e1"},"content":{"rendered":"<h3 data-path-to-node=\"7\"><b data-path-to-node=\"7\" data-index-in-node=\"0\">B\u00f4ng Tai N\u1ee5 \u0110\u00ednh \u0110\u00e1 \u2013 Ph\u1ee5 Ki\u1ec7n Tinh T\u1ebf Cho M\u1ecdi C\u00f4 N\u00e0ng<\/b><\/h3>\n<p data-path-to-node=\"8\"><b data-path-to-node=\"8\" data-index-in-node=\"0\">B\u00f4ng tai n\u1ee5 \u0111\u00ednh \u0111\u00e1<\/b> lu\u00f4n l\u00e0 ph\u1ee5 ki\u1ec7n \u01b0u ti\u00ean h\u00e0ng \u0111\u1ea7u trong t\u1ee7 \u0111\u1ed3 trang s\u1ee9c c\u1ee7a ph\u00e1i \u0111\u1eb9p. V\u1edbi thi\u1ebft k\u1ebf t\u1ed1i gi\u1ea3n nh\u01b0ng kh\u00f4ng k\u00e9m ph\u1ea7n sang tr\u1ecdng, m\u1eabu b\u00f4ng tai n\u00e0y gi\u00fap g\u01b0\u01a1ng m\u1eb7t b\u1ea1n tr\u1edf n\u00ean b\u1eebng s\u00e1ng v\u00e0 thu h\u00fat h\u01a1n trong m\u1ecdi g\u00f3c nh\u00ecn.<\/p>\n<h4 data-path-to-node=\"9\"><b data-path-to-node=\"9\" data-index-in-node=\"0\">Ch\u1ea5t li\u1ec7u \u0111\u00e1 CZ l\u1ea5p l\u00e1nh nh\u01b0 kim c\u01b0\u01a1ng<\/b><\/h4>\n<p data-path-to-node=\"10\">S\u1ea3n ph\u1ea9m s\u1eed d\u1ee5ng \u0111\u00e1 Zirconia (CZ) nh\u00e2n t\u1ea1o \u0111\u1ea1t \u0111\u1ed9 tinh khi\u1ebft ho\u00e0n h\u1ea3o.<\/p>\n<ul data-path-to-node=\"11\">\n<li>\n<p data-path-to-node=\"11,0,0\"><b data-path-to-node=\"11,0,0\" data-index-in-node=\"0\">\u0110\u1ed9 b\u1eaft s\u00e1ng:<\/b> T\u1eebng gi\u00e1c c\u1eaft \u0111\u01b0\u1ee3c x\u1eed l\u00fd tinh x\u1ea3o, ph\u1ea3n chi\u1ebfu \u00e1nh s\u00e1ng r\u1ef1c r\u1ee1.<\/p>\n<\/li>\n<li>\n<p data-path-to-node=\"11,1,0\"><b data-path-to-node=\"11,1,0\" data-index-in-node=\"0\">B\u1ec1n b\u1ec9:<\/b> \u0110\u00e1 \u0111\u01b0\u1ee3c \u0111\u00ednh ch\u1eafc ch\u1eafn tr\u00ean b\u1ed1n ch\u1ea5u, \u0111\u1ea3m b\u1ea3o kh\u00f4ng b\u1ecb r\u01a1i r\u1edbt trong qu\u00e1 tr\u00ecnh s\u1eed d\u1ee5ng.<\/p>\n<\/li>\n<li>\n<p data-path-to-node=\"11,2,0\"><b data-path-to-node=\"11,2,0\" data-index-in-node=\"0\">An to\u00e0n:<\/b> Ch\u00e2n \u0111eo l\u00e0m t\u1eeb h\u1ee3p kim cao c\u1ea5p (ho\u1eb7c b\u1ea1c S925), kh\u00f4ng g\u00e2y k\u00edch \u1ee9ng hay ng\u1ee9a tai.<\/p>\n<\/li>\n<\/ul>\n<h4 data-path-to-node=\"12\"><b data-path-to-node=\"12\" data-index-in-node=\"0\">B\u1ed1n k\u00edch th\u01b0\u1edbc \u0111a d\u1ea1ng t\u1eeb 3mm \u0111\u1ebfn 6mm<\/b><\/h4>\n<p data-path-to-node=\"13\">\u0110i\u1ec3m n\u1ed5i b\u1eadt c\u1ee7a d\u00f2ng <b data-path-to-node=\"13\" data-index-in-node=\"22\">b\u00f4ng tai n\u1ee5 \u0111\u00ednh \u0111\u00e1<\/b> n\u00e0y l\u00e0 s\u1ef1 \u0111a d\u1ea1ng v\u1ec1 k\u00edch c\u1ee1, \u0111\u00e1p \u1ee9ng m\u1ecdi nhu c\u1ea7u ph\u1ed1i \u0111\u1ed3:<\/p>\n<ul data-path-to-node=\"14\">\n<li>\n<p data-path-to-node=\"14,0,0\"><b data-path-to-node=\"14,0,0\" data-index-in-node=\"0\">K\u00edch th\u01b0\u1edbc 3mm &#8211; 4mm:<\/b> Ph\u00f9 h\u1ee3p v\u1edbi phong c\u00e1ch nh\u1eb9 nh\u00e0ng, tinh t\u1ebf ho\u1eb7c d\u00f9ng cho c\u00e1c l\u1ed7 tai ph\u1ee5.<\/p>\n<\/li>\n<li>\n<p data-path-to-node=\"14,1,0\"><b data-path-to-node=\"14,1,0\" data-index-in-node=\"0\">K\u00edch th\u01b0\u1edbc 5mm &#8211; 6mm:<\/b> T\u1ea1o \u0111i\u1ec3m nh\u1ea5n m\u1ea1nh m\u1ebd, gi\u00fap b\u1ea1n n\u1ed5i b\u1eadt trong c\u00e1c bu\u1ed5i ti\u1ec7c t\u1ed1i hay s\u1ef1 ki\u1ec7n quan tr\u1ecdng.<\/p>\n<\/li>\n<\/ul>\n<h4 data-path-to-node=\"15\"><b data-path-to-node=\"15\" data-index-in-node=\"0\">D\u1ec5 d\u00e0ng k\u1ebft h\u1ee3p v\u1edbi m\u1ecdi trang ph\u1ee5c<\/b><\/h4>\n<p data-path-to-node=\"16\">Thi\u1ebft k\u1ebf c\u1ee7a <b data-path-to-node=\"16\" data-index-in-node=\"13\">b\u00f4ng tai n\u1ee5 \u0111\u00ednh \u0111\u00e1<\/b> mang t\u00ednh \u1ee9ng d\u1ee5ng r\u1ea5t cao. B\u1ea1n c\u00f3 th\u1ec3 t\u1ef1 tin di\u1ec7n ch\u00fang c\u00f9ng:<\/p>\n<ol start=\"1\" data-path-to-node=\"17\">\n<li>\n<p data-path-to-node=\"17,0,0\">Trang ph\u1ee5c c\u00f4ng s\u1edf l\u1ecbch s\u1ef1, chuy\u00ean nghi\u1ec7p.<\/p>\n<\/li>\n<li>\n<p data-path-to-node=\"17,1,0\">V\u00e1y d\u00e3 h\u1ed9i quy\u1ebfn r\u0169, sang tr\u1ecdng.<\/p>\n<\/li>\n<li>\n<p data-path-to-node=\"17,2,0\">Qu\u1ea7n jeans, \u00e1o thun n\u0103ng \u0111\u1ed9ng khi d\u1ea1o ph\u1ed1.<\/p>\n<\/li>\n<\/ol>\n<h3 data-path-to-node=\"18\"><b data-path-to-node=\"18\" data-index-in-node=\"0\">T\u1ea1i sao b\u1ea1n n\u00ean ch\u1ecdn b\u00f4ng tai n\u1ee5 \u0111\u00ednh \u0111\u00e1 c\u1ee7a ch\u00fang t\u00f4i?<\/b><\/h3>\n<p data-path-to-node=\"19\">Ch\u00fang t\u00f4i cam k\u1ebft mang \u0111\u1ebfn nh\u1eefng s\u1ea3n ph\u1ea9m trang s\u1ee9c ch\u1ea5t l\u01b0\u1ee3ng nh\u1ea5t:<\/p>\n<ul data-path-to-node=\"20\">\n<li>\n<p data-path-to-node=\"20,0,0\">H\u00ecnh \u1ea3nh s\u1ea3n ph\u1ea9m ch\u00e2n th\u1ef1c, ch\u00ednh x\u00e1c nh\u01b0 m\u00f4 t\u1ea3.<\/p>\n<\/li>\n<li>\n<p data-path-to-node=\"20,1,0\">Ch\u1ebf \u0111\u1ed9 b\u1ea3o h\u00e0nh l\u00e0m s\u00e1ng tr\u1ecdn \u0111\u1eddi.<\/p>\n<\/li>\n<li>\n<p data-path-to-node=\"20,2,0\">H\u1ed9p \u0111\u1ef1ng sang tr\u1ecdng, th\u00edch h\u1ee3p l\u00e0m qu\u00e0 t\u1eb7ng cho b\u1ea1n b\u00e8 v\u00e0 ng\u01b0\u1eddi th\u00e2n.<\/p>\n<\/li>\n<\/ul>\n","protected":false},"excerpt":{"rendered":"<p>t\u00f9y ch\u1ecdn size <b data-path-to-node=\"4,1,0\" data-index-in-node=\"36\">3mm, 4mm, 5mm, 6mm<\/b> \u2013 d\u1ec5 d\u00e0ng l\u1ef1a ch\u1ecdn theo s\u1edf th\u00edch ho\u1eb7c v\u1ecb tr\u00ed \u0111eo (l\u1ed7 ch\u00ednh\/l\u1ed7 ph\u1ee5).<\/p>\n","protected":false},"featured_media":547,"comment_status":"open","ping_status":"closed","template":"","meta":[],"product_brand":[],"product_cat":[33],"product_tag":[],"class_list":{"0":"post-546","1":"product","2":"type-product","3":"status-publish","4":"has-post-thumbnail","6":"product_cat-khuyen-tai","8":"first","9":"instock","10":"featured","11":"shipping-taxable","12":"purchasable","13":"product-type-variable"},"yoast_head":"<!-- This site is optimized with the Yoast SEO plugin v26.9 - https:\/\/yoast.com\/product\/yoast-seo-wordpress\/ -->\n<title>B\u00f4ng tai n\u1ee5 \u0111\u00ednh \u0111\u00e1 - Blink Jewelry<\/title>\n<meta name=\"description\" content=\"Mua ngay b\u00f4ng tai n\u1ee5 \u0111\u00ednh \u0111\u00e1 CZ l\u1ea5p l\u00e1nh v\u1edbi 4 k\u00edch c\u1ee1 t\u1eeb 3mm \u0111\u1ebfn 6mm. Ch\u1ea5t li\u1ec7u cao c\u1ea5p, s\u00e1ng b\u00f3ng nh\u01b0 kim c\u01b0\u01a1ng, an to\u00e0n cho da v\u00e0 giao h\u00e0ng nhanh.\" \/>\n<meta name=\"robots\" content=\"index, follow, max-snippet:-1, max-image-preview:large, max-video-preview:-1\" \/>\n<link rel=\"canonical\" href=\"https:\/\/shinee.azdigi.shop\/?product=bong-tai-nu-dinh-da\" \/>\n<meta property=\"og:locale\" content=\"vi_VN\" \/>\n<meta property=\"og:type\" content=\"article\" \/>\n<meta property=\"og:title\" content=\"B\u00f4ng tai n\u1ee5 \u0111\u00ednh \u0111\u00e1 - Blink Jewelry\" \/>\n<meta property=\"og:description\" content=\"Mua ngay b\u00f4ng tai n\u1ee5 \u0111\u00ednh \u0111\u00e1 CZ l\u1ea5p l\u00e1nh v\u1edbi 4 k\u00edch c\u1ee1 t\u1eeb 3mm \u0111\u1ebfn 6mm. Ch\u1ea5t li\u1ec7u cao c\u1ea5p, s\u00e1ng b\u00f3ng nh\u01b0 kim c\u01b0\u01a1ng, an to\u00e0n cho da v\u00e0 giao h\u00e0ng nhanh.\" \/>\n<meta property=\"og:url\" content=\"https:\/\/shinee.azdigi.shop\/?product=bong-tai-nu-dinh-da\" \/>\n<meta property=\"og:site_name\" content=\"Blink Jewelry\" \/>\n<meta property=\"article:modified_time\" content=\"2026-04-12T04:48:10+00:00\" \/>\n<meta property=\"og:image\" content=\"https:\/\/shinee.azdigi.shop\/wp-content\/uploads\/2026\/04\/f80da192b53072ca2719dabe546773b0.jpg\" \/>\n\t<meta property=\"og:image:width\" content=\"766\" \/>\n\t<meta property=\"og:image:height\" content=\"766\" \/>\n\t<meta property=\"og:image:type\" content=\"image\/jpeg\" \/>\n<meta name=\"twitter:card\" content=\"summary_large_image\" \/>\n<meta name=\"twitter:label1\" content=\"\u01af\u1edbc t\u00ednh th\u1eddi gian \u0111\u1ecdc\" \/>\n\t<meta name=\"twitter:data1\" content=\"3 ph\u00fat\" \/>\n<script type=\"application\/ld+json\" class=\"yoast-schema-graph\">{\"@context\":\"https:\/\/schema.org\",\"@graph\":[{\"@type\":\"WebPage\",\"@id\":\"https:\/\/shinee.azdigi.shop\/?product=bong-tai-nu-dinh-da\",\"url\":\"https:\/\/shinee.azdigi.shop\/?product=bong-tai-nu-dinh-da\",\"name\":\"B\u00f4ng tai n\u1ee5 \u0111\u00ednh \u0111\u00e1 - Blink Jewelry\",\"isPartOf\":{\"@id\":\"https:\/\/shinee.azdigi.shop\/#website\"},\"primaryImageOfPage\":{\"@id\":\"https:\/\/shinee.azdigi.shop\/?product=bong-tai-nu-dinh-da#primaryimage\"},\"image\":{\"@id\":\"https:\/\/shinee.azdigi.shop\/?product=bong-tai-nu-dinh-da#primaryimage\"},\"thumbnailUrl\":\"https:\/\/shinee.azdigi.shop\/wp-content\/uploads\/2026\/04\/f80da192b53072ca2719dabe546773b0.jpg\",\"datePublished\":\"2026-04-10T18:59:58+00:00\",\"dateModified\":\"2026-04-12T04:48:10+00:00\",\"description\":\"Mua ngay b\u00f4ng tai n\u1ee5 \u0111\u00ednh \u0111\u00e1 CZ l\u1ea5p l\u00e1nh v\u1edbi 4 k\u00edch c\u1ee1 t\u1eeb 3mm \u0111\u1ebfn 6mm. Ch\u1ea5t li\u1ec7u cao c\u1ea5p, s\u00e1ng b\u00f3ng nh\u01b0 kim c\u01b0\u01a1ng, an to\u00e0n cho da v\u00e0 giao h\u00e0ng nhanh.\",\"breadcrumb\":{\"@id\":\"https:\/\/shinee.azdigi.shop\/?product=bong-tai-nu-dinh-da#breadcrumb\"},\"inLanguage\":\"vi\",\"potentialAction\":[{\"@type\":\"ReadAction\",\"target\":[\"https:\/\/shinee.azdigi.shop\/?product=bong-tai-nu-dinh-da\"]}]},{\"@type\":\"ImageObject\",\"inLanguage\":\"vi\",\"@id\":\"https:\/\/shinee.azdigi.shop\/?product=bong-tai-nu-dinh-da#primaryimage\",\"url\":\"https:\/\/shinee.azdigi.shop\/wp-content\/uploads\/2026\/04\/f80da192b53072ca2719dabe546773b0.jpg\",\"contentUrl\":\"https:\/\/shinee.azdigi.shop\/wp-content\/uploads\/2026\/04\/f80da192b53072ca2719dabe546773b0.jpg\",\"width\":766,\"height\":766},{\"@type\":\"BreadcrumbList\",\"@id\":\"https:\/\/shinee.azdigi.shop\/?product=bong-tai-nu-dinh-da#breadcrumb\",\"itemListElement\":[{\"@type\":\"ListItem\",\"position\":1,\"name\":\"Trang ch\u1ee7\",\"item\":\"https:\/\/shinee.azdigi.shop\/\"},{\"@type\":\"ListItem\",\"position\":2,\"name\":\"C\u1eeda h\u00e0ng\",\"item\":\"https:\/\/shinee.azdigi.shop\/?page_id=295\"},{\"@type\":\"ListItem\",\"position\":3,\"name\":\"B\u00f4ng tai n\u1ee5 \u0111\u00ednh \u0111\u00e1\"}]},{\"@type\":\"WebSite\",\"@id\":\"https:\/\/shinee.azdigi.shop\/#website\",\"url\":\"https:\/\/shinee.azdigi.shop\/\",\"name\":\"Blink Jewelry\",\"description\":\"\",\"publisher\":{\"@id\":\"https:\/\/shinee.azdigi.shop\/#\/schema\/person\/7b844dc57e2f534561c4e46d6d4d17a5\"},\"potentialAction\":[{\"@type\":\"SearchAction\",\"target\":{\"@type\":\"EntryPoint\",\"urlTemplate\":\"https:\/\/shinee.azdigi.shop\/?s={search_term_string}\"},\"query-input\":{\"@type\":\"PropertyValueSpecification\",\"valueRequired\":true,\"valueName\":\"search_term_string\"}}],\"inLanguage\":\"vi\"},{\"@type\":[\"Person\",\"Organization\"],\"@id\":\"https:\/\/shinee.azdigi.shop\/#\/schema\/person\/7b844dc57e2f534561c4e46d6d4d17a5\",\"name\":\"Hong Tuy\",\"image\":{\"@type\":\"ImageObject\",\"inLanguage\":\"vi\",\"@id\":\"https:\/\/shinee.azdigi.shop\/#\/schema\/person\/image\/\",\"url\":\"https:\/\/shinee.azdigi.shop\/wp-content\/uploads\/2026\/02\/z7517737342045_cb6c96e3731c5955a4f972a435896434.jpg\",\"contentUrl\":\"https:\/\/shinee.azdigi.shop\/wp-content\/uploads\/2026\/02\/z7517737342045_cb6c96e3731c5955a4f972a435896434.jpg\",\"width\":759,\"height\":445,\"caption\":\"Hong Tuy\"},\"logo\":{\"@id\":\"https:\/\/shinee.azdigi.shop\/#\/schema\/person\/image\/\"},\"sameAs\":[\"https:\/\/shinee.azdigi.shop\"]}]}<\/script>\n<!-- \/ Yoast SEO plugin. -->","yoast_head_json":{"title":"B\u00f4ng tai n\u1ee5 \u0111\u00ednh \u0111\u00e1 - Blink Jewelry","description":"Mua ngay b\u00f4ng tai n\u1ee5 \u0111\u00ednh \u0111\u00e1 CZ l\u1ea5p l\u00e1nh v\u1edbi 4 k\u00edch c\u1ee1 t\u1eeb 3mm \u0111\u1ebfn 6mm. Ch\u1ea5t li\u1ec7u cao c\u1ea5p, s\u00e1ng b\u00f3ng nh\u01b0 kim c\u01b0\u01a1ng, an to\u00e0n cho da v\u00e0 giao h\u00e0ng nhanh.","robots":{"index":"index","follow":"follow","max-snippet":"max-snippet:-1","max-image-preview":"max-image-preview:large","max-video-preview":"max-video-preview:-1"},"canonical":"https:\/\/shinee.azdigi.shop\/?product=bong-tai-nu-dinh-da","og_locale":"vi_VN","og_type":"article","og_title":"B\u00f4ng tai n\u1ee5 \u0111\u00ednh \u0111\u00e1 - Blink Jewelry","og_description":"Mua ngay b\u00f4ng tai n\u1ee5 \u0111\u00ednh \u0111\u00e1 CZ l\u1ea5p l\u00e1nh v\u1edbi 4 k\u00edch c\u1ee1 t\u1eeb 3mm \u0111\u1ebfn 6mm. Ch\u1ea5t li\u1ec7u cao c\u1ea5p, s\u00e1ng b\u00f3ng nh\u01b0 kim c\u01b0\u01a1ng, an to\u00e0n cho da v\u00e0 giao h\u00e0ng nhanh.","og_url":"https:\/\/shinee.azdigi.shop\/?product=bong-tai-nu-dinh-da","og_site_name":"Blink Jewelry","article_modified_time":"2026-04-12T04:48:10+00:00","og_image":[{"width":766,"height":766,"url":"https:\/\/shinee.azdigi.shop\/wp-content\/uploads\/2026\/04\/f80da192b53072ca2719dabe546773b0.jpg","type":"image\/jpeg"}],"twitter_card":"summary_large_image","twitter_misc":{"\u01af\u1edbc t\u00ednh th\u1eddi gian \u0111\u1ecdc":"3 ph\u00fat"},"schema":{"@context":"https:\/\/schema.org","@graph":[{"@type":"WebPage","@id":"https:\/\/shinee.azdigi.shop\/?product=bong-tai-nu-dinh-da","url":"https:\/\/shinee.azdigi.shop\/?product=bong-tai-nu-dinh-da","name":"B\u00f4ng tai n\u1ee5 \u0111\u00ednh \u0111\u00e1 - Blink Jewelry","isPartOf":{"@id":"https:\/\/shinee.azdigi.shop\/#website"},"primaryImageOfPage":{"@id":"https:\/\/shinee.azdigi.shop\/?product=bong-tai-nu-dinh-da#primaryimage"},"image":{"@id":"https:\/\/shinee.azdigi.shop\/?product=bong-tai-nu-dinh-da#primaryimage"},"thumbnailUrl":"https:\/\/shinee.azdigi.shop\/wp-content\/uploads\/2026\/04\/f80da192b53072ca2719dabe546773b0.jpg","datePublished":"2026-04-10T18:59:58+00:00","dateModified":"2026-04-12T04:48:10+00:00","description":"Mua ngay b\u00f4ng tai n\u1ee5 \u0111\u00ednh \u0111\u00e1 CZ l\u1ea5p l\u00e1nh v\u1edbi 4 k\u00edch c\u1ee1 t\u1eeb 3mm \u0111\u1ebfn 6mm. Ch\u1ea5t li\u1ec7u cao c\u1ea5p, s\u00e1ng b\u00f3ng nh\u01b0 kim c\u01b0\u01a1ng, an to\u00e0n cho da v\u00e0 giao h\u00e0ng nhanh.","breadcrumb":{"@id":"https:\/\/shinee.azdigi.shop\/?product=bong-tai-nu-dinh-da#breadcrumb"},"inLanguage":"vi","potentialAction":[{"@type":"ReadAction","target":["https:\/\/shinee.azdigi.shop\/?product=bong-tai-nu-dinh-da"]}]},{"@type":"ImageObject","inLanguage":"vi","@id":"https:\/\/shinee.azdigi.shop\/?product=bong-tai-nu-dinh-da#primaryimage","url":"https:\/\/shinee.azdigi.shop\/wp-content\/uploads\/2026\/04\/f80da192b53072ca2719dabe546773b0.jpg","contentUrl":"https:\/\/shinee.azdigi.shop\/wp-content\/uploads\/2026\/04\/f80da192b53072ca2719dabe546773b0.jpg","width":766,"height":766},{"@type":"BreadcrumbList","@id":"https:\/\/shinee.azdigi.shop\/?product=bong-tai-nu-dinh-da#breadcrumb","itemListElement":[{"@type":"ListItem","position":1,"name":"Trang ch\u1ee7","item":"https:\/\/shinee.azdigi.shop\/"},{"@type":"ListItem","position":2,"name":"C\u1eeda h\u00e0ng","item":"https:\/\/shinee.azdigi.shop\/?page_id=295"},{"@type":"ListItem","position":3,"name":"B\u00f4ng tai n\u1ee5 \u0111\u00ednh \u0111\u00e1"}]},{"@type":"WebSite","@id":"https:\/\/shinee.azdigi.shop\/#website","url":"https:\/\/shinee.azdigi.shop\/","name":"Blink Jewelry","description":"","publisher":{"@id":"https:\/\/shinee.azdigi.shop\/#\/schema\/person\/7b844dc57e2f534561c4e46d6d4d17a5"},"potentialAction":[{"@type":"SearchAction","target":{"@type":"EntryPoint","urlTemplate":"https:\/\/shinee.azdigi.shop\/?s={search_term_string}"},"query-input":{"@type":"PropertyValueSpecification","valueRequired":true,"valueName":"search_term_string"}}],"inLanguage":"vi"},{"@type":["Person","Organization"],"@id":"https:\/\/shinee.azdigi.shop\/#\/schema\/person\/7b844dc57e2f534561c4e46d6d4d17a5","name":"Hong Tuy","image":{"@type":"ImageObject","inLanguage":"vi","@id":"https:\/\/shinee.azdigi.shop\/#\/schema\/person\/image\/","url":"https:\/\/shinee.azdigi.shop\/wp-content\/uploads\/2026\/02\/z7517737342045_cb6c96e3731c5955a4f972a435896434.jpg","contentUrl":"https:\/\/shinee.azdigi.shop\/wp-content\/uploads\/2026\/02\/z7517737342045_cb6c96e3731c5955a4f972a435896434.jpg","width":759,"height":445,"caption":"Hong Tuy"},"logo":{"@id":"https:\/\/shinee.azdigi.shop\/#\/schema\/person\/image\/"},"sameAs":["https:\/\/shinee.azdigi.shop"]}]}},"jetpack_sharing_enabled":true,"_links":{"self":[{"href":"https:\/\/shinee.azdigi.shop\/index.php?rest_route=\/wp\/v2\/product\/546","targetHints":{"allow":["GET"]}}],"collection":[{"href":"https:\/\/shinee.azdigi.shop\/index.php?rest_route=\/wp\/v2\/product"}],"about":[{"href":"https:\/\/shinee.azdigi.shop\/index.php?rest_route=\/wp\/v2\/types\/product"}],"replies":[{"embeddable":true,"href":"https:\/\/shinee.azdigi.shop\/index.php?rest_route=%2Fwp%2Fv2%2Fcomments&post=546"}],"wp:featuredmedia":[{"embeddable":true,"href":"https:\/\/shinee.azdigi.shop\/index.php?rest_route=\/wp\/v2\/media\/547"}],"wp:attachment":[{"href":"https:\/\/shinee.azdigi.shop\/index.php?rest_route=%2Fwp%2Fv2%2Fmedia&parent=546"}],"wp:term":[{"taxonomy":"product_brand","embeddable":true,"href":"https:\/\/shinee.azdigi.shop\/index.php?rest_route=%2Fwp%2Fv2%2Fproduct_brand&post=546"},{"taxonomy":"product_cat","embeddable":true,"href":"https:\/\/shinee.azdigi.shop\/index.php?rest_route=%2Fwp%2Fv2%2Fproduct_cat&post=546"},{"taxonomy":"product_tag","embeddable":true,"href":"https:\/\/shinee.azdigi.shop\/index.php?rest_route=%2Fwp%2Fv2%2Fproduct_tag&post=546"}],"curies":[{"name":"wp","href":"https:\/\/api.w.org\/{rel}","templated":true}]}}