{"id":691,"date":"2026-04-12T05:25:43","date_gmt":"2026-04-12T05:25:43","guid":{"rendered":"https:\/\/shinee.azdigi.shop\/?post_type=product&#038;p=691"},"modified":"2026-04-12T05:41:37","modified_gmt":"2026-04-12T05:41:37","slug":"vong-tay-cam-thach-sao-chep","status":"publish","type":"product","link":"https:\/\/shinee.azdigi.shop\/?product=vong-tay-cam-thach-sao-chep","title":{"rendered":"V\u00f2ng tay c\u1ea9m th\u1ea1ch"},"content":{"rendered":"<p data-path-to-node=\"7\"><b data-path-to-node=\"7\" data-index-in-node=\"0\">V\u00f2ng tay c\u1ea9m th\u1ea1ch<\/b> l\u00e0 m\u00f3n trang s\u1ee9c bi\u1ec3u t\u01b0\u1ee3ng cho s\u1ef1 thanh cao. V\u1edbi thi\u1ebft k\u1ebf thanh m\u1ea3nh, b\u1ed9 s\u01b0u t\u1eadp n\u00e0y mang \u0111\u1ebfn n\u00e9t tr\u1ebb trung cho ng\u01b0\u1eddi \u0111eo. S\u1ea3n ph\u1ea9m v\u1eeba gi\u1eef tr\u1ecdn gi\u00e1 tr\u1ecb truy\u1ec1n th\u1ed1ng, v\u1eeba mang h\u01a1i th\u1edf hi\u1ec7n \u0111\u1ea1i.<\/p>\n<h4 data-path-to-node=\"8\"><b data-path-to-node=\"8\" data-index-in-node=\"0\">1. Ba s\u1eafc m\u00e0u \u0111\u1ed9c \u0111\u00e1o c\u1ee7a v\u00f2ng tay c\u1ea9m th\u1ea1ch<\/b><\/h4>\n<p data-path-to-node=\"9\">B\u1ed9 s\u01b0u t\u1eadp g\u1ed3m ba t\u00f4ng m\u00e0u \u0111\u01b0\u1ee3c l\u1ef1a ch\u1ecdn k\u1ef9 l\u01b0\u1ee1ng. M\u1ed7i m\u00e0u s\u1eafc s\u1ebd ph\u00f9 h\u1ee3p v\u1edbi m\u1ed9t c\u00e1 t\u00ednh ri\u00eang bi\u1ec7t:<\/p>\n<ul data-path-to-node=\"10\">\n<li>\n<p data-path-to-node=\"10,0,0\"><b data-path-to-node=\"10,0,0\" data-index-in-node=\"0\">Xanh l\u1ee5c b\u1ea3o:<\/b> \u0110\u00e2y l\u00e0 m\u00e0u s\u1eafc c\u1ee7a s\u1ef1 quy\u1ec1n qu\u00fd. S\u1eafc xanh \u0111\u1eadm gi\u00fap b\u1ea1n th\u00eam t\u1ef1 tin v\u00e0 thu h\u00fat t\u00e0i l\u1ed9c.<\/p>\n<\/li>\n<li>\n<p data-path-to-node=\"10,1,0\"><b data-path-to-node=\"10,1,0\" data-index-in-node=\"0\">Xanh b\u1ea1c h\u00e0:<\/b> Gam m\u00e0u n\u00e0y mang l\u1ea1i s\u1ef1 t\u01b0\u01a1i m\u1edbi. \u0110\u00e2y l\u00e0 l\u1ef1a ch\u1ecdn tuy\u1ec7t v\u1eddi \u0111\u1ec3 t\u00f4n da v\u00e0 ph\u1ed1i \u0111\u1ed3 d\u1ea1o ph\u1ed1.<\/p>\n<\/li>\n<li>\n<p data-path-to-node=\"10,2,0\"><b data-path-to-node=\"10,2,0\" data-index-in-node=\"0\">Tr\u1eafng s\u1ee9:<\/b> M\u00e0u tr\u1eafng \u0111\u1ea1i di\u1ec7n cho s\u1ef1 thu\u1ea7n khi\u1ebft. \u0110\u00e2y l\u00e0 m\u00f3n ph\u1ee5 ki\u1ec7n ho\u00e0n h\u1ea3o cho nh\u1eefng c\u00f4 n\u00e0ng y\u00eau th\u00edch s\u1ef1 t\u1ed1i gi\u1ea3n.<\/p>\n<\/li>\n<\/ul>\n<h4 data-path-to-node=\"11\"><b data-path-to-node=\"11\" data-index-in-node=\"0\">2. Thi\u1ebft k\u1ebf thanh m\u1ea3nh v\u00e0 hi\u1ec7n \u0111\u1ea1i<\/b><\/h4>\n<p data-path-to-node=\"12\">C\u00e1c m\u1eabu v\u00f2ng truy\u1ec1n th\u1ed1ng th\u01b0\u1eddng c\u00f3 b\u1ea3n l\u1edbn v\u00e0 kh\u00e1 k\u00e9n ng\u01b0\u1eddi \u0111eo. Ng\u01b0\u1ee3c l\u1ea1i, m\u1eabu <b data-path-to-node=\"12\" data-index-in-node=\"81\">v\u00f2ng tay c\u1ea9m th\u1ea1ch<\/b> n\u00e0y c\u00f3 d\u00e1ng tr\u00f2n nh\u1ecf nh\u1eafn. Thi\u1ebft k\u1ebf n\u00e0y gi\u00fap \u0111\u00f4i tay b\u1ea1n tr\u00f4ng thon g\u1ecdn h\u01a1n h\u1eb3n. B\u1ea1n c\u00f3 th\u1ec3 \u0111eo m\u1ed9t chi\u1ebfc \u0111\u01a1n l\u1ebb ho\u1eb7c k\u1ebft h\u1ee3p c\u1ea3 b\u1ed9 ba m\u00e0u. C\u00e1ch ph\u1ed1i h\u1ee3p n\u00e0y s\u1ebd t\u1ea1o n\u00ean \u0111i\u1ec3m nh\u1ea5n phong c\u00e1ch r\u1ea5t kh\u00e1c bi\u1ec7t.<\/p>\n<h4 data-path-to-node=\"13\"><b data-path-to-node=\"13\" data-index-in-node=\"0\">3. Ch\u1ea5t l\u01b0\u1ee3ng v\u00e0 cam k\u1ebft s\u1ea3n ph\u1ea9m<\/b><\/h4>\n<p data-path-to-node=\"14\">Ch\u00fang t\u00f4i lu\u00f4n ch\u00fa tr\u1ecdng v\u00e0o \u0111\u1ed9 ho\u00e0n thi\u1ec7n c\u1ee7a t\u1eebng s\u1ea3n ph\u1ea9m:<\/p>\n<ul data-path-to-node=\"15\">\n<li>\n<p data-path-to-node=\"15,0,0\"><b data-path-to-node=\"15,0,0\" data-index-in-node=\"0\">Ch\u1ea5t li\u1ec7u:<\/b> \u0110\u00e1 t\u1ef1 nhi\u00ean c\u00f3 \u0111\u1ed9 b\u00f3ng cao v\u00e0 mang l\u1ea1i c\u1ea3m gi\u00e1c m\u00e1t l\u1ea1nh.<\/p>\n<\/li>\n<li>\n<p data-path-to-node=\"15,1,0\"><b data-path-to-node=\"15,1,0\" data-index-in-node=\"0\">Ch\u1ebf t\u00e1c:<\/b> B\u1ec1 m\u1eb7t \u0111\u00e1 \u0111\u01b0\u1ee3c m\u00e0i nh\u1eb5n m\u1ecbn. S\u1ea3n ph\u1ea9m \u0111\u1ea3m b\u1ea3o kh\u00f4ng g\u00e2y tr\u1ea7y x\u01b0\u1edbc da khi s\u1eed d\u1ee5ng.<\/p>\n<\/li>\n<li>\n<p data-path-to-node=\"15,2,0\"><b data-path-to-node=\"15,2,0\" data-index-in-node=\"0\">\u00dd ngh\u0129a:<\/b> \u0110\u00e2y l\u00e0 m\u00f3n qu\u00e0 tuy\u1ec7t v\u1eddi d\u00e0nh t\u1eb7ng ng\u01b0\u1eddi th\u00e2n. B\u1ea1n c\u00f3 th\u1ec3 t\u1eb7ng v\u00e0o c\u00e1c d\u1ecbp sinh nh\u1eadt<\/p>\n<\/li>\n<\/ul>\n","protected":false},"excerpt":{"rendered":"<p data-path-to-node=\"15,2,0\">\u0110\u00e2y l\u00e0 m\u00f3n qu\u00e0 tuy\u1ec7t v\u1eddi d\u00e0nh t\u1eb7ng ng\u01b0\u1eddi th\u00e2n. B\u1ea1n c\u00f3 th\u1ec3 t\u1eb7ng v\u00e0o c\u00e1c d\u1ecbp sinh nh\u1eadt ho\u1eb7c l\u1ec5 k\u1ef7 ni\u1ec7m.<\/p>\n","protected":false},"featured_media":560,"comment_status":"open","ping_status":"closed","template":"","meta":[],"product_brand":[],"product_cat":[32],"product_tag":[],"class_list":{"0":"post-691","1":"product","2":"type-product","3":"status-publish","4":"has-post-thumbnail","6":"product_cat-lac-tay","8":"first","9":"instock","10":"featured","11":"shipping-taxable","12":"purchasable","13":"product-type-variable"},"yoast_head":"<!-- This site is optimized with the Yoast SEO plugin v26.9 - https:\/\/yoast.com\/product\/yoast-seo-wordpress\/ -->\n<title>V\u00f2ng tay c\u1ea9m th\u1ea1ch - Blink Jewelry<\/title>\n<meta name=\"description\" content=\"Kh\u00e1m ph\u00e1 b\u1ed9 s\u01b0u t\u1eadp v\u00f2ng tay c\u1ea9m th\u1ea1ch thanh m\u1ea3nh v\u1edbi 3 s\u1eafc m\u00e0u: xanh \u0111\u1eadm, xanh b\u1ea1c h\u00e0 v\u00e0 tr\u1eafng s\u1eefa. Thi\u1ebft k\u1ebf tinh t\u1ebf, t\u00f4n da, mang l\u1ea1i b\u00ecnh an v\u00e0 may m\u1eafn.\" \/>\n<meta name=\"robots\" content=\"index, follow, max-snippet:-1, max-image-preview:large, max-video-preview:-1\" \/>\n<link rel=\"canonical\" href=\"https:\/\/shinee.azdigi.shop\/?product=vong-tay-cam-thach-sao-chep\" \/>\n<meta property=\"og:locale\" content=\"vi_VN\" \/>\n<meta property=\"og:type\" content=\"article\" \/>\n<meta property=\"og:title\" content=\"V\u00f2ng tay c\u1ea9m th\u1ea1ch - Blink Jewelry\" \/>\n<meta property=\"og:description\" content=\"Kh\u00e1m ph\u00e1 b\u1ed9 s\u01b0u t\u1eadp v\u00f2ng tay c\u1ea9m th\u1ea1ch thanh m\u1ea3nh v\u1edbi 3 s\u1eafc m\u00e0u: xanh \u0111\u1eadm, xanh b\u1ea1c h\u00e0 v\u00e0 tr\u1eafng s\u1eefa. Thi\u1ebft k\u1ebf tinh t\u1ebf, t\u00f4n da, mang l\u1ea1i b\u00ecnh an v\u00e0 may m\u1eafn.\" \/>\n<meta property=\"og:url\" content=\"https:\/\/shinee.azdigi.shop\/?product=vong-tay-cam-thach-sao-chep\" \/>\n<meta property=\"og:site_name\" content=\"Blink Jewelry\" \/>\n<meta property=\"article:modified_time\" content=\"2026-04-12T05:41:37+00:00\" \/>\n<meta property=\"og:image\" content=\"https:\/\/shinee.azdigi.shop\/wp-content\/uploads\/2026\/04\/images-9.jpg\" \/>\n\t<meta property=\"og:image:width\" content=\"194\" \/>\n\t<meta property=\"og:image:height\" content=\"259\" \/>\n\t<meta property=\"og:image:type\" content=\"image\/jpeg\" \/>\n<meta name=\"twitter:card\" content=\"summary_large_image\" \/>\n<meta name=\"twitter:label1\" content=\"\u01af\u1edbc t\u00ednh th\u1eddi gian \u0111\u1ecdc\" \/>\n\t<meta name=\"twitter:data1\" content=\"2 ph\u00fat\" \/>\n<script type=\"application\/ld+json\" class=\"yoast-schema-graph\">{\"@context\":\"https:\/\/schema.org\",\"@graph\":[{\"@type\":\"WebPage\",\"@id\":\"https:\/\/shinee.azdigi.shop\/?product=vong-tay-cam-thach-sao-chep\",\"url\":\"https:\/\/shinee.azdigi.shop\/?product=vong-tay-cam-thach-sao-chep\",\"name\":\"V\u00f2ng tay c\u1ea9m th\u1ea1ch - Blink Jewelry\",\"isPartOf\":{\"@id\":\"https:\/\/shinee.azdigi.shop\/#website\"},\"primaryImageOfPage\":{\"@id\":\"https:\/\/shinee.azdigi.shop\/?product=vong-tay-cam-thach-sao-chep#primaryimage\"},\"image\":{\"@id\":\"https:\/\/shinee.azdigi.shop\/?product=vong-tay-cam-thach-sao-chep#primaryimage\"},\"thumbnailUrl\":\"https:\/\/shinee.azdigi.shop\/wp-content\/uploads\/2026\/04\/images-9.jpg\",\"datePublished\":\"2026-04-12T05:25:43+00:00\",\"dateModified\":\"2026-04-12T05:41:37+00:00\",\"description\":\"Kh\u00e1m ph\u00e1 b\u1ed9 s\u01b0u t\u1eadp v\u00f2ng tay c\u1ea9m th\u1ea1ch thanh m\u1ea3nh v\u1edbi 3 s\u1eafc m\u00e0u: xanh \u0111\u1eadm, xanh b\u1ea1c h\u00e0 v\u00e0 tr\u1eafng s\u1eefa. Thi\u1ebft k\u1ebf tinh t\u1ebf, t\u00f4n da, mang l\u1ea1i b\u00ecnh an v\u00e0 may m\u1eafn.\",\"breadcrumb\":{\"@id\":\"https:\/\/shinee.azdigi.shop\/?product=vong-tay-cam-thach-sao-chep#breadcrumb\"},\"inLanguage\":\"vi\",\"potentialAction\":[{\"@type\":\"ReadAction\",\"target\":[\"https:\/\/shinee.azdigi.shop\/?product=vong-tay-cam-thach-sao-chep\"]}]},{\"@type\":\"ImageObject\",\"inLanguage\":\"vi\",\"@id\":\"https:\/\/shinee.azdigi.shop\/?product=vong-tay-cam-thach-sao-chep#primaryimage\",\"url\":\"https:\/\/shinee.azdigi.shop\/wp-content\/uploads\/2026\/04\/images-9.jpg\",\"contentUrl\":\"https:\/\/shinee.azdigi.shop\/wp-content\/uploads\/2026\/04\/images-9.jpg\",\"width\":194,\"height\":259},{\"@type\":\"BreadcrumbList\",\"@id\":\"https:\/\/shinee.azdigi.shop\/?product=vong-tay-cam-thach-sao-chep#breadcrumb\",\"itemListElement\":[{\"@type\":\"ListItem\",\"position\":1,\"name\":\"Trang ch\u1ee7\",\"item\":\"https:\/\/shinee.azdigi.shop\/\"},{\"@type\":\"ListItem\",\"position\":2,\"name\":\"C\u1eeda h\u00e0ng\",\"item\":\"https:\/\/shinee.azdigi.shop\/?page_id=295\"},{\"@type\":\"ListItem\",\"position\":3,\"name\":\"V\u00f2ng tay c\u1ea9m th\u1ea1ch\"}]},{\"@type\":\"WebSite\",\"@id\":\"https:\/\/shinee.azdigi.shop\/#website\",\"url\":\"https:\/\/shinee.azdigi.shop\/\",\"name\":\"Blink Jewelry\",\"description\":\"\",\"publisher\":{\"@id\":\"https:\/\/shinee.azdigi.shop\/#\/schema\/person\/7b844dc57e2f534561c4e46d6d4d17a5\"},\"potentialAction\":[{\"@type\":\"SearchAction\",\"target\":{\"@type\":\"EntryPoint\",\"urlTemplate\":\"https:\/\/shinee.azdigi.shop\/?s={search_term_string}\"},\"query-input\":{\"@type\":\"PropertyValueSpecification\",\"valueRequired\":true,\"valueName\":\"search_term_string\"}}],\"inLanguage\":\"vi\"},{\"@type\":[\"Person\",\"Organization\"],\"@id\":\"https:\/\/shinee.azdigi.shop\/#\/schema\/person\/7b844dc57e2f534561c4e46d6d4d17a5\",\"name\":\"Hong Tuy\",\"image\":{\"@type\":\"ImageObject\",\"inLanguage\":\"vi\",\"@id\":\"https:\/\/shinee.azdigi.shop\/#\/schema\/person\/image\/\",\"url\":\"https:\/\/shinee.azdigi.shop\/wp-content\/uploads\/2026\/02\/z7517737342045_cb6c96e3731c5955a4f972a435896434.jpg\",\"contentUrl\":\"https:\/\/shinee.azdigi.shop\/wp-content\/uploads\/2026\/02\/z7517737342045_cb6c96e3731c5955a4f972a435896434.jpg\",\"width\":759,\"height\":445,\"caption\":\"Hong Tuy\"},\"logo\":{\"@id\":\"https:\/\/shinee.azdigi.shop\/#\/schema\/person\/image\/\"},\"sameAs\":[\"https:\/\/shinee.azdigi.shop\"]}]}<\/script>\n<!-- \/ Yoast SEO plugin. -->","yoast_head_json":{"title":"V\u00f2ng tay c\u1ea9m th\u1ea1ch - Blink Jewelry","description":"Kh\u00e1m ph\u00e1 b\u1ed9 s\u01b0u t\u1eadp v\u00f2ng tay c\u1ea9m th\u1ea1ch thanh m\u1ea3nh v\u1edbi 3 s\u1eafc m\u00e0u: xanh \u0111\u1eadm, xanh b\u1ea1c h\u00e0 v\u00e0 tr\u1eafng s\u1eefa. Thi\u1ebft k\u1ebf tinh t\u1ebf, t\u00f4n da, mang l\u1ea1i b\u00ecnh an v\u00e0 may m\u1eafn.","robots":{"index":"index","follow":"follow","max-snippet":"max-snippet:-1","max-image-preview":"max-image-preview:large","max-video-preview":"max-video-preview:-1"},"canonical":"https:\/\/shinee.azdigi.shop\/?product=vong-tay-cam-thach-sao-chep","og_locale":"vi_VN","og_type":"article","og_title":"V\u00f2ng tay c\u1ea9m th\u1ea1ch - Blink Jewelry","og_description":"Kh\u00e1m ph\u00e1 b\u1ed9 s\u01b0u t\u1eadp v\u00f2ng tay c\u1ea9m th\u1ea1ch thanh m\u1ea3nh v\u1edbi 3 s\u1eafc m\u00e0u: xanh \u0111\u1eadm, xanh b\u1ea1c h\u00e0 v\u00e0 tr\u1eafng s\u1eefa. Thi\u1ebft k\u1ebf tinh t\u1ebf, t\u00f4n da, mang l\u1ea1i b\u00ecnh an v\u00e0 may m\u1eafn.","og_url":"https:\/\/shinee.azdigi.shop\/?product=vong-tay-cam-thach-sao-chep","og_site_name":"Blink Jewelry","article_modified_time":"2026-04-12T05:41:37+00:00","og_image":[{"width":194,"height":259,"url":"https:\/\/shinee.azdigi.shop\/wp-content\/uploads\/2026\/04\/images-9.jpg","type":"image\/jpeg"}],"twitter_card":"summary_large_image","twitter_misc":{"\u01af\u1edbc t\u00ednh th\u1eddi gian \u0111\u1ecdc":"2 ph\u00fat"},"schema":{"@context":"https:\/\/schema.org","@graph":[{"@type":"WebPage","@id":"https:\/\/shinee.azdigi.shop\/?product=vong-tay-cam-thach-sao-chep","url":"https:\/\/shinee.azdigi.shop\/?product=vong-tay-cam-thach-sao-chep","name":"V\u00f2ng tay c\u1ea9m th\u1ea1ch - Blink Jewelry","isPartOf":{"@id":"https:\/\/shinee.azdigi.shop\/#website"},"primaryImageOfPage":{"@id":"https:\/\/shinee.azdigi.shop\/?product=vong-tay-cam-thach-sao-chep#primaryimage"},"image":{"@id":"https:\/\/shinee.azdigi.shop\/?product=vong-tay-cam-thach-sao-chep#primaryimage"},"thumbnailUrl":"https:\/\/shinee.azdigi.shop\/wp-content\/uploads\/2026\/04\/images-9.jpg","datePublished":"2026-04-12T05:25:43+00:00","dateModified":"2026-04-12T05:41:37+00:00","description":"Kh\u00e1m ph\u00e1 b\u1ed9 s\u01b0u t\u1eadp v\u00f2ng tay c\u1ea9m th\u1ea1ch thanh m\u1ea3nh v\u1edbi 3 s\u1eafc m\u00e0u: xanh \u0111\u1eadm, xanh b\u1ea1c h\u00e0 v\u00e0 tr\u1eafng s\u1eefa. Thi\u1ebft k\u1ebf tinh t\u1ebf, t\u00f4n da, mang l\u1ea1i b\u00ecnh an v\u00e0 may m\u1eafn.","breadcrumb":{"@id":"https:\/\/shinee.azdigi.shop\/?product=vong-tay-cam-thach-sao-chep#breadcrumb"},"inLanguage":"vi","potentialAction":[{"@type":"ReadAction","target":["https:\/\/shinee.azdigi.shop\/?product=vong-tay-cam-thach-sao-chep"]}]},{"@type":"ImageObject","inLanguage":"vi","@id":"https:\/\/shinee.azdigi.shop\/?product=vong-tay-cam-thach-sao-chep#primaryimage","url":"https:\/\/shinee.azdigi.shop\/wp-content\/uploads\/2026\/04\/images-9.jpg","contentUrl":"https:\/\/shinee.azdigi.shop\/wp-content\/uploads\/2026\/04\/images-9.jpg","width":194,"height":259},{"@type":"BreadcrumbList","@id":"https:\/\/shinee.azdigi.shop\/?product=vong-tay-cam-thach-sao-chep#breadcrumb","itemListElement":[{"@type":"ListItem","position":1,"name":"Trang ch\u1ee7","item":"https:\/\/shinee.azdigi.shop\/"},{"@type":"ListItem","position":2,"name":"C\u1eeda h\u00e0ng","item":"https:\/\/shinee.azdigi.shop\/?page_id=295"},{"@type":"ListItem","position":3,"name":"V\u00f2ng tay c\u1ea9m th\u1ea1ch"}]},{"@type":"WebSite","@id":"https:\/\/shinee.azdigi.shop\/#website","url":"https:\/\/shinee.azdigi.shop\/","name":"Blink Jewelry","description":"","publisher":{"@id":"https:\/\/shinee.azdigi.shop\/#\/schema\/person\/7b844dc57e2f534561c4e46d6d4d17a5"},"potentialAction":[{"@type":"SearchAction","target":{"@type":"EntryPoint","urlTemplate":"https:\/\/shinee.azdigi.shop\/?s={search_term_string}"},"query-input":{"@type":"PropertyValueSpecification","valueRequired":true,"valueName":"search_term_string"}}],"inLanguage":"vi"},{"@type":["Person","Organization"],"@id":"https:\/\/shinee.azdigi.shop\/#\/schema\/person\/7b844dc57e2f534561c4e46d6d4d17a5","name":"Hong Tuy","image":{"@type":"ImageObject","inLanguage":"vi","@id":"https:\/\/shinee.azdigi.shop\/#\/schema\/person\/image\/","url":"https:\/\/shinee.azdigi.shop\/wp-content\/uploads\/2026\/02\/z7517737342045_cb6c96e3731c5955a4f972a435896434.jpg","contentUrl":"https:\/\/shinee.azdigi.shop\/wp-content\/uploads\/2026\/02\/z7517737342045_cb6c96e3731c5955a4f972a435896434.jpg","width":759,"height":445,"caption":"Hong Tuy"},"logo":{"@id":"https:\/\/shinee.azdigi.shop\/#\/schema\/person\/image\/"},"sameAs":["https:\/\/shinee.azdigi.shop"]}]}},"jetpack_sharing_enabled":true,"_links":{"self":[{"href":"https:\/\/shinee.azdigi.shop\/index.php?rest_route=\/wp\/v2\/product\/691","targetHints":{"allow":["GET"]}}],"collection":[{"href":"https:\/\/shinee.azdigi.shop\/index.php?rest_route=\/wp\/v2\/product"}],"about":[{"href":"https:\/\/shinee.azdigi.shop\/index.php?rest_route=\/wp\/v2\/types\/product"}],"replies":[{"embeddable":true,"href":"https:\/\/shinee.azdigi.shop\/index.php?rest_route=%2Fwp%2Fv2%2Fcomments&post=691"}],"wp:featuredmedia":[{"embeddable":true,"href":"https:\/\/shinee.azdigi.shop\/index.php?rest_route=\/wp\/v2\/media\/560"}],"wp:attachment":[{"href":"https:\/\/shinee.azdigi.shop\/index.php?rest_route=%2Fwp%2Fv2%2Fmedia&parent=691"}],"wp:term":[{"taxonomy":"product_brand","embeddable":true,"href":"https:\/\/shinee.azdigi.shop\/index.php?rest_route=%2Fwp%2Fv2%2Fproduct_brand&post=691"},{"taxonomy":"product_cat","embeddable":true,"href":"https:\/\/shinee.azdigi.shop\/index.php?rest_route=%2Fwp%2Fv2%2Fproduct_cat&post=691"},{"taxonomy":"product_tag","embeddable":true,"href":"https:\/\/shinee.azdigi.shop\/index.php?rest_route=%2Fwp%2Fv2%2Fproduct_tag&post=691"}],"curies":[{"name":"wp","href":"https:\/\/api.w.org\/{rel}","templated":true}]}}