{"id":702,"date":"2026-04-12T05:47:14","date_gmt":"2026-04-12T05:47:14","guid":{"rendered":"https:\/\/shinee.azdigi.shop\/?post_type=product&#038;p=702"},"modified":"2026-04-12T05:47:15","modified_gmt":"2026-04-12T05:47:15","slug":"nhan-nu-vang-tay","status":"publish","type":"product","link":"https:\/\/shinee.azdigi.shop\/?product=nhan-nu-vang-tay","title":{"rendered":"Nh\u1eabn N\u1eef V\u00e0ng T\u00e2y"},"content":{"rendered":"<h1 data-path-to-node=\"3\">Nh\u1eabn N\u1eef V\u00e0ng T\u00e2y \u0110\u00ednh \u0110\u00e1 NNU32 &#8211; V\u1ebb \u0110\u1eb9p Quy\u1ec1n Qu\u00fd<\/h1>\n<p data-path-to-node=\"4\">B\u1ea1n mu\u1ed1n kh\u1eb3ng \u0111\u1ecbnh \u0111\u1eb3ng c\u1ea5p c\u00e1 nh\u00e2n? <b data-path-to-node=\"4\" data-index-in-node=\"38\">Nh\u1eabn n\u1eef v\u00e0ng t\u00e2y \u0111\u00ednh \u0111\u00e1 NNU32<\/b> l\u00e0 l\u1ef1a ch\u1ecdn tuy\u1ec7t v\u1eddi. M\u1eabu trang s\u1ee9c n\u00e0y mang \u0111\u1ebfn v\u1ebb \u0111\u1eb9p qu\u00fd ph\u00e1i cho m\u1ecdi qu\u00fd c\u00f4.<\/p>\n<h2 data-path-to-node=\"5\">1. Thi\u1ebft k\u1ebf \u0111\u1ed9t ph\u00e1 v\u00e0 tinh t\u1ebf<\/h2>\n<p data-path-to-node=\"6\">NNU32 g\u00e2y \u1ea5n t\u01b0\u1ee3ng m\u1ea1nh nh\u1edd ph\u1ea7n \u0111ai nh\u1eabn \u0111a t\u1ea7ng. C\u00e1c d\u1ea3i v\u00e0ng tr\u01a1n xen k\u1ebd v\u1edbi d\u1ea3i \u0111\u00ednh \u0111\u00e1 t\u1ea5m l\u1ea5p l\u00e1nh. Thi\u1ebft k\u1ebf n\u00e0y t\u1ea1o hi\u1ec7u \u1ee9ng b\u1eaft s\u00e1ng c\u1ef1c t\u1ed1t t\u1eeb m\u1ecdi g\u00f3c nh\u00ecn.<\/p>\n<ul data-path-to-node=\"7\">\n<li>\n<p data-path-to-node=\"7,0,0\"><b data-path-to-node=\"7,0,0\" data-index-in-node=\"0\">Ch\u1ea5t li\u1ec7u:<\/b> V\u00e0ng t\u00e2y cao c\u1ea5p, lu\u00f4n s\u00e1ng b\u00f3ng theo th\u1eddi gian.<\/p>\n<\/li>\n<li>\n<p data-path-to-node=\"7,1,0\"><b data-path-to-node=\"7,1,0\" data-index-in-node=\"0\">\u0110i\u1ec3m nh\u1ea5n:<\/b> Vi\u00ean \u0111\u00e1 ch\u1ee7 l\u1edbn \u0111\u01b0\u1ee3c gi\u1eef b\u1edfi 4 ch\u1ea5u ch\u1eafc ch\u1eafn.<\/p>\n<\/li>\n<\/ul>\n<h2 data-path-to-node=\"8\">2. \u00dd ngh\u0129a c\u1ee7a m\u1eabu nh\u1eabn b\u1ea3n to<\/h2>\n<p data-path-to-node=\"9\">Nh\u1eabn b\u1ea3n to nh\u01b0 NNU32 \u0111\u1ea1i di\u1ec7n cho s\u1ef1 t\u1ef1 tin. \u0110\u00e2y l\u00e0 m\u00f3n qu\u00e0 \u00fd ngh\u0129a cho c\u00e1c d\u1ecbp \u0111\u1eb7c bi\u1ec7t. B\u1ea1n c\u00f3 th\u1ec3 t\u1eb7ng v\u00e0o ng\u00e0y k\u1ef7 ni\u1ec7m ho\u1eb7c sinh nh\u1eadt. \u0110\u00e2y c\u0169ng l\u00e0 c\u00e1ch tuy\u1ec7t v\u1eddi \u0111\u1ec3 t\u1ef1 th\u01b0\u1edfng cho b\u1ea3n th\u00e2n.<\/p>\n<h2 data-path-to-node=\"10\">3. C\u00e1ch ph\u1ed1i \u0111\u1ed3 c\u00f9ng nh\u1eabn NNU32<\/h2>\n<p data-path-to-node=\"11\">M\u1eabu nh\u1eabn n\u00e0y r\u1ea5t d\u1ec5 k\u1ebft h\u1ee3p trang ph\u1ee5c:<\/p>\n<ul data-path-to-node=\"12\">\n<li>\n<p data-path-to-node=\"12,0,0\"><b data-path-to-node=\"12,0,0\" data-index-in-node=\"0\">V\u00e1y d\u1ea1 h\u1ed9i:<\/b> T\u1ea1o \u0111i\u1ec3m nh\u1ea5n l\u1ed9ng l\u1eaby trong c\u00e1c b\u1eefa ti\u1ec7c.<\/p>\n<\/li>\n<li>\n<p data-path-to-node=\"12,1,0\"><b data-path-to-node=\"12,1,0\" data-index-in-node=\"0\">Trang ph\u1ee5c c\u00f4ng s\u1edf:<\/b> T\u00f4n l\u00ean s\u1ef1 thanh l\u1ecbch v\u00e0 chuy\u00ean nghi\u1ec7p.<\/p>\n<\/li>\n<li>\n<p data-path-to-node=\"12,2,0\"><b data-path-to-node=\"12,2,0\" data-index-in-node=\"0\">Ph\u1ed1i set \u0111\u1ed3:<\/b> N\u00ean k\u1ebft h\u1ee3p c\u00f9ng v\u00f2ng tay v\u00e0ng \u0111\u1ec3 t\u0103ng s\u1ef1 \u0111\u1ed3ng b\u1ed9.<\/p>\n<\/li>\n<\/ul>\n<h2 data-path-to-node=\"13\">4. Cam k\u1ebft ch\u1ea5t l\u01b0\u1ee3ng t\u1eeb c\u1eeda h\u00e0ng<\/h2>\n<p data-path-to-node=\"14\">Ch\u00fang t\u00f4i cam k\u1ebft mang \u0111\u1ebfn s\u1ea3n ph\u1ea9m t\u1ed1t nh\u1ea5t cho b\u1ea1n:<\/p>\n<ul data-path-to-node=\"15\">\n<li>\n<p data-path-to-node=\"15,0,0\">B\u1ea3o h\u00e0nh l\u00e0m s\u00e1ng v\u00e0 g\u1eafn \u0111\u00e1 tr\u1ecdn \u0111\u1eddi.<\/p>\n<\/li>\n<li>\n<p data-path-to-node=\"15,1,0\">Gi\u1ea5y t\u1edd ki\u1ec3m \u0111\u1ecbnh ch\u1ea5t l\u01b0\u1ee3ng v\u00e0ng r\u00f5 r\u00e0ng.<\/p>\n<\/li>\n<li>\n<p data-path-to-node=\"15,2,0\">H\u1ed7 tr\u1ee3 \u0111o size tay mi\u1ec5n ph\u00ed t\u1ea1i c\u1eeda h\u00e0ng.<\/p>\n<\/li>\n<\/ul>\n","protected":false},"excerpt":{"rendered":"<p>Nh\u1eabn N\u1eef V\u00e0ng T\u00e2y \u0110\u00ednh \u0110\u00e1 NNU32 &#8211; V\u1ebb \u0110\u1eb9p Quy\u1ec1n Qu\u00fd B\u1ea1n mu\u1ed1n kh\u1eb3ng \u0111\u1ecbnh \u0111\u1eb3ng c\u1ea5p c\u00e1 nh\u00e2n? Nh\u1eabn n\u1eef v\u00e0ng t\u00e2y \u0111\u00ednh \u0111\u00e1 NNU32 l\u00e0 l\u1ef1a ch\u1ecdn tuy\u1ec7t v\u1eddi. M\u1eabu trang s\u1ee9c n\u00e0y mang \u0111\u1ebfn v\u1ebb \u0111\u1eb9p qu\u00fd ph\u00e1i cho m\u1ecdi qu\u00fd c\u00f4. 1. Thi\u1ebft k\u1ebf \u0111\u1ed9t ph\u00e1 v\u00e0 tinh t\u1ebf NNU32 [&#8230;]\n","protected":false},"featured_media":703,"comment_status":"open","ping_status":"closed","template":"","meta":[],"product_brand":[],"product_cat":[19],"product_tag":[],"class_list":{"0":"post-702","1":"product","2":"type-product","3":"status-publish","4":"has-post-thumbnail","6":"product_cat-chua-phan-loai","8":"first","9":"instock","10":"shipping-taxable","11":"purchasable","12":"product-type-variable"},"yoast_head":"<!-- This site is optimized with the Yoast SEO plugin v26.9 - https:\/\/yoast.com\/product\/yoast-seo-wordpress\/ -->\n<title>Nh\u1eabn N\u1eef V\u00e0ng T\u00e2y - Blink Jewelry<\/title>\n<meta name=\"description\" content=\"Kh\u00e1m ph\u00e1 m\u1eabu nh\u1eabn n\u1eef v\u00e0ng t\u00e2y \u0111\u00ednh kim c\u01b0\u01a1ng NNU32 v\u1edbi thi\u1ebft k\u1ebf b\u1ea3n to sang tr\u1ecdng. Ch\u1ea5t li\u1ec7u v\u00e0ng cao c\u1ea5p, \u0111\u00ednh \u0111\u00e1 tinh x\u1ea3o, gi\u00e1 t\u1ed1t nh\u1ea5t h\u00f4m nay!\" \/>\n<meta name=\"robots\" content=\"index, follow, max-snippet:-1, max-image-preview:large, max-video-preview:-1\" \/>\n<link rel=\"canonical\" href=\"https:\/\/shinee.azdigi.shop\/?product=nhan-nu-vang-tay\" \/>\n<meta property=\"og:locale\" content=\"vi_VN\" \/>\n<meta property=\"og:type\" content=\"article\" \/>\n<meta property=\"og:title\" content=\"Nh\u1eabn N\u1eef V\u00e0ng T\u00e2y - Blink Jewelry\" \/>\n<meta property=\"og:description\" content=\"Kh\u00e1m ph\u00e1 m\u1eabu nh\u1eabn n\u1eef v\u00e0ng t\u00e2y \u0111\u00ednh kim c\u01b0\u01a1ng NNU32 v\u1edbi thi\u1ebft k\u1ebf b\u1ea3n to sang tr\u1ecdng. Ch\u1ea5t li\u1ec7u v\u00e0ng cao c\u1ea5p, \u0111\u00ednh \u0111\u00e1 tinh x\u1ea3o, gi\u00e1 t\u1ed1t nh\u1ea5t h\u00f4m nay!\" \/>\n<meta property=\"og:url\" content=\"https:\/\/shinee.azdigi.shop\/?product=nhan-nu-vang-tay\" \/>\n<meta property=\"og:site_name\" content=\"Blink Jewelry\" \/>\n<meta property=\"article:modified_time\" content=\"2026-04-12T05:47:15+00:00\" \/>\n<meta property=\"og:image\" content=\"https:\/\/shinee.azdigi.shop\/wp-content\/uploads\/2026\/04\/NNU32-2.jpg\" \/>\n\t<meta property=\"og:image:width\" content=\"1200\" \/>\n\t<meta property=\"og:image:height\" content=\"1200\" \/>\n\t<meta property=\"og:image:type\" content=\"image\/jpeg\" \/>\n<meta name=\"twitter:card\" content=\"summary_large_image\" \/>\n<meta name=\"twitter:label1\" content=\"\u01af\u1edbc t\u00ednh th\u1eddi gian \u0111\u1ecdc\" \/>\n\t<meta name=\"twitter:data1\" content=\"2 ph\u00fat\" \/>\n<script type=\"application\/ld+json\" class=\"yoast-schema-graph\">{\"@context\":\"https:\/\/schema.org\",\"@graph\":[{\"@type\":\"WebPage\",\"@id\":\"https:\/\/shinee.azdigi.shop\/?product=nhan-nu-vang-tay\",\"url\":\"https:\/\/shinee.azdigi.shop\/?product=nhan-nu-vang-tay\",\"name\":\"Nh\u1eabn N\u1eef V\u00e0ng T\u00e2y - Blink Jewelry\",\"isPartOf\":{\"@id\":\"https:\/\/shinee.azdigi.shop\/#website\"},\"primaryImageOfPage\":{\"@id\":\"https:\/\/shinee.azdigi.shop\/?product=nhan-nu-vang-tay#primaryimage\"},\"image\":{\"@id\":\"https:\/\/shinee.azdigi.shop\/?product=nhan-nu-vang-tay#primaryimage\"},\"thumbnailUrl\":\"https:\/\/shinee.azdigi.shop\/wp-content\/uploads\/2026\/04\/NNU32-2.jpg\",\"datePublished\":\"2026-04-12T05:47:14+00:00\",\"dateModified\":\"2026-04-12T05:47:15+00:00\",\"description\":\"Kh\u00e1m ph\u00e1 m\u1eabu nh\u1eabn n\u1eef v\u00e0ng t\u00e2y \u0111\u00ednh kim c\u01b0\u01a1ng NNU32 v\u1edbi thi\u1ebft k\u1ebf b\u1ea3n to sang tr\u1ecdng. Ch\u1ea5t li\u1ec7u v\u00e0ng cao c\u1ea5p, \u0111\u00ednh \u0111\u00e1 tinh x\u1ea3o, gi\u00e1 t\u1ed1t nh\u1ea5t h\u00f4m nay!\",\"breadcrumb\":{\"@id\":\"https:\/\/shinee.azdigi.shop\/?product=nhan-nu-vang-tay#breadcrumb\"},\"inLanguage\":\"vi\",\"potentialAction\":[{\"@type\":\"ReadAction\",\"target\":[\"https:\/\/shinee.azdigi.shop\/?product=nhan-nu-vang-tay\"]}]},{\"@type\":\"ImageObject\",\"inLanguage\":\"vi\",\"@id\":\"https:\/\/shinee.azdigi.shop\/?product=nhan-nu-vang-tay#primaryimage\",\"url\":\"https:\/\/shinee.azdigi.shop\/wp-content\/uploads\/2026\/04\/NNU32-2.jpg\",\"contentUrl\":\"https:\/\/shinee.azdigi.shop\/wp-content\/uploads\/2026\/04\/NNU32-2.jpg\",\"width\":1200,\"height\":1200},{\"@type\":\"BreadcrumbList\",\"@id\":\"https:\/\/shinee.azdigi.shop\/?product=nhan-nu-vang-tay#breadcrumb\",\"itemListElement\":[{\"@type\":\"ListItem\",\"position\":1,\"name\":\"Trang ch\u1ee7\",\"item\":\"https:\/\/shinee.azdigi.shop\/\"},{\"@type\":\"ListItem\",\"position\":2,\"name\":\"C\u1eeda h\u00e0ng\",\"item\":\"https:\/\/shinee.azdigi.shop\/?page_id=295\"},{\"@type\":\"ListItem\",\"position\":3,\"name\":\"Nh\u1eabn N\u1eef V\u00e0ng T\u00e2y\"}]},{\"@type\":\"WebSite\",\"@id\":\"https:\/\/shinee.azdigi.shop\/#website\",\"url\":\"https:\/\/shinee.azdigi.shop\/\",\"name\":\"Blink Jewelry\",\"description\":\"\",\"publisher\":{\"@id\":\"https:\/\/shinee.azdigi.shop\/#\/schema\/person\/7b844dc57e2f534561c4e46d6d4d17a5\"},\"potentialAction\":[{\"@type\":\"SearchAction\",\"target\":{\"@type\":\"EntryPoint\",\"urlTemplate\":\"https:\/\/shinee.azdigi.shop\/?s={search_term_string}\"},\"query-input\":{\"@type\":\"PropertyValueSpecification\",\"valueRequired\":true,\"valueName\":\"search_term_string\"}}],\"inLanguage\":\"vi\"},{\"@type\":[\"Person\",\"Organization\"],\"@id\":\"https:\/\/shinee.azdigi.shop\/#\/schema\/person\/7b844dc57e2f534561c4e46d6d4d17a5\",\"name\":\"Hong Tuy\",\"image\":{\"@type\":\"ImageObject\",\"inLanguage\":\"vi\",\"@id\":\"https:\/\/shinee.azdigi.shop\/#\/schema\/person\/image\/\",\"url\":\"https:\/\/shinee.azdigi.shop\/wp-content\/uploads\/2026\/02\/z7517737342045_cb6c96e3731c5955a4f972a435896434.jpg\",\"contentUrl\":\"https:\/\/shinee.azdigi.shop\/wp-content\/uploads\/2026\/02\/z7517737342045_cb6c96e3731c5955a4f972a435896434.jpg\",\"width\":759,\"height\":445,\"caption\":\"Hong Tuy\"},\"logo\":{\"@id\":\"https:\/\/shinee.azdigi.shop\/#\/schema\/person\/image\/\"},\"sameAs\":[\"https:\/\/shinee.azdigi.shop\"]}]}<\/script>\n<!-- \/ Yoast SEO plugin. -->","yoast_head_json":{"title":"Nh\u1eabn N\u1eef V\u00e0ng T\u00e2y - Blink Jewelry","description":"Kh\u00e1m ph\u00e1 m\u1eabu nh\u1eabn n\u1eef v\u00e0ng t\u00e2y \u0111\u00ednh kim c\u01b0\u01a1ng NNU32 v\u1edbi thi\u1ebft k\u1ebf b\u1ea3n to sang tr\u1ecdng. Ch\u1ea5t li\u1ec7u v\u00e0ng cao c\u1ea5p, \u0111\u00ednh \u0111\u00e1 tinh x\u1ea3o, gi\u00e1 t\u1ed1t nh\u1ea5t h\u00f4m nay!","robots":{"index":"index","follow":"follow","max-snippet":"max-snippet:-1","max-image-preview":"max-image-preview:large","max-video-preview":"max-video-preview:-1"},"canonical":"https:\/\/shinee.azdigi.shop\/?product=nhan-nu-vang-tay","og_locale":"vi_VN","og_type":"article","og_title":"Nh\u1eabn N\u1eef V\u00e0ng T\u00e2y - Blink Jewelry","og_description":"Kh\u00e1m ph\u00e1 m\u1eabu nh\u1eabn n\u1eef v\u00e0ng t\u00e2y \u0111\u00ednh kim c\u01b0\u01a1ng NNU32 v\u1edbi thi\u1ebft k\u1ebf b\u1ea3n to sang tr\u1ecdng. Ch\u1ea5t li\u1ec7u v\u00e0ng cao c\u1ea5p, \u0111\u00ednh \u0111\u00e1 tinh x\u1ea3o, gi\u00e1 t\u1ed1t nh\u1ea5t h\u00f4m nay!","og_url":"https:\/\/shinee.azdigi.shop\/?product=nhan-nu-vang-tay","og_site_name":"Blink Jewelry","article_modified_time":"2026-04-12T05:47:15+00:00","og_image":[{"width":1200,"height":1200,"url":"https:\/\/shinee.azdigi.shop\/wp-content\/uploads\/2026\/04\/NNU32-2.jpg","type":"image\/jpeg"}],"twitter_card":"summary_large_image","twitter_misc":{"\u01af\u1edbc t\u00ednh th\u1eddi gian \u0111\u1ecdc":"2 ph\u00fat"},"schema":{"@context":"https:\/\/schema.org","@graph":[{"@type":"WebPage","@id":"https:\/\/shinee.azdigi.shop\/?product=nhan-nu-vang-tay","url":"https:\/\/shinee.azdigi.shop\/?product=nhan-nu-vang-tay","name":"Nh\u1eabn N\u1eef V\u00e0ng T\u00e2y - Blink Jewelry","isPartOf":{"@id":"https:\/\/shinee.azdigi.shop\/#website"},"primaryImageOfPage":{"@id":"https:\/\/shinee.azdigi.shop\/?product=nhan-nu-vang-tay#primaryimage"},"image":{"@id":"https:\/\/shinee.azdigi.shop\/?product=nhan-nu-vang-tay#primaryimage"},"thumbnailUrl":"https:\/\/shinee.azdigi.shop\/wp-content\/uploads\/2026\/04\/NNU32-2.jpg","datePublished":"2026-04-12T05:47:14+00:00","dateModified":"2026-04-12T05:47:15+00:00","description":"Kh\u00e1m ph\u00e1 m\u1eabu nh\u1eabn n\u1eef v\u00e0ng t\u00e2y \u0111\u00ednh kim c\u01b0\u01a1ng NNU32 v\u1edbi thi\u1ebft k\u1ebf b\u1ea3n to sang tr\u1ecdng. Ch\u1ea5t li\u1ec7u v\u00e0ng cao c\u1ea5p, \u0111\u00ednh \u0111\u00e1 tinh x\u1ea3o, gi\u00e1 t\u1ed1t nh\u1ea5t h\u00f4m nay!","breadcrumb":{"@id":"https:\/\/shinee.azdigi.shop\/?product=nhan-nu-vang-tay#breadcrumb"},"inLanguage":"vi","potentialAction":[{"@type":"ReadAction","target":["https:\/\/shinee.azdigi.shop\/?product=nhan-nu-vang-tay"]}]},{"@type":"ImageObject","inLanguage":"vi","@id":"https:\/\/shinee.azdigi.shop\/?product=nhan-nu-vang-tay#primaryimage","url":"https:\/\/shinee.azdigi.shop\/wp-content\/uploads\/2026\/04\/NNU32-2.jpg","contentUrl":"https:\/\/shinee.azdigi.shop\/wp-content\/uploads\/2026\/04\/NNU32-2.jpg","width":1200,"height":1200},{"@type":"BreadcrumbList","@id":"https:\/\/shinee.azdigi.shop\/?product=nhan-nu-vang-tay#breadcrumb","itemListElement":[{"@type":"ListItem","position":1,"name":"Trang ch\u1ee7","item":"https:\/\/shinee.azdigi.shop\/"},{"@type":"ListItem","position":2,"name":"C\u1eeda h\u00e0ng","item":"https:\/\/shinee.azdigi.shop\/?page_id=295"},{"@type":"ListItem","position":3,"name":"Nh\u1eabn N\u1eef V\u00e0ng T\u00e2y"}]},{"@type":"WebSite","@id":"https:\/\/shinee.azdigi.shop\/#website","url":"https:\/\/shinee.azdigi.shop\/","name":"Blink Jewelry","description":"","publisher":{"@id":"https:\/\/shinee.azdigi.shop\/#\/schema\/person\/7b844dc57e2f534561c4e46d6d4d17a5"},"potentialAction":[{"@type":"SearchAction","target":{"@type":"EntryPoint","urlTemplate":"https:\/\/shinee.azdigi.shop\/?s={search_term_string}"},"query-input":{"@type":"PropertyValueSpecification","valueRequired":true,"valueName":"search_term_string"}}],"inLanguage":"vi"},{"@type":["Person","Organization"],"@id":"https:\/\/shinee.azdigi.shop\/#\/schema\/person\/7b844dc57e2f534561c4e46d6d4d17a5","name":"Hong Tuy","image":{"@type":"ImageObject","inLanguage":"vi","@id":"https:\/\/shinee.azdigi.shop\/#\/schema\/person\/image\/","url":"https:\/\/shinee.azdigi.shop\/wp-content\/uploads\/2026\/02\/z7517737342045_cb6c96e3731c5955a4f972a435896434.jpg","contentUrl":"https:\/\/shinee.azdigi.shop\/wp-content\/uploads\/2026\/02\/z7517737342045_cb6c96e3731c5955a4f972a435896434.jpg","width":759,"height":445,"caption":"Hong Tuy"},"logo":{"@id":"https:\/\/shinee.azdigi.shop\/#\/schema\/person\/image\/"},"sameAs":["https:\/\/shinee.azdigi.shop"]}]}},"jetpack_sharing_enabled":true,"_links":{"self":[{"href":"https:\/\/shinee.azdigi.shop\/index.php?rest_route=\/wp\/v2\/product\/702","targetHints":{"allow":["GET"]}}],"collection":[{"href":"https:\/\/shinee.azdigi.shop\/index.php?rest_route=\/wp\/v2\/product"}],"about":[{"href":"https:\/\/shinee.azdigi.shop\/index.php?rest_route=\/wp\/v2\/types\/product"}],"replies":[{"embeddable":true,"href":"https:\/\/shinee.azdigi.shop\/index.php?rest_route=%2Fwp%2Fv2%2Fcomments&post=702"}],"wp:featuredmedia":[{"embeddable":true,"href":"https:\/\/shinee.azdigi.shop\/index.php?rest_route=\/wp\/v2\/media\/703"}],"wp:attachment":[{"href":"https:\/\/shinee.azdigi.shop\/index.php?rest_route=%2Fwp%2Fv2%2Fmedia&parent=702"}],"wp:term":[{"taxonomy":"product_brand","embeddable":true,"href":"https:\/\/shinee.azdigi.shop\/index.php?rest_route=%2Fwp%2Fv2%2Fproduct_brand&post=702"},{"taxonomy":"product_cat","embeddable":true,"href":"https:\/\/shinee.azdigi.shop\/index.php?rest_route=%2Fwp%2Fv2%2Fproduct_cat&post=702"},{"taxonomy":"product_tag","embeddable":true,"href":"https:\/\/shinee.azdigi.shop\/index.php?rest_route=%2Fwp%2Fv2%2Fproduct_tag&post=702"}],"curies":[{"name":"wp","href":"https:\/\/api.w.org\/{rel}","templated":true}]}}