{"id":709,"date":"2026-04-12T05:51:42","date_gmt":"2026-04-12T05:51:42","guid":{"rendered":"https:\/\/shinee.azdigi.shop\/?post_type=product&#038;p=709"},"modified":"2026-04-12T05:51:43","modified_gmt":"2026-04-12T05:51:43","slug":"vong-tay-da-tu-nhien","status":"publish","type":"product","link":"https:\/\/shinee.azdigi.shop\/?product=vong-tay-da-tu-nhien","title":{"rendered":"V\u00f2ng Tay \u0110\u00e1 T\u1ef1 Nhi\u00ean"},"content":{"rendered":"<p data-path-to-node=\"0\">V\u00f2ng Tay \u0110\u00e1 T\u1ef1 Nhi\u00ean Mix Charm B\u1ea1c &#8211; V\u1ebb \u0110\u1eb9p Thanh Khi\u1ebft<\/p>\n<p data-path-to-node=\"3\">B\u1ea1n \u0111ang t\u00ecm ki\u1ebfm m\u1ed9t m\u00f3n trang s\u1ee9c mang l\u1ea1i n\u0103ng l\u01b0\u1ee3ng t\u00edch c\u1ef1c? <b data-path-to-node=\"3\" data-index-in-node=\"66\">V\u00f2ng tay \u0111\u00e1 t\u1ef1 nhi\u00ean mix charm b\u1ea1c<\/b> ch\u00ednh l\u00e0 ph\u1ee5 ki\u1ec7n ho\u00e0n h\u1ea3o d\u00e0nh cho b\u1ea1n. S\u1ea3n ph\u1ea9m k\u1ebft h\u1ee3p h\u00e0i h\u00f2a gi\u1eefa n\u00e9t c\u1ed5 \u0111i\u1ec3n v\u00e0 hi\u1ec7n \u0111\u1ea1i.<\/p>\n<h2 data-path-to-node=\"4\">1. Ch\u1ea5t li\u1ec7u \u0111\u00e1 t\u1ef1 nhi\u00ean tinh x\u1ea3o<\/h2>\n<p data-path-to-node=\"5\">B\u1ed9 s\u01b0u t\u1eadp s\u1eed d\u1ee5ng c\u00e1c lo\u1ea1i \u0111\u00e1 phong th\u1ee7y ph\u1ed5 bi\u1ebfn. M\u1ed7i vi\u00ean \u0111\u00e1 \u0111\u1ec1u \u0111\u01b0\u1ee3c m\u00e0i \u0111a c\u1ea1nh t\u1ec9 m\u1ec9. \u0110i\u1ec1u n\u00e0y gi\u00fap v\u00f2ng tay b\u1eaft s\u00e1ng l\u1ea5p l\u00e1nh d\u01b0\u1edbi \u00e1nh n\u1eafng.<\/p>\n<ul data-path-to-node=\"6\">\n<li>\n<p data-path-to-node=\"6,0,0\"><b data-path-to-node=\"6,0,0\" data-index-in-node=\"0\">\u0110\u00e1 Th\u1ea1ch anh t\u00f3c:<\/b> Mang l\u1ea1i t\u00e0i l\u1ed9c v\u00e0 may m\u1eafn.<\/p>\n<\/li>\n<li>\n<p data-path-to-node=\"6,1,0\"><b data-path-to-node=\"6,1,0\" data-index-in-node=\"0\">\u0110\u00e1 Labradorite (X\u00e0 c\u1eeb):<\/b> T\u0103ng c\u01b0\u1eddng s\u1ef1 s\u00e1ng t\u1ea1o v\u00e0 tr\u1ef1c gi\u00e1c.<\/p>\n<\/li>\n<li>\n<p data-path-to-node=\"6,2,0\"><b data-path-to-node=\"6,2,0\" data-index-in-node=\"0\">Charm b\u1ea1c:<\/b> C\u00e1c h\u1ea1t b\u1ea1c nh\u1ecf gi\u00fap thi\u1ebft k\u1ebf th\u00eam ph\u1ea7n tr\u1ebb trung.<\/p>\n<\/li>\n<\/ul>\n<h2 data-path-to-node=\"7\">2. Thi\u1ebft k\u1ebf nh\u1eb9 nh\u00e0ng v\u00e0 n\u1eef t\u00ednh<\/h2>\n<p data-path-to-node=\"8\">M\u1eabu v\u00f2ng tay n\u00e0y c\u00f3 k\u00edch th\u01b0\u1edbc h\u1ea1t \u0111\u00e1 nh\u1ecf nh\u1eafn. Thi\u1ebft k\u1ebf thanh m\u1ea3nh gi\u00fap t\u00f4n l\u00ean c\u1ed5 tay c\u1ee7a ph\u00e1i \u0111\u1eb9p. B\u1ea1n c\u00f3 th\u1ec3 \u0111eo \u0111\u01a1n chi\u1ebfc ho\u1eb7c ph\u1ed1i h\u1ee3p nhi\u1ec1u v\u00f2ng c\u00f9ng l\u00fac. Phong c\u00e1ch &#8220;stacking&#8221; n\u00e0y \u0111ang r\u1ea5t \u0111\u01b0\u1ee3c \u01b0a chu\u1ed9ng hi\u1ec7n nay.<\/p>\n<h2 data-path-to-node=\"9\">3. \u00dd ngh\u0129a phong th\u1ee7y s\u00e2u s\u1eafc<\/h2>\n<p data-path-to-node=\"10\">M\u1ed7i m\u00e0u s\u1eafc \u0111\u00e1 \u0111\u1ea1i di\u1ec7n cho m\u1ed9t b\u1ea3n m\u1ec7nh ri\u00eang.<\/p>\n<ul data-path-to-node=\"11\">\n<li>\n<p data-path-to-node=\"11,0,0\"><b data-path-to-node=\"11,0,0\" data-index-in-node=\"0\">M\u00e0u v\u00e0ng\/n\u00e2u:<\/b> Ph\u00f9 h\u1ee3p v\u1edbi ng\u01b0\u1eddi m\u1ec7nh Kim v\u00e0 Th\u1ed5.<\/p>\n<\/li>\n<li>\n<p data-path-to-node=\"11,1,0\"><b data-path-to-node=\"11,1,0\" data-index-in-node=\"0\">M\u00e0u xanh\/x\u00e1m:<\/b> L\u1ef1a ch\u1ecdn t\u1ed1t cho ng\u01b0\u1eddi m\u1ec7nh Th\u1ee7y v\u00e0 M\u1ed9c.<\/p>\n<\/li>\n<li>\n<p data-path-to-node=\"11,2,0\"><b data-path-to-node=\"11,2,0\" data-index-in-node=\"0\">M\u00e0u h\u1ed3ng\/\u0111\u1ecf:<\/b> Mang l\u1ea1i n\u0103ng l\u01b0\u1ee3ng cho ng\u01b0\u1eddi m\u1ec7nh H\u1ecfa.<\/p>\n<\/li>\n<\/ul>\n<h2 data-path-to-node=\"12\">4. T\u1ea1i sao b\u1ea1n n\u00ean s\u1edf h\u1eefu m\u1eabu v\u00f2ng n\u00e0y?<\/h2>\n<p data-path-to-node=\"13\">S\u1ea3n ph\u1ea9m kh\u00f4ng ch\u1ec9 l\u00e0 m\u00f3n \u0111\u1ed3 trang s\u1ee9c \u0111\u01a1n thu\u1ea7n. N\u00f3 c\u00f2n l\u00e0 bi\u1ec3u t\u01b0\u1ee3ng c\u1ee7a s\u1ef1 b\u00ecnh an v\u00e0 c\u00e2n b\u1eb1ng cu\u1ed9c s\u1ed1ng.<\/p>\n<ul data-path-to-node=\"14\">\n<li>\n<p data-path-to-node=\"14,0,0\"><b data-path-to-node=\"14,0,0\" data-index-in-node=\"0\">D\u1ec5 ph\u1ed1i \u0111\u1ed3:<\/b> Ph\u00f9 h\u1ee3p t\u1eeb trang ph\u1ee5c d\u1ea1o ph\u1ed1 \u0111\u1ebfn v\u00e1y \u0111\u1ea7m nh\u1eb9 nh\u00e0ng.<\/p>\n<\/li>\n<li>\n<p data-path-to-node=\"14,1,0\"><b data-path-to-node=\"14,1,0\" data-index-in-node=\"0\">Qu\u00e0 t\u1eb7ng \u00fd ngh\u0129a:<\/b> L\u00e0 l\u1ef1a ch\u1ecdn tuy\u1ec7t v\u1eddi cho b\u1ea1n b\u00e8 v\u00e0 ng\u01b0\u1eddi th\u00e2n.<\/p>\n<\/li>\n<li>\n<p data-path-to-node=\"14,2,0\"><b data-path-to-node=\"14,2,0\" data-index-in-node=\"0\">Ch\u1ea5t l\u01b0\u1ee3ng \u0111\u1ea3m b\u1ea3o:<\/b> \u0110\u00e1 t\u1ef1 nhi\u00ean 100%, kh\u00f4ng g\u00e2y k\u00edch \u1ee9ng da.<\/p>\n<\/li>\n<\/ul>\n","protected":false},"excerpt":{"rendered":"<p>V\u00f2ng Tay \u0110\u00e1 T\u1ef1 Nhi\u00ean Mix Charm B\u1ea1c &#8211; V\u1ebb \u0110\u1eb9p Thanh Khi\u1ebft B\u1ea1n \u0111ang t\u00ecm ki\u1ebfm m\u1ed9t m\u00f3n trang s\u1ee9c mang l\u1ea1i n\u0103ng l\u01b0\u1ee3ng t\u00edch c\u1ef1c? V\u00f2ng tay \u0111\u00e1 t\u1ef1 nhi\u00ean mix charm b\u1ea1c ch\u00ednh l\u00e0 ph\u1ee5 ki\u1ec7n ho\u00e0n h\u1ea3o d\u00e0nh cho b\u1ea1n. S\u1ea3n ph\u1ea9m k\u1ebft h\u1ee3p h\u00e0i h\u00f2a gi\u1eefa n\u00e9t c\u1ed5 \u0111i\u1ec3n v\u00e0 [&#8230;]\n","protected":false},"featured_media":710,"comment_status":"open","ping_status":"closed","template":"","meta":[],"product_brand":[],"product_cat":[32],"product_tag":[],"class_list":{"0":"post-709","1":"product","2":"type-product","3":"status-publish","4":"has-post-thumbnail","6":"product_cat-lac-tay","8":"first","9":"instock","10":"shipping-taxable","11":"purchasable","12":"product-type-variable"},"yoast_head":"<!-- This site is optimized with the Yoast SEO plugin v26.9 - https:\/\/yoast.com\/product\/yoast-seo-wordpress\/ -->\n<title>V\u00f2ng Tay \u0110\u00e1 T\u1ef1 Nhi\u00ean - Blink Jewelry<\/title>\n<meta name=\"description\" content=\"Mua ngay v\u00f2ng tay \u0111\u00e1 t\u1ef1 nhi\u00ean mix charm b\u1ea1c thanh l\u1ecbch. Thi\u1ebft k\u1ebf \u0111\u00e1 phong th\u1ee7y \u0111a d\u1ea1ng, gi\u00fap mang l\u1ea1i may m\u1eafn v\u00e0 b\u00ecnh an. Giao h\u00e0ng to\u00e0n qu\u1ed1c!\" \/>\n<meta name=\"robots\" content=\"index, follow, max-snippet:-1, max-image-preview:large, max-video-preview:-1\" \/>\n<link rel=\"canonical\" href=\"https:\/\/shinee.azdigi.shop\/?product=vong-tay-da-tu-nhien\" \/>\n<meta property=\"og:locale\" content=\"vi_VN\" \/>\n<meta property=\"og:type\" content=\"article\" \/>\n<meta property=\"og:title\" content=\"V\u00f2ng Tay \u0110\u00e1 T\u1ef1 Nhi\u00ean - Blink Jewelry\" \/>\n<meta property=\"og:description\" content=\"Mua ngay v\u00f2ng tay \u0111\u00e1 t\u1ef1 nhi\u00ean mix charm b\u1ea1c thanh l\u1ecbch. Thi\u1ebft k\u1ebf \u0111\u00e1 phong th\u1ee7y \u0111a d\u1ea1ng, gi\u00fap mang l\u1ea1i may m\u1eafn v\u00e0 b\u00ecnh an. Giao h\u00e0ng to\u00e0n qu\u1ed1c!\" \/>\n<meta property=\"og:url\" content=\"https:\/\/shinee.azdigi.shop\/?product=vong-tay-da-tu-nhien\" \/>\n<meta property=\"og:site_name\" content=\"Blink Jewelry\" \/>\n<meta property=\"article:modified_time\" content=\"2026-04-12T05:51:43+00:00\" \/>\n<meta property=\"og:image\" content=\"https:\/\/shinee.azdigi.shop\/wp-content\/uploads\/2026\/04\/20250106_O9HYrDO1l5.jpeg\" \/>\n\t<meta property=\"og:image:width\" content=\"1847\" \/>\n\t<meta property=\"og:image:height\" content=\"1847\" \/>\n\t<meta property=\"og:image:type\" content=\"image\/jpeg\" \/>\n<meta name=\"twitter:card\" content=\"summary_large_image\" \/>\n<meta name=\"twitter:label1\" content=\"\u01af\u1edbc t\u00ednh th\u1eddi gian \u0111\u1ecdc\" \/>\n\t<meta name=\"twitter:data1\" content=\"2 ph\u00fat\" \/>\n<script type=\"application\/ld+json\" class=\"yoast-schema-graph\">{\"@context\":\"https:\/\/schema.org\",\"@graph\":[{\"@type\":\"WebPage\",\"@id\":\"https:\/\/shinee.azdigi.shop\/?product=vong-tay-da-tu-nhien\",\"url\":\"https:\/\/shinee.azdigi.shop\/?product=vong-tay-da-tu-nhien\",\"name\":\"V\u00f2ng Tay \u0110\u00e1 T\u1ef1 Nhi\u00ean - Blink Jewelry\",\"isPartOf\":{\"@id\":\"https:\/\/shinee.azdigi.shop\/#website\"},\"primaryImageOfPage\":{\"@id\":\"https:\/\/shinee.azdigi.shop\/?product=vong-tay-da-tu-nhien#primaryimage\"},\"image\":{\"@id\":\"https:\/\/shinee.azdigi.shop\/?product=vong-tay-da-tu-nhien#primaryimage\"},\"thumbnailUrl\":\"https:\/\/shinee.azdigi.shop\/wp-content\/uploads\/2026\/04\/20250106_O9HYrDO1l5.jpeg\",\"datePublished\":\"2026-04-12T05:51:42+00:00\",\"dateModified\":\"2026-04-12T05:51:43+00:00\",\"description\":\"Mua ngay v\u00f2ng tay \u0111\u00e1 t\u1ef1 nhi\u00ean mix charm b\u1ea1c thanh l\u1ecbch. Thi\u1ebft k\u1ebf \u0111\u00e1 phong th\u1ee7y \u0111a d\u1ea1ng, gi\u00fap mang l\u1ea1i may m\u1eafn v\u00e0 b\u00ecnh an. Giao h\u00e0ng to\u00e0n qu\u1ed1c!\",\"breadcrumb\":{\"@id\":\"https:\/\/shinee.azdigi.shop\/?product=vong-tay-da-tu-nhien#breadcrumb\"},\"inLanguage\":\"vi\",\"potentialAction\":[{\"@type\":\"ReadAction\",\"target\":[\"https:\/\/shinee.azdigi.shop\/?product=vong-tay-da-tu-nhien\"]}]},{\"@type\":\"ImageObject\",\"inLanguage\":\"vi\",\"@id\":\"https:\/\/shinee.azdigi.shop\/?product=vong-tay-da-tu-nhien#primaryimage\",\"url\":\"https:\/\/shinee.azdigi.shop\/wp-content\/uploads\/2026\/04\/20250106_O9HYrDO1l5.jpeg\",\"contentUrl\":\"https:\/\/shinee.azdigi.shop\/wp-content\/uploads\/2026\/04\/20250106_O9HYrDO1l5.jpeg\",\"width\":1847,\"height\":1847},{\"@type\":\"BreadcrumbList\",\"@id\":\"https:\/\/shinee.azdigi.shop\/?product=vong-tay-da-tu-nhien#breadcrumb\",\"itemListElement\":[{\"@type\":\"ListItem\",\"position\":1,\"name\":\"Trang ch\u1ee7\",\"item\":\"https:\/\/shinee.azdigi.shop\/\"},{\"@type\":\"ListItem\",\"position\":2,\"name\":\"C\u1eeda h\u00e0ng\",\"item\":\"https:\/\/shinee.azdigi.shop\/?page_id=295\"},{\"@type\":\"ListItem\",\"position\":3,\"name\":\"V\u00f2ng Tay \u0110\u00e1 T\u1ef1 Nhi\u00ean\"}]},{\"@type\":\"WebSite\",\"@id\":\"https:\/\/shinee.azdigi.shop\/#website\",\"url\":\"https:\/\/shinee.azdigi.shop\/\",\"name\":\"Blink Jewelry\",\"description\":\"\",\"publisher\":{\"@id\":\"https:\/\/shinee.azdigi.shop\/#\/schema\/person\/7b844dc57e2f534561c4e46d6d4d17a5\"},\"potentialAction\":[{\"@type\":\"SearchAction\",\"target\":{\"@type\":\"EntryPoint\",\"urlTemplate\":\"https:\/\/shinee.azdigi.shop\/?s={search_term_string}\"},\"query-input\":{\"@type\":\"PropertyValueSpecification\",\"valueRequired\":true,\"valueName\":\"search_term_string\"}}],\"inLanguage\":\"vi\"},{\"@type\":[\"Person\",\"Organization\"],\"@id\":\"https:\/\/shinee.azdigi.shop\/#\/schema\/person\/7b844dc57e2f534561c4e46d6d4d17a5\",\"name\":\"Hong Tuy\",\"image\":{\"@type\":\"ImageObject\",\"inLanguage\":\"vi\",\"@id\":\"https:\/\/shinee.azdigi.shop\/#\/schema\/person\/image\/\",\"url\":\"https:\/\/shinee.azdigi.shop\/wp-content\/uploads\/2026\/02\/z7517737342045_cb6c96e3731c5955a4f972a435896434.jpg\",\"contentUrl\":\"https:\/\/shinee.azdigi.shop\/wp-content\/uploads\/2026\/02\/z7517737342045_cb6c96e3731c5955a4f972a435896434.jpg\",\"width\":759,\"height\":445,\"caption\":\"Hong Tuy\"},\"logo\":{\"@id\":\"https:\/\/shinee.azdigi.shop\/#\/schema\/person\/image\/\"},\"sameAs\":[\"https:\/\/shinee.azdigi.shop\"]}]}<\/script>\n<!-- \/ Yoast SEO plugin. -->","yoast_head_json":{"title":"V\u00f2ng Tay \u0110\u00e1 T\u1ef1 Nhi\u00ean - Blink Jewelry","description":"Mua ngay v\u00f2ng tay \u0111\u00e1 t\u1ef1 nhi\u00ean mix charm b\u1ea1c thanh l\u1ecbch. Thi\u1ebft k\u1ebf \u0111\u00e1 phong th\u1ee7y \u0111a d\u1ea1ng, gi\u00fap mang l\u1ea1i may m\u1eafn v\u00e0 b\u00ecnh an. Giao h\u00e0ng to\u00e0n qu\u1ed1c!","robots":{"index":"index","follow":"follow","max-snippet":"max-snippet:-1","max-image-preview":"max-image-preview:large","max-video-preview":"max-video-preview:-1"},"canonical":"https:\/\/shinee.azdigi.shop\/?product=vong-tay-da-tu-nhien","og_locale":"vi_VN","og_type":"article","og_title":"V\u00f2ng Tay \u0110\u00e1 T\u1ef1 Nhi\u00ean - Blink Jewelry","og_description":"Mua ngay v\u00f2ng tay \u0111\u00e1 t\u1ef1 nhi\u00ean mix charm b\u1ea1c thanh l\u1ecbch. Thi\u1ebft k\u1ebf \u0111\u00e1 phong th\u1ee7y \u0111a d\u1ea1ng, gi\u00fap mang l\u1ea1i may m\u1eafn v\u00e0 b\u00ecnh an. Giao h\u00e0ng to\u00e0n qu\u1ed1c!","og_url":"https:\/\/shinee.azdigi.shop\/?product=vong-tay-da-tu-nhien","og_site_name":"Blink Jewelry","article_modified_time":"2026-04-12T05:51:43+00:00","og_image":[{"width":1847,"height":1847,"url":"https:\/\/shinee.azdigi.shop\/wp-content\/uploads\/2026\/04\/20250106_O9HYrDO1l5.jpeg","type":"image\/jpeg"}],"twitter_card":"summary_large_image","twitter_misc":{"\u01af\u1edbc t\u00ednh th\u1eddi gian \u0111\u1ecdc":"2 ph\u00fat"},"schema":{"@context":"https:\/\/schema.org","@graph":[{"@type":"WebPage","@id":"https:\/\/shinee.azdigi.shop\/?product=vong-tay-da-tu-nhien","url":"https:\/\/shinee.azdigi.shop\/?product=vong-tay-da-tu-nhien","name":"V\u00f2ng Tay \u0110\u00e1 T\u1ef1 Nhi\u00ean - Blink Jewelry","isPartOf":{"@id":"https:\/\/shinee.azdigi.shop\/#website"},"primaryImageOfPage":{"@id":"https:\/\/shinee.azdigi.shop\/?product=vong-tay-da-tu-nhien#primaryimage"},"image":{"@id":"https:\/\/shinee.azdigi.shop\/?product=vong-tay-da-tu-nhien#primaryimage"},"thumbnailUrl":"https:\/\/shinee.azdigi.shop\/wp-content\/uploads\/2026\/04\/20250106_O9HYrDO1l5.jpeg","datePublished":"2026-04-12T05:51:42+00:00","dateModified":"2026-04-12T05:51:43+00:00","description":"Mua ngay v\u00f2ng tay \u0111\u00e1 t\u1ef1 nhi\u00ean mix charm b\u1ea1c thanh l\u1ecbch. Thi\u1ebft k\u1ebf \u0111\u00e1 phong th\u1ee7y \u0111a d\u1ea1ng, gi\u00fap mang l\u1ea1i may m\u1eafn v\u00e0 b\u00ecnh an. Giao h\u00e0ng to\u00e0n qu\u1ed1c!","breadcrumb":{"@id":"https:\/\/shinee.azdigi.shop\/?product=vong-tay-da-tu-nhien#breadcrumb"},"inLanguage":"vi","potentialAction":[{"@type":"ReadAction","target":["https:\/\/shinee.azdigi.shop\/?product=vong-tay-da-tu-nhien"]}]},{"@type":"ImageObject","inLanguage":"vi","@id":"https:\/\/shinee.azdigi.shop\/?product=vong-tay-da-tu-nhien#primaryimage","url":"https:\/\/shinee.azdigi.shop\/wp-content\/uploads\/2026\/04\/20250106_O9HYrDO1l5.jpeg","contentUrl":"https:\/\/shinee.azdigi.shop\/wp-content\/uploads\/2026\/04\/20250106_O9HYrDO1l5.jpeg","width":1847,"height":1847},{"@type":"BreadcrumbList","@id":"https:\/\/shinee.azdigi.shop\/?product=vong-tay-da-tu-nhien#breadcrumb","itemListElement":[{"@type":"ListItem","position":1,"name":"Trang ch\u1ee7","item":"https:\/\/shinee.azdigi.shop\/"},{"@type":"ListItem","position":2,"name":"C\u1eeda h\u00e0ng","item":"https:\/\/shinee.azdigi.shop\/?page_id=295"},{"@type":"ListItem","position":3,"name":"V\u00f2ng Tay \u0110\u00e1 T\u1ef1 Nhi\u00ean"}]},{"@type":"WebSite","@id":"https:\/\/shinee.azdigi.shop\/#website","url":"https:\/\/shinee.azdigi.shop\/","name":"Blink Jewelry","description":"","publisher":{"@id":"https:\/\/shinee.azdigi.shop\/#\/schema\/person\/7b844dc57e2f534561c4e46d6d4d17a5"},"potentialAction":[{"@type":"SearchAction","target":{"@type":"EntryPoint","urlTemplate":"https:\/\/shinee.azdigi.shop\/?s={search_term_string}"},"query-input":{"@type":"PropertyValueSpecification","valueRequired":true,"valueName":"search_term_string"}}],"inLanguage":"vi"},{"@type":["Person","Organization"],"@id":"https:\/\/shinee.azdigi.shop\/#\/schema\/person\/7b844dc57e2f534561c4e46d6d4d17a5","name":"Hong Tuy","image":{"@type":"ImageObject","inLanguage":"vi","@id":"https:\/\/shinee.azdigi.shop\/#\/schema\/person\/image\/","url":"https:\/\/shinee.azdigi.shop\/wp-content\/uploads\/2026\/02\/z7517737342045_cb6c96e3731c5955a4f972a435896434.jpg","contentUrl":"https:\/\/shinee.azdigi.shop\/wp-content\/uploads\/2026\/02\/z7517737342045_cb6c96e3731c5955a4f972a435896434.jpg","width":759,"height":445,"caption":"Hong Tuy"},"logo":{"@id":"https:\/\/shinee.azdigi.shop\/#\/schema\/person\/image\/"},"sameAs":["https:\/\/shinee.azdigi.shop"]}]}},"jetpack_sharing_enabled":true,"_links":{"self":[{"href":"https:\/\/shinee.azdigi.shop\/index.php?rest_route=\/wp\/v2\/product\/709","targetHints":{"allow":["GET"]}}],"collection":[{"href":"https:\/\/shinee.azdigi.shop\/index.php?rest_route=\/wp\/v2\/product"}],"about":[{"href":"https:\/\/shinee.azdigi.shop\/index.php?rest_route=\/wp\/v2\/types\/product"}],"replies":[{"embeddable":true,"href":"https:\/\/shinee.azdigi.shop\/index.php?rest_route=%2Fwp%2Fv2%2Fcomments&post=709"}],"wp:featuredmedia":[{"embeddable":true,"href":"https:\/\/shinee.azdigi.shop\/index.php?rest_route=\/wp\/v2\/media\/710"}],"wp:attachment":[{"href":"https:\/\/shinee.azdigi.shop\/index.php?rest_route=%2Fwp%2Fv2%2Fmedia&parent=709"}],"wp:term":[{"taxonomy":"product_brand","embeddable":true,"href":"https:\/\/shinee.azdigi.shop\/index.php?rest_route=%2Fwp%2Fv2%2Fproduct_brand&post=709"},{"taxonomy":"product_cat","embeddable":true,"href":"https:\/\/shinee.azdigi.shop\/index.php?rest_route=%2Fwp%2Fv2%2Fproduct_cat&post=709"},{"taxonomy":"product_tag","embeddable":true,"href":"https:\/\/shinee.azdigi.shop\/index.php?rest_route=%2Fwp%2Fv2%2Fproduct_tag&post=709"}],"curies":[{"name":"wp","href":"https:\/\/api.w.org\/{rel}","templated":true}]}}